{"id":99992,"date":"2024-11-20T17:57:10","date_gmt":"2024-11-20T17:57:10","guid":{"rendered":"https:\/\/content.bengalmeat.com\/?page_id=99992"},"modified":"2024-11-20T17:57:10","modified_gmt":"2024-11-20T17:57:10","slug":"polkadot-blockchain-architekturdiagramm-2024-2-8-6","status":"publish","type":"page","link":"https:\/\/bengalmeat.com\/content\/polkadot-blockchain-architekturdiagramm-2024-2-8-6\/","title":{"rendered":"Polkadot Blockchain Architekturdiagramm 2024 2.8.6"},"content":{"rendered":"<h2>Polkadot Blockchain Architekturdiagramm 2024 2.8.6<\/h2>\n<p>Dieses Dokument bietet einen umfassenden \u00dcberblick \u00fcber die Architektur des Polkadot-Blockchains. Es enth\u00e4lt detaillierte Diagramme und Erkl\u00e4rungen, die dabei helfen, das Funktionieren dieses Systems besser zu verstehen. <a href='https:\/\/downloadpage.com\/polkadot-blockchain-architekturdiagramm-20242.8.6.pdf'>Hier herunterladen<\/a><\/p>\n<p>Der Polkadot-Blockchain ist eine fortschrittliche Technologie, die eine sichere und skalierbare Umgebung f\u00fcr verschiedene Anwendungsf\u00e4lle bietet. Mit diesem Architekturdiagramm k\u00f6nnen Entwickler und Interessierte tiefer in die Struktur dieses Blockchain-Netzwerks eintauchen.<\/p>\n<p><img src='https:\/\/cryptologos.cc\/logos\/polkadot-new-dot-logo.png' alt='Polkadot-Logo'><\/p>\n","protected":false},"excerpt":{"rendered":"<p>Polkadot Blockchain Architekturdiagramm 2024 2.8.6 Dieses Dokument bietet einen umfassenden \u00dcberblick \u00fcber die Architektur des Polkadot-Blockchains. Es enth\u00e4lt detaillierte Diagramme und Erkl\u00e4rungen, die dabei helfen, das Funktionieren dieses Systems besser zu verstehen. Hier herunterladen Der Polkadot-Blockchain ist eine fortschrittliche Technologie, die eine sichere und skalierbare Umgebung f\u00fcr verschiedene Anwendungsf\u00e4lle bietet. Mit diesem Architekturdiagramm k\u00f6nnen Entwickler &hellip;<\/p>\n<p class=\"read-more\"> <a class=\"\" href=\"https:\/\/bengalmeat.com\/content\/polkadot-blockchain-architekturdiagramm-2024-2-8-6\/\"> <span class=\"screen-reader-text\">Polkadot Blockchain Architekturdiagramm 2024 2.8.6<\/span> Read More &raquo;<\/a><\/p>\n","protected":false},"author":1,"featured_media":0,"parent":0,"menu_order":0,"comment_status":"closed","ping_status":"closed","template":"","meta":{"site-sidebar-layout":"default","site-content-layout":"default","ast-main-header-display":"","ast-hfb-above-header-display":"","ast-hfb-below-header-display":"","ast-hfb-mobile-header-display":"","site-post-title":"","ast-breadcrumbs-content":"","ast-featured-img":"","footer-sml-layout":"","theme-transparent-header-meta":"","adv-header-id-meta":"","stick-header-meta":"","header-above-stick-meta":"","header-main-stick-meta":"","header-below-stick-meta":"","footnotes":""},"class_list":["post-99992","page","type-page","status-publish","hentry"],"_links":{"self":[{"href":"https:\/\/bengalmeat.com\/content\/wp-json\/wp\/v2\/pages\/99992","targetHints":{"allow":["GET"]}}],"collection":[{"href":"https:\/\/bengalmeat.com\/content\/wp-json\/wp\/v2\/pages"}],"about":[{"href":"https:\/\/bengalmeat.com\/content\/wp-json\/wp\/v2\/types\/page"}],"author":[{"embeddable":true,"href":"https:\/\/bengalmeat.com\/content\/wp-json\/wp\/v2\/users\/1"}],"replies":[{"embeddable":true,"href":"https:\/\/bengalmeat.com\/content\/wp-json\/wp\/v2\/comments?post=99992"}],"version-history":[{"count":1,"href":"https:\/\/bengalmeat.com\/content\/wp-json\/wp\/v2\/pages\/99992\/revisions"}],"predecessor-version":[{"id":99994,"href":"https:\/\/bengalmeat.com\/content\/wp-json\/wp\/v2\/pages\/99992\/revisions\/99994"}],"wp:attachment":[{"href":"https:\/\/bengalmeat.com\/content\/wp-json\/wp\/v2\/media?parent=99992"}],"curies":[{"name":"wp","href":"https:\/\/api.w.org\/{rel}","templated":true}]}}