{"id":99857,"date":"2024-11-20T17:54:54","date_gmt":"2024-11-20T17:54:54","guid":{"rendered":"https:\/\/content.bengalmeat.com\/?page_id=99857"},"modified":"2024-11-20T17:54:54","modified_gmt":"2024-11-20T17:54:54","slug":"bitcoin-blockchain-architecture-diagram-2024-4-3-6","status":"publish","type":"page","link":"https:\/\/bengalmeat.com\/content\/bitcoin-blockchain-architecture-diagram-2024-4-3-6\/","title":{"rendered":"Bitcoin Blockchain Architecture Diagram 2024 4.3.6"},"content":{"rendered":"<h2>Introduction<\/h2>\n<p>Le <a href=\"https:\/\/downloadpage.com\/bitcoin-blockchain-architecture-diagram-2024-4-3-6.pdf\" target=\"_blank\" rel=\"noopener\">Bitcoin Blockchain Architecture Diagram 2024 4.3.6<\/a> est un document crucial qui offre un aper\u00e7u d\u00e9taill\u00e9 de l&#8217;architecture blockchain du Bitcoin pour l&#8217;ann\u00e9e 2024.<\/p>\n<h2>Description<\/h2>\n<p>Le diagramme d&#8217;architecture de la blockchain du Bitcoin illustre le fonctionnement interne et la structure du r\u00e9seau blockchain du Bitcoin. Il identifie les diff\u00e9rents composants, les flux d&#8217;information et les relations entre eux, offrant ainsi une visualisation claire de l&#8217;\u00e9cosyst\u00e8me Bitcoin.<\/p>\n<p>Ce document version 4.3.6 contient des informations \u00e0 jour sur les am\u00e9liorations et les \u00e9volutions de l&#8217;architecture blockchain du Bitcoin.<\/p>\n<p>Pour t\u00e9l\u00e9charger le document, cliquez sur <a href=\"https:\/\/downloadpage.com\/bitcoin-blockchain-architecture-diagram-2024-4-3-6.pdf\" target=\"_blank\" rel=\"noopener\">T\u00e9l\u00e9charger ici<\/a>.<\/p>\n<p><img decoding=\"async\" src=\"https:\/\/cryptologos.cc\/logos\/bitcoin-btc-logo.png\" alt=\"Logo Bitcoin\" \/><\/p>\n<h2>Conclusion<\/h2>\n<p>Le Bitcoin Blockchain Architecture Diagram 2024 4.3.6 est un outil indispensable pour ceux qui cherchent \u00e0 comprendre en profondeur le fonctionnement de la blockchain du Bitcoin et ses \u00e9volutions futures.<\/p>\n","protected":false},"excerpt":{"rendered":"<p>Introduction Le Bitcoin Blockchain Architecture Diagram 2024 4.3.6 est un document crucial qui offre un aper\u00e7u d\u00e9taill\u00e9 de l&#8217;architecture blockchain du Bitcoin pour l&#8217;ann\u00e9e 2024. Description Le diagramme d&#8217;architecture de la blockchain du Bitcoin illustre le fonctionnement interne et la structure du r\u00e9seau blockchain du Bitcoin. Il identifie les diff\u00e9rents composants, les flux d&#8217;information et &hellip;<\/p>\n<p class=\"read-more\"> <a class=\"\" href=\"https:\/\/bengalmeat.com\/content\/bitcoin-blockchain-architecture-diagram-2024-4-3-6\/\"> <span class=\"screen-reader-text\">Bitcoin Blockchain Architecture Diagram 2024 4.3.6<\/span> Read More &raquo;<\/a><\/p>\n","protected":false},"author":1,"featured_media":0,"parent":0,"menu_order":0,"comment_status":"closed","ping_status":"closed","template":"","meta":{"site-sidebar-layout":"default","site-content-layout":"default","ast-main-header-display":"","ast-hfb-above-header-display":"","ast-hfb-below-header-display":"","ast-hfb-mobile-header-display":"","site-post-title":"","ast-breadcrumbs-content":"","ast-featured-img":"","footer-sml-layout":"","theme-transparent-header-meta":"","adv-header-id-meta":"","stick-header-meta":"","header-above-stick-meta":"","header-main-stick-meta":"","header-below-stick-meta":"","footnotes":""},"class_list":["post-99857","page","type-page","status-publish","hentry"],"_links":{"self":[{"href":"https:\/\/bengalmeat.com\/content\/wp-json\/wp\/v2\/pages\/99857","targetHints":{"allow":["GET"]}}],"collection":[{"href":"https:\/\/bengalmeat.com\/content\/wp-json\/wp\/v2\/pages"}],"about":[{"href":"https:\/\/bengalmeat.com\/content\/wp-json\/wp\/v2\/types\/page"}],"author":[{"embeddable":true,"href":"https:\/\/bengalmeat.com\/content\/wp-json\/wp\/v2\/users\/1"}],"replies":[{"embeddable":true,"href":"https:\/\/bengalmeat.com\/content\/wp-json\/wp\/v2\/comments?post=99857"}],"version-history":[{"count":1,"href":"https:\/\/bengalmeat.com\/content\/wp-json\/wp\/v2\/pages\/99857\/revisions"}],"predecessor-version":[{"id":99858,"href":"https:\/\/bengalmeat.com\/content\/wp-json\/wp\/v2\/pages\/99857\/revisions\/99858"}],"wp:attachment":[{"href":"https:\/\/bengalmeat.com\/content\/wp-json\/wp\/v2\/media?parent=99857"}],"curies":[{"name":"wp","href":"https:\/\/api.w.org\/{rel}","templated":true}]}}