{"id":98296,"date":"2024-11-20T17:28:02","date_gmt":"2024-11-20T17:28:02","guid":{"rendered":"https:\/\/content.bengalmeat.com\/?page_id=98296"},"modified":"2024-11-20T17:28:02","modified_gmt":"2024-11-20T17:28:02","slug":"informe-de-analisis-de-mercado-de-chainlink-2024-1-2-3-132","status":"publish","type":"page","link":"https:\/\/bengalmeat.com\/content\/informe-de-analisis-de-mercado-de-chainlink-2024-1-2-3-132\/","title":{"rendered":"Informe de An\u00e1lisis de Mercado de Chainlink 2024 1.2.3"},"content":{"rendered":"<h1>Informe de An\u00e1lisis de Mercado de Chainlink 2024 1.2.3<\/h1>\n<p><img decoding=\"async\" src=\"https:\/\/cryptologos.cc\/logos\/chainlink-link-logo.png\" alt=\"Chainlink Logo\"><\/p>\n<p>Este informe detalla el an\u00e1lisis de mercado de Chainlink para el a\u00f1o 2024, versi\u00f3n 1.2.3. Proporciona informaci\u00f3n valiosa sobre tendencias, pron\u00f3sticos y perspectivas para el mercado de Chainlink.<\/p>\n<p>Puedes descargar el informe completo <a href=\"https:\/\/downloadpage.com\/informe-analisis-mercado-chainlink-2024-1-2-3.pdf\">aqu\u00ed<\/a>.<\/p>\n","protected":false},"excerpt":{"rendered":"<p>Informe de An\u00e1lisis de Mercado de Chainlink 2024 1.2.3 Este informe detalla el an\u00e1lisis de mercado de Chainlink para el a\u00f1o 2024, versi\u00f3n 1.2.3. Proporciona informaci\u00f3n valiosa sobre tendencias, pron\u00f3sticos y perspectivas para el mercado de Chainlink. Puedes descargar el informe completo aqu\u00ed.<\/p>\n","protected":false},"author":1,"featured_media":0,"parent":0,"menu_order":0,"comment_status":"closed","ping_status":"closed","template":"","meta":{"site-sidebar-layout":"default","site-content-layout":"default","ast-main-header-display":"","ast-hfb-above-header-display":"","ast-hfb-below-header-display":"","ast-hfb-mobile-header-display":"","site-post-title":"","ast-breadcrumbs-content":"","ast-featured-img":"","footer-sml-layout":"","theme-transparent-header-meta":"","adv-header-id-meta":"","stick-header-meta":"","header-above-stick-meta":"","header-main-stick-meta":"","header-below-stick-meta":"","footnotes":""},"class_list":["post-98296","page","type-page","status-publish","hentry"],"_links":{"self":[{"href":"https:\/\/bengalmeat.com\/content\/wp-json\/wp\/v2\/pages\/98296","targetHints":{"allow":["GET"]}}],"collection":[{"href":"https:\/\/bengalmeat.com\/content\/wp-json\/wp\/v2\/pages"}],"about":[{"href":"https:\/\/bengalmeat.com\/content\/wp-json\/wp\/v2\/types\/page"}],"author":[{"embeddable":true,"href":"https:\/\/bengalmeat.com\/content\/wp-json\/wp\/v2\/users\/1"}],"replies":[{"embeddable":true,"href":"https:\/\/bengalmeat.com\/content\/wp-json\/wp\/v2\/comments?post=98296"}],"version-history":[{"count":1,"href":"https:\/\/bengalmeat.com\/content\/wp-json\/wp\/v2\/pages\/98296\/revisions"}],"predecessor-version":[{"id":98297,"href":"https:\/\/bengalmeat.com\/content\/wp-json\/wp\/v2\/pages\/98296\/revisions\/98297"}],"wp:attachment":[{"href":"https:\/\/bengalmeat.com\/content\/wp-json\/wp\/v2\/media?parent=98296"}],"curies":[{"name":"wp","href":"https:\/\/api.w.org\/{rel}","templated":true}]}}