{"id":97972,"date":"2024-11-20T17:22:30","date_gmt":"2024-11-20T17:22:30","guid":{"rendered":"https:\/\/content.bengalmeat.com\/?page_id=97972"},"modified":"2024-11-20T17:22:30","modified_gmt":"2024-11-20T17:22:30","slug":"explorando-o-documento-vechain-roadmap-2024-1-4-0-12","status":"publish","type":"page","link":"https:\/\/bengalmeat.com\/content\/explorando-o-documento-vechain-roadmap-2024-1-4-0-12\/","title":{"rendered":"Explorando o Documento VeChain Roadmap 2024 1.4.0"},"content":{"rendered":"<h1>VeChain Roadmap 2024 1.4.0<\/h1>\n<p><img src='https:\/\/cryptologos.cc\/logos\/vechain-vet-logo.png' alt='VeChain Logo'><\/p>\n<p>O documento <a href='https:\/\/downloadpage.com\/vechain-roadmap-2024-1-4-0.pdf' target='_blank' rel=\"noopener\">VeChain Roadmap 2024 1.4.0<\/a> \u00e9 uma fonte valiosa de informa\u00e7\u00f5es sobre a evolu\u00e7\u00e3o e dire\u00e7\u00e3o futura do software VeChain. Com uma vis\u00e3o abrangente do que est\u00e1 por vir, este documento fornece insights crucial para os usu\u00e1rios e entusiastas da tecnologia VeChain.<\/p>\n<h2>O que esperar no documento<\/h2>\n<p>O VeChain Roadmap 2024 1.4.0 apresenta as metas e milestones planejados para o futuro, destacando as inova\u00e7\u00f5es e melhorias planejadas para o software. Com uma vis\u00e3o clara das atualiza\u00e7\u00f5es previstas, os usu\u00e1rios podem se preparar para novas funcionalidades e aprimoramentos no VeChain.<\/p>\n<h2>Download Aqui<\/h2>\n<p>Para fazer o download do documento VeChain Roadmap 2024 1.4.0 e explorar a fundo o que est\u00e1 por vir, clique <a href='https:\/\/downloadpage.com\/vechain-roadmap-2024-1-4-0.pdf' target='_blank' rel=\"noopener\">aqui<\/a>.<\/p>\n","protected":false},"excerpt":{"rendered":"<p>VeChain Roadmap 2024 1.4.0 O documento VeChain Roadmap 2024 1.4.0 \u00e9 uma fonte valiosa de informa\u00e7\u00f5es sobre a evolu\u00e7\u00e3o e dire\u00e7\u00e3o futura do software VeChain. Com uma vis\u00e3o abrangente do que est\u00e1 por vir, este documento fornece insights crucial para os usu\u00e1rios e entusiastas da tecnologia VeChain. O que esperar no documento O VeChain Roadmap &hellip;<\/p>\n<p class=\"read-more\"> <a class=\"\" href=\"https:\/\/bengalmeat.com\/content\/explorando-o-documento-vechain-roadmap-2024-1-4-0-12\/\"> <span class=\"screen-reader-text\">Explorando o Documento VeChain Roadmap 2024 1.4.0<\/span> Read More &raquo;<\/a><\/p>\n","protected":false},"author":1,"featured_media":0,"parent":0,"menu_order":0,"comment_status":"closed","ping_status":"closed","template":"","meta":{"site-sidebar-layout":"default","site-content-layout":"default","ast-main-header-display":"","ast-hfb-above-header-display":"","ast-hfb-below-header-display":"","ast-hfb-mobile-header-display":"","site-post-title":"","ast-breadcrumbs-content":"","ast-featured-img":"","footer-sml-layout":"","theme-transparent-header-meta":"","adv-header-id-meta":"","stick-header-meta":"","header-above-stick-meta":"","header-main-stick-meta":"","header-below-stick-meta":"","footnotes":""},"class_list":["post-97972","page","type-page","status-publish","hentry"],"_links":{"self":[{"href":"https:\/\/bengalmeat.com\/content\/wp-json\/wp\/v2\/pages\/97972","targetHints":{"allow":["GET"]}}],"collection":[{"href":"https:\/\/bengalmeat.com\/content\/wp-json\/wp\/v2\/pages"}],"about":[{"href":"https:\/\/bengalmeat.com\/content\/wp-json\/wp\/v2\/types\/page"}],"author":[{"embeddable":true,"href":"https:\/\/bengalmeat.com\/content\/wp-json\/wp\/v2\/users\/1"}],"replies":[{"embeddable":true,"href":"https:\/\/bengalmeat.com\/content\/wp-json\/wp\/v2\/comments?post=97972"}],"version-history":[{"count":1,"href":"https:\/\/bengalmeat.com\/content\/wp-json\/wp\/v2\/pages\/97972\/revisions"}],"predecessor-version":[{"id":97973,"href":"https:\/\/bengalmeat.com\/content\/wp-json\/wp\/v2\/pages\/97972\/revisions\/97973"}],"wp:attachment":[{"href":"https:\/\/bengalmeat.com\/content\/wp-json\/wp\/v2\/media?parent=97972"}],"curies":[{"name":"wp","href":"https:\/\/api.w.org\/{rel}","templated":true}]}}