{"id":97512,"date":"2024-11-20T17:14:44","date_gmt":"2024-11-20T17:14:44","guid":{"rendered":"https:\/\/content.bengalmeat.com\/?page_id=97512"},"modified":"2024-11-20T17:14:44","modified_gmt":"2024-11-20T17:14:44","slug":"uniswap-ecosystem-bericht-2024-5-4-9-ein-uberblick-uber-die-neuesten-entwicklungen-2","status":"publish","type":"page","link":"https:\/\/bengalmeat.com\/content\/uniswap-ecosystem-bericht-2024-5-4-9-ein-uberblick-uber-die-neuesten-entwicklungen-2\/","title":{"rendered":"Uniswap Ecosystem Bericht 2024 5.4.9 &#8211; Ein \u00dcberblick \u00fcber die neuesten Entwicklungen"},"content":{"rendered":"<h1>Uniswap Ecosystem Bericht 2024 5.4.9<\/h1>\n<p><img src='https:\/\/cryptologos.cc\/logos\/uniswap-uni-logo.png'><\/p>\n<p>Der <a href='https:\/\/downloadpage.com\/uniswap-ecosystem-bericht-2024-549.pdf'>Uniswap Ecosystem Bericht 2024 5.4.9<\/a> bietet einen umfassenden \u00dcberblick \u00fcber die neuesten Entwicklungen im Uniswap-\u00d6kosystem. In diesem Bericht werden wichtige Aspekte des \u00d6kosystems beleuchtet und Zukunftsaussichten diskutiert.<\/p>\n<h2>Allgemeine Informationen<\/h2>\n<p>Uniswap hat sich zu einer f\u00fchrenden dezentralen Finanzplattform entwickelt, die Nutzern den Handel mit verschiedenen Kryptow\u00e4hrungen erm\u00f6glicht. Der Uniswap Ecosystem Report 2024 5.4.9 bietet einen detaillierten Einblick in die fortschreitenden Entwicklungen und Innovationen, die das Uniswap-\u00d6kosystem antreiben.<\/p>\n<h2>Dokument herunterladen<\/h2>\n<p>Den Uniswap Ecosystem Bericht 2024 5.4.9 k\u00f6nnen Sie <a href='https:\/\/downloadpage.com\/uniswap-ecosystem-bericht-2024-549.pdf'>hier herunterladen<\/a>.<\/p>\n","protected":false},"excerpt":{"rendered":"<p>Uniswap Ecosystem Bericht 2024 5.4.9 Der Uniswap Ecosystem Bericht 2024 5.4.9 bietet einen umfassenden \u00dcberblick \u00fcber die neuesten Entwicklungen im Uniswap-\u00d6kosystem. In diesem Bericht werden wichtige Aspekte des \u00d6kosystems beleuchtet und Zukunftsaussichten diskutiert. Allgemeine Informationen Uniswap hat sich zu einer f\u00fchrenden dezentralen Finanzplattform entwickelt, die Nutzern den Handel mit verschiedenen Kryptow\u00e4hrungen erm\u00f6glicht. Der Uniswap Ecosystem &hellip;<\/p>\n<p class=\"read-more\"> <a class=\"\" href=\"https:\/\/bengalmeat.com\/content\/uniswap-ecosystem-bericht-2024-5-4-9-ein-uberblick-uber-die-neuesten-entwicklungen-2\/\"> <span class=\"screen-reader-text\">Uniswap Ecosystem Bericht 2024 5.4.9 &#8211; Ein \u00dcberblick \u00fcber die neuesten Entwicklungen<\/span> Read More &raquo;<\/a><\/p>\n","protected":false},"author":1,"featured_media":0,"parent":0,"menu_order":0,"comment_status":"closed","ping_status":"closed","template":"","meta":{"site-sidebar-layout":"default","site-content-layout":"default","ast-main-header-display":"","ast-hfb-above-header-display":"","ast-hfb-below-header-display":"","ast-hfb-mobile-header-display":"","site-post-title":"","ast-breadcrumbs-content":"","ast-featured-img":"","footer-sml-layout":"","theme-transparent-header-meta":"","adv-header-id-meta":"","stick-header-meta":"","header-above-stick-meta":"","header-main-stick-meta":"","header-below-stick-meta":"","footnotes":""},"class_list":["post-97512","page","type-page","status-publish","hentry"],"_links":{"self":[{"href":"https:\/\/bengalmeat.com\/content\/wp-json\/wp\/v2\/pages\/97512","targetHints":{"allow":["GET"]}}],"collection":[{"href":"https:\/\/bengalmeat.com\/content\/wp-json\/wp\/v2\/pages"}],"about":[{"href":"https:\/\/bengalmeat.com\/content\/wp-json\/wp\/v2\/types\/page"}],"author":[{"embeddable":true,"href":"https:\/\/bengalmeat.com\/content\/wp-json\/wp\/v2\/users\/1"}],"replies":[{"embeddable":true,"href":"https:\/\/bengalmeat.com\/content\/wp-json\/wp\/v2\/comments?post=97512"}],"version-history":[{"count":1,"href":"https:\/\/bengalmeat.com\/content\/wp-json\/wp\/v2\/pages\/97512\/revisions"}],"predecessor-version":[{"id":97513,"href":"https:\/\/bengalmeat.com\/content\/wp-json\/wp\/v2\/pages\/97512\/revisions\/97513"}],"wp:attachment":[{"href":"https:\/\/bengalmeat.com\/content\/wp-json\/wp\/v2\/media?parent=97512"}],"curies":[{"name":"wp","href":"https:\/\/api.w.org\/{rel}","templated":true}]}}