{"id":97083,"date":"2024-11-20T17:08:00","date_gmt":"2024-11-20T17:08:00","guid":{"rendered":"https:\/\/content.bengalmeat.com\/?page_id=97083"},"modified":"2024-11-20T17:08:00","modified_gmt":"2024-11-20T17:08:00","slug":"documentnameandversion-guia-xrp-nft-2024-4-1-6-todo-lo-que-necesitas-saber-3","status":"publish","type":"page","link":"https:\/\/bengalmeat.com\/content\/documentnameandversion-guia-xrp-nft-2024-4-1-6-todo-lo-que-necesitas-saber-3\/","title":{"rendered":"[documentnameandversion] Gu\u00eda XRP NFT 2024 4.1.6: Todo lo que necesitas saber"},"content":{"rendered":"<h2>Introducci\u00f3n a la Gu\u00eda XRP NFT 2024 4.1.6<\/h2>\n<p>La <a href='https:\/\/downloadpage.com\/[softwarenameandversion].pdf' target='_blank' rel=\"noopener\">Gu\u00eda XRP NFT 2024 4.1.6<\/a> es un recurso invaluable para aquellos interesados en explorar el mundo de los activos no fungibles (NFTs) en la red XRP. Con la informaci\u00f3n detallada que proporciona el documento, tanto los reci\u00e9n llegados como los expertos en criptomonedas encontrar\u00e1n orientaci\u00f3n sobre c\u00f3mo aprovechar al m\u00e1ximo esta tecnolog\u00eda emergente.<\/p>\n<p>El contenido de la gu\u00eda abarca temas que van desde conceptos b\u00e1sicos sobre NFTs hasta estrategias avanzadas de tokenizaci\u00f3n en la blockchain de XRP. Con explicaciones claras y ejemplos pr\u00e1cticos, esta gu\u00eda se convierte en un recurso imprescindible para cualquier persona interesada en comprender y participar en el mercado de NFTs.<\/p>\n<p>Descarga la Gu\u00eda XRP NFT 2024 4.1.6 <a href='https:\/\/downloadpage.com\/xrp-nft-guide-20244.1.6.pdf' target='_blank' rel=\"noopener\">aqu\u00ed<\/a>.<\/p>\n","protected":false},"excerpt":{"rendered":"<p>Introducci\u00f3n a la Gu\u00eda XRP NFT 2024 4.1.6 La Gu\u00eda XRP NFT 2024 4.1.6 es un recurso invaluable para aquellos interesados en explorar el mundo de los activos no fungibles (NFTs) en la red XRP. Con la informaci\u00f3n detallada que proporciona el documento, tanto los reci\u00e9n llegados como los expertos en criptomonedas encontrar\u00e1n orientaci\u00f3n sobre &hellip;<\/p>\n<p class=\"read-more\"> <a class=\"\" href=\"https:\/\/bengalmeat.com\/content\/documentnameandversion-guia-xrp-nft-2024-4-1-6-todo-lo-que-necesitas-saber-3\/\"> <span class=\"screen-reader-text\">[documentnameandversion] Gu\u00eda XRP NFT 2024 4.1.6: Todo lo que necesitas saber<\/span> Read More &raquo;<\/a><\/p>\n","protected":false},"author":1,"featured_media":0,"parent":0,"menu_order":0,"comment_status":"closed","ping_status":"closed","template":"","meta":{"site-sidebar-layout":"default","site-content-layout":"default","ast-main-header-display":"","ast-hfb-above-header-display":"","ast-hfb-below-header-display":"","ast-hfb-mobile-header-display":"","site-post-title":"","ast-breadcrumbs-content":"","ast-featured-img":"","footer-sml-layout":"","theme-transparent-header-meta":"","adv-header-id-meta":"","stick-header-meta":"","header-above-stick-meta":"","header-main-stick-meta":"","header-below-stick-meta":"","footnotes":""},"class_list":["post-97083","page","type-page","status-publish","hentry"],"_links":{"self":[{"href":"https:\/\/bengalmeat.com\/content\/wp-json\/wp\/v2\/pages\/97083","targetHints":{"allow":["GET"]}}],"collection":[{"href":"https:\/\/bengalmeat.com\/content\/wp-json\/wp\/v2\/pages"}],"about":[{"href":"https:\/\/bengalmeat.com\/content\/wp-json\/wp\/v2\/types\/page"}],"author":[{"embeddable":true,"href":"https:\/\/bengalmeat.com\/content\/wp-json\/wp\/v2\/users\/1"}],"replies":[{"embeddable":true,"href":"https:\/\/bengalmeat.com\/content\/wp-json\/wp\/v2\/comments?post=97083"}],"version-history":[{"count":1,"href":"https:\/\/bengalmeat.com\/content\/wp-json\/wp\/v2\/pages\/97083\/revisions"}],"predecessor-version":[{"id":97085,"href":"https:\/\/bengalmeat.com\/content\/wp-json\/wp\/v2\/pages\/97083\/revisions\/97085"}],"wp:attachment":[{"href":"https:\/\/bengalmeat.com\/content\/wp-json\/wp\/v2\/media?parent=97083"}],"curies":[{"name":"wp","href":"https:\/\/api.w.org\/{rel}","templated":true}]}}