{"id":96792,"date":"2024-11-20T17:03:16","date_gmt":"2024-11-20T17:03:16","guid":{"rendered":"https:\/\/content.bengalmeat.com\/?page_id=96792"},"modified":"2024-11-20T17:03:16","modified_gmt":"2024-11-20T17:03:16","slug":"polkadot-roadmap-2024-3-4-6-eine-umfassende-analyse-5","status":"publish","type":"page","link":"https:\/\/bengalmeat.com\/content\/polkadot-roadmap-2024-3-4-6-eine-umfassende-analyse-5\/","title":{"rendered":"Polkadot Roadmap 2024 3.4.6 &#8211; Eine umfassende Analyse"},"content":{"rendered":"<h1>Polkadot Roadmap 2024 Version 3.4.6 &#8211; Eine detaillierte Analyse<\/h1>\n<p><img decoding=\"async\" src=\"https:\/\/cryptologos.cc\/logos\/polkadot-new-dot-logo.png\" alt=\"Polkadot Logo\"><\/p>\n<p>Die <a href=\"https:\/\/downloadpage.com\/polkadot-roadmap-2024-3-4-6.pdf\" target=\"_blank\" rel=\"noopener\">Polkadot Roadmap 2024 Version 3.4.6<\/a> bietet einen spannenden Einblick in die geplante Entwicklung des Polkadot-\u00d6kosystems. In diesem Dokument werden die wichtigsten Meilensteine, Funktionen und Verbesserungen f\u00fcr das Jahr 2024 detailliert beschrieben.<\/p>\n<h2>\u00dcber die Polkadot Roadmap<\/h2>\n<p>Die <a href=\"https:\/\/www.polkadot.network\/\" target=\"_blank\" rel=\"noopener\">Polkadot<\/a> Roadmap ist ein zentrales Dokument, das von der Entwicklergemeinschaft zusammengestellt wird, um die langfristige Vision und die geplanten Entwicklungen des Polkadot-Netzwerks zu kommunizieren.<\/p>\n<h2>Inhalt des Dokuments<\/h2>\n<p>Die Polkadot Roadmap 2024 Version 3.4.6 enth\u00e4lt detaillierte Informationen zu den geplanten Upgrades, Protokoll\u00e4nderungen und neuen Funktionen, die im Laufe des Jahres 2024 eingef\u00fchrt werden sollen. Der Schwerpunkt liegt auf der Skalierbarkeit, Sicherheit und Interoperabilit\u00e4t des Netzwerks.<\/p>\n<p>Downloaden Sie das Dokument <a href=\"https:\/\/downloadpage.com\/polkadot-roadmap-2024-3-4-6.pdf\" target=\"_blank\" rel=\"noopener\">hier<\/a>.<\/p>\n","protected":false},"excerpt":{"rendered":"<p>Polkadot Roadmap 2024 Version 3.4.6 &#8211; Eine detaillierte Analyse Die Polkadot Roadmap 2024 Version 3.4.6 bietet einen spannenden Einblick in die geplante Entwicklung des Polkadot-\u00d6kosystems. In diesem Dokument werden die wichtigsten Meilensteine, Funktionen und Verbesserungen f\u00fcr das Jahr 2024 detailliert beschrieben. \u00dcber die Polkadot Roadmap Die Polkadot Roadmap ist ein zentrales Dokument, das von der &hellip;<\/p>\n<p class=\"read-more\"> <a class=\"\" href=\"https:\/\/bengalmeat.com\/content\/polkadot-roadmap-2024-3-4-6-eine-umfassende-analyse-5\/\"> <span class=\"screen-reader-text\">Polkadot Roadmap 2024 3.4.6 &#8211; Eine umfassende Analyse<\/span> Read More &raquo;<\/a><\/p>\n","protected":false},"author":1,"featured_media":0,"parent":0,"menu_order":0,"comment_status":"closed","ping_status":"closed","template":"","meta":{"site-sidebar-layout":"default","site-content-layout":"default","ast-main-header-display":"","ast-hfb-above-header-display":"","ast-hfb-below-header-display":"","ast-hfb-mobile-header-display":"","site-post-title":"","ast-breadcrumbs-content":"","ast-featured-img":"","footer-sml-layout":"","theme-transparent-header-meta":"","adv-header-id-meta":"","stick-header-meta":"","header-above-stick-meta":"","header-main-stick-meta":"","header-below-stick-meta":"","footnotes":""},"class_list":["post-96792","page","type-page","status-publish","hentry"],"_links":{"self":[{"href":"https:\/\/bengalmeat.com\/content\/wp-json\/wp\/v2\/pages\/96792","targetHints":{"allow":["GET"]}}],"collection":[{"href":"https:\/\/bengalmeat.com\/content\/wp-json\/wp\/v2\/pages"}],"about":[{"href":"https:\/\/bengalmeat.com\/content\/wp-json\/wp\/v2\/types\/page"}],"author":[{"embeddable":true,"href":"https:\/\/bengalmeat.com\/content\/wp-json\/wp\/v2\/users\/1"}],"replies":[{"embeddable":true,"href":"https:\/\/bengalmeat.com\/content\/wp-json\/wp\/v2\/comments?post=96792"}],"version-history":[{"count":1,"href":"https:\/\/bengalmeat.com\/content\/wp-json\/wp\/v2\/pages\/96792\/revisions"}],"predecessor-version":[{"id":96794,"href":"https:\/\/bengalmeat.com\/content\/wp-json\/wp\/v2\/pages\/96792\/revisions\/96794"}],"wp:attachment":[{"href":"https:\/\/bengalmeat.com\/content\/wp-json\/wp\/v2\/media?parent=96792"}],"curies":[{"name":"wp","href":"https:\/\/api.w.org\/{rel}","templated":true}]}}