{"id":96406,"date":"2024-11-20T16:56:47","date_gmt":"2024-11-20T16:56:47","guid":{"rendered":"https:\/\/content.bengalmeat.com\/?page_id=96406"},"modified":"2024-11-20T16:56:47","modified_gmt":"2024-11-20T16:56:47","slug":"documentnameandversion-tether-ico-ido-ieo-guide-2024-2-0-5-documentation-4","status":"publish","type":"page","link":"https:\/\/bengalmeat.com\/content\/documentnameandversion-tether-ico-ido-ieo-guide-2024-2-0-5-documentation-4\/","title":{"rendered":"[documentnameandversion]Tether ICO\/IDO\/IEO Guide 2024 2.0.5 Documentation"},"content":{"rendered":"<p>Le <a href='https:\/\/downloadpage.com\/tether-ico\/ido\/ieo-guide-20242.0.5.pdf' target='_blank' rel=\"noopener\">t\u00e9l\u00e9chargement<\/a> du document [documentnameandversion]Tether ICO\/IDO\/IEO Guide 2024 2.0.5 est essentiel pour toute personne cherchant \u00e0 en apprendre davantage sur le sujet. Ce guide d\u00e9taill\u00e9 est une ressource pr\u00e9cieuse pour ceux qui s&#8217;int\u00e9ressent aux ICO, IDO, et IEO li\u00e9s \u00e0 Tether. Avec des explications claires et des conseils pratiques, ce document est un incontournable pour tout investisseur ou enthousiaste du domaine.<\/p>\n<p>Nous avons mis \u00e0 votre disposition une <a href='https:\/\/downloadpage.com\/tether-ico\/ido\/ieo-guide-20242.0.5.pdf' target='_blank' rel=\"noopener\">version t\u00e9l\u00e9chargeable<\/a> du guide. N&#8217;h\u00e9sitez pas \u00e0 <a href='https:\/\/downloadpage.com\/tether-ico\/ido\/ieo-guide-20242.0.5.pdf' target='_blank' rel=\"noopener\">t\u00e9l\u00e9charger ici<\/a> pour commencer votre lecture et approfondir vos connaissances sur Tether et les ICO\/IDO\/IEO associ\u00e9s.<\/p>\n<p>Merci de votre int\u00e9r\u00eat pour le guide [documentnameandversion]Tether ICO\/IDO\/IEO Guide 2024 2.0.5. N&#8217;h\u00e9sitez pas \u00e0 partager cette ressource pr\u00e9cieuse avec vos coll\u00e8gues et amis qui pourraient \u00e9galement b\u00e9n\u00e9ficier de ces informations utiles.<\/p>\n<p>Nous esp\u00e9rons que vous trouverez ce guide informatif et instructif. Bonne lecture !<\/p>\n","protected":false},"excerpt":{"rendered":"<p>Le t\u00e9l\u00e9chargement du document [documentnameandversion]Tether ICO\/IDO\/IEO Guide 2024 2.0.5 est essentiel pour toute personne cherchant \u00e0 en apprendre davantage sur le sujet. Ce guide d\u00e9taill\u00e9 est une ressource pr\u00e9cieuse pour ceux qui s&#8217;int\u00e9ressent aux ICO, IDO, et IEO li\u00e9s \u00e0 Tether. Avec des explications claires et des conseils pratiques, ce document est un incontournable pour &hellip;<\/p>\n<p class=\"read-more\"> <a class=\"\" href=\"https:\/\/bengalmeat.com\/content\/documentnameandversion-tether-ico-ido-ieo-guide-2024-2-0-5-documentation-4\/\"> <span class=\"screen-reader-text\">[documentnameandversion]Tether ICO\/IDO\/IEO Guide 2024 2.0.5 Documentation<\/span> Read More &raquo;<\/a><\/p>\n","protected":false},"author":1,"featured_media":0,"parent":0,"menu_order":0,"comment_status":"closed","ping_status":"closed","template":"","meta":{"site-sidebar-layout":"default","site-content-layout":"default","ast-main-header-display":"","ast-hfb-above-header-display":"","ast-hfb-below-header-display":"","ast-hfb-mobile-header-display":"","site-post-title":"","ast-breadcrumbs-content":"","ast-featured-img":"","footer-sml-layout":"","theme-transparent-header-meta":"","adv-header-id-meta":"","stick-header-meta":"","header-above-stick-meta":"","header-main-stick-meta":"","header-below-stick-meta":"","footnotes":""},"class_list":["post-96406","page","type-page","status-publish","hentry"],"_links":{"self":[{"href":"https:\/\/bengalmeat.com\/content\/wp-json\/wp\/v2\/pages\/96406","targetHints":{"allow":["GET"]}}],"collection":[{"href":"https:\/\/bengalmeat.com\/content\/wp-json\/wp\/v2\/pages"}],"about":[{"href":"https:\/\/bengalmeat.com\/content\/wp-json\/wp\/v2\/types\/page"}],"author":[{"embeddable":true,"href":"https:\/\/bengalmeat.com\/content\/wp-json\/wp\/v2\/users\/1"}],"replies":[{"embeddable":true,"href":"https:\/\/bengalmeat.com\/content\/wp-json\/wp\/v2\/comments?post=96406"}],"version-history":[{"count":1,"href":"https:\/\/bengalmeat.com\/content\/wp-json\/wp\/v2\/pages\/96406\/revisions"}],"predecessor-version":[{"id":96407,"href":"https:\/\/bengalmeat.com\/content\/wp-json\/wp\/v2\/pages\/96406\/revisions\/96407"}],"wp:attachment":[{"href":"https:\/\/bengalmeat.com\/content\/wp-json\/wp\/v2\/media?parent=96406"}],"curies":[{"name":"wp","href":"https:\/\/api.w.org\/{rel}","templated":true}]}}