{"id":95786,"date":"2024-11-20T16:46:34","date_gmt":"2024-11-20T16:46:34","guid":{"rendered":"https:\/\/content.bengalmeat.com\/?page_id=95786"},"modified":"2024-11-20T16:46:34","modified_gmt":"2024-11-20T16:46:34","slug":"aave-whitepaper-2024-3-7-5-eine-umfassende-analyse-33","status":"publish","type":"page","link":"https:\/\/bengalmeat.com\/content\/aave-whitepaper-2024-3-7-5-eine-umfassende-analyse-33\/","title":{"rendered":"Aave Whitepaper 2024 3.7.5: Eine umfassende Analyse"},"content":{"rendered":"<p>Der <a href='https:\/\/aave.com' target='_blank' rel=\"noopener\">Aave Whitepaper 2024 3.7.5<\/a> ist eine bedeutende Ressource im Bereich der Kryptow\u00e4hrungen und DeFi-Projekte. Dieses Dokument bietet einen detaillierten Einblick in die Grundlagen sowie die technischen Aspekte von Aave. Erfahren Sie mehr \u00fcber die zuk\u00fcnftige Ausrichtung dieses Projekts und die Innovationen, die es vorantreiben.<\/p>\n<p>Sie k\u00f6nnen den Whitepaper direkt <a href='https:\/\/downloadpage.com\/aave_whitepaper_2024-3.7.5.pdf' target='_blank' rel=\"noopener\">hier herunterladen<\/a>.<\/p>\n","protected":false},"excerpt":{"rendered":"<p>Der Aave Whitepaper 2024 3.7.5 ist eine bedeutende Ressource im Bereich der Kryptow\u00e4hrungen und DeFi-Projekte. Dieses Dokument bietet einen detaillierten Einblick in die Grundlagen sowie die technischen Aspekte von Aave. Erfahren Sie mehr \u00fcber die zuk\u00fcnftige Ausrichtung dieses Projekts und die Innovationen, die es vorantreiben. Sie k\u00f6nnen den Whitepaper direkt hier herunterladen.<\/p>\n","protected":false},"author":1,"featured_media":0,"parent":0,"menu_order":0,"comment_status":"closed","ping_status":"closed","template":"","meta":{"site-sidebar-layout":"default","site-content-layout":"default","ast-main-header-display":"","ast-hfb-above-header-display":"","ast-hfb-below-header-display":"","ast-hfb-mobile-header-display":"","site-post-title":"","ast-breadcrumbs-content":"","ast-featured-img":"","footer-sml-layout":"","theme-transparent-header-meta":"","adv-header-id-meta":"","stick-header-meta":"","header-above-stick-meta":"","header-main-stick-meta":"","header-below-stick-meta":"","footnotes":""},"class_list":["post-95786","page","type-page","status-publish","hentry"],"_links":{"self":[{"href":"https:\/\/bengalmeat.com\/content\/wp-json\/wp\/v2\/pages\/95786","targetHints":{"allow":["GET"]}}],"collection":[{"href":"https:\/\/bengalmeat.com\/content\/wp-json\/wp\/v2\/pages"}],"about":[{"href":"https:\/\/bengalmeat.com\/content\/wp-json\/wp\/v2\/types\/page"}],"author":[{"embeddable":true,"href":"https:\/\/bengalmeat.com\/content\/wp-json\/wp\/v2\/users\/1"}],"replies":[{"embeddable":true,"href":"https:\/\/bengalmeat.com\/content\/wp-json\/wp\/v2\/comments?post=95786"}],"version-history":[{"count":1,"href":"https:\/\/bengalmeat.com\/content\/wp-json\/wp\/v2\/pages\/95786\/revisions"}],"predecessor-version":[{"id":95787,"href":"https:\/\/bengalmeat.com\/content\/wp-json\/wp\/v2\/pages\/95786\/revisions\/95787"}],"wp:attachment":[{"href":"https:\/\/bengalmeat.com\/content\/wp-json\/wp\/v2\/media?parent=95786"}],"curies":[{"name":"wp","href":"https:\/\/api.w.org\/{rel}","templated":true}]}}