{"id":94922,"date":"2024-11-20T16:32:22","date_gmt":"2024-11-20T16:32:22","guid":{"rendered":"https:\/\/content.bengalmeat.com\/?page_id=94922"},"modified":"2024-11-20T16:32:22","modified_gmt":"2024-11-20T16:32:22","slug":"guia-de-staking-de-binance-coin-2024-3-7-7-3","status":"publish","type":"page","link":"https:\/\/bengalmeat.com\/content\/guia-de-staking-de-binance-coin-2024-3-7-7-3\/","title":{"rendered":"Gu\u00eda de Staking de Binance Coin 2024 3.7.7"},"content":{"rendered":"<p>La <a href='https:\/\/downloadpage.com\/guia-de-staking-de-binance-coin-20243.7.7.pdf' target='_blank' rel=\"noopener\">Gu\u00eda de Staking de Binance Coin 2024 3.7.7<\/a> es un documento detallado que proporciona instrucciones paso a paso sobre c\u00f3mo llevar a cabo el proceso de staking de Binance Coin de manera efectiva.<\/p>\n<p>Esta gu\u00eda incluye informaci\u00f3n relevante sobre los requerimientos t\u00e9cnicos, los beneficios del staking, c\u00f3mo empezar a hacer staking, y las mejores pr\u00e1cticas a seguir para optimizar tus ganancias.<\/p>\n<p>Si eres un entusiasta de las criptomonedas y deseas maximizar tus inversiones en Binance Coin, esta gu\u00eda es imprescindible.<\/p>\n","protected":false},"excerpt":{"rendered":"<p>La Gu\u00eda de Staking de Binance Coin 2024 3.7.7 es un documento detallado que proporciona instrucciones paso a paso sobre c\u00f3mo llevar a cabo el proceso de staking de Binance Coin de manera efectiva. Esta gu\u00eda incluye informaci\u00f3n relevante sobre los requerimientos t\u00e9cnicos, los beneficios del staking, c\u00f3mo empezar a hacer staking, y las mejores &hellip;<\/p>\n<p class=\"read-more\"> <a class=\"\" href=\"https:\/\/bengalmeat.com\/content\/guia-de-staking-de-binance-coin-2024-3-7-7-3\/\"> <span class=\"screen-reader-text\">Gu\u00eda de Staking de Binance Coin 2024 3.7.7<\/span> Read More &raquo;<\/a><\/p>\n","protected":false},"author":1,"featured_media":0,"parent":0,"menu_order":0,"comment_status":"closed","ping_status":"closed","template":"","meta":{"site-sidebar-layout":"default","site-content-layout":"default","ast-main-header-display":"","ast-hfb-above-header-display":"","ast-hfb-below-header-display":"","ast-hfb-mobile-header-display":"","site-post-title":"","ast-breadcrumbs-content":"","ast-featured-img":"","footer-sml-layout":"","theme-transparent-header-meta":"","adv-header-id-meta":"","stick-header-meta":"","header-above-stick-meta":"","header-main-stick-meta":"","header-below-stick-meta":"","footnotes":""},"class_list":["post-94922","page","type-page","status-publish","hentry"],"_links":{"self":[{"href":"https:\/\/bengalmeat.com\/content\/wp-json\/wp\/v2\/pages\/94922","targetHints":{"allow":["GET"]}}],"collection":[{"href":"https:\/\/bengalmeat.com\/content\/wp-json\/wp\/v2\/pages"}],"about":[{"href":"https:\/\/bengalmeat.com\/content\/wp-json\/wp\/v2\/types\/page"}],"author":[{"embeddable":true,"href":"https:\/\/bengalmeat.com\/content\/wp-json\/wp\/v2\/users\/1"}],"replies":[{"embeddable":true,"href":"https:\/\/bengalmeat.com\/content\/wp-json\/wp\/v2\/comments?post=94922"}],"version-history":[{"count":1,"href":"https:\/\/bengalmeat.com\/content\/wp-json\/wp\/v2\/pages\/94922\/revisions"}],"predecessor-version":[{"id":94923,"href":"https:\/\/bengalmeat.com\/content\/wp-json\/wp\/v2\/pages\/94922\/revisions\/94923"}],"wp:attachment":[{"href":"https:\/\/bengalmeat.com\/content\/wp-json\/wp\/v2\/media?parent=94922"}],"curies":[{"name":"wp","href":"https:\/\/api.w.org\/{rel}","templated":true}]}}