{"id":94800,"date":"2024-11-20T16:29:56","date_gmt":"2024-11-20T16:29:56","guid":{"rendered":"https:\/\/content.bengalmeat.com\/?page_id=94800"},"modified":"2024-11-20T16:29:56","modified_gmt":"2024-11-20T16:29:56","slug":"die-ethereum-okosystemanalyse-2024-3-6-2-11","status":"publish","type":"page","link":"https:\/\/bengalmeat.com\/content\/die-ethereum-okosystemanalyse-2024-3-6-2-11\/","title":{"rendered":"Die Ethereum-\u00d6kosystemanalyse 2024 3.6.2"},"content":{"rendered":"<p><img src='https:\/\/cryptologos.cc\/logos\/ethereum-eth-logo.png'><\/p>\n<h1>Die Ethereum-\u00d6kosystemanalyse 2024 3.6.2<\/h1>\n<p>Unsere aktuelle Analyse des Ethereum-\u00d6kosystems f\u00fcr das Jahr 2024, Version 3.6.2, bietet eingehende Erkenntnisse und Einblicke in die Welt von Ethereum. In dieser umfassenden Studie werden wichtige Entwicklungen, Trends und Prognosen f\u00fcr die Zukunft behandelt.<\/p>\n<p>F\u00fcr einen umfassenden Einblick in die Entwicklungen des Ethereum-\u00d6kosystems laden Sie hier das Dokument herunter: <a href='https:\/\/downloadpage.com\/ethereum-ecosystem-report-20243.6.2.pdf'>Hier herunterladen<\/a>.<\/p>\n<p>Das Ethereum-\u00d6kosystem bleibt weiterhin ein Kernst\u00fcck der Blockchain-Technologie. Mit st\u00e4ndigen Aktualisierungen und Innovationen ist es von zentraler Bedeutung f\u00fcr viele Branchen und Anwendungsf\u00e4lle.<\/p>\n<p>Die Analyse enth\u00e4lt detaillierte Informationen zu den neuesten Upgrades, Projekten und Entwicklungen innerhalb des Ethereum-Netzwerks. Es werden verschiedene Aspekte wie Skalierbarkeit, Dezentralisierung und Sicherheit behandelt.<\/p>\n<p>Insbesondere in der Finanzbranche hat Ethereum einen erheblichen Einfluss auf Zahlungen, intelligente Vertr\u00e4ge und dezentrale Finanzdienstleistungen (DeFi). Die Analyse beleuchtet diese Auswirkungen eingehend und gibt einen Ausblick auf zuk\u00fcnftige Entwicklungen.<\/p>\n","protected":false},"excerpt":{"rendered":"<p>Die Ethereum-\u00d6kosystemanalyse 2024 3.6.2 Unsere aktuelle Analyse des Ethereum-\u00d6kosystems f\u00fcr das Jahr 2024, Version 3.6.2, bietet eingehende Erkenntnisse und Einblicke in die Welt von Ethereum. In dieser umfassenden Studie werden wichtige Entwicklungen, Trends und Prognosen f\u00fcr die Zukunft behandelt. F\u00fcr einen umfassenden Einblick in die Entwicklungen des Ethereum-\u00d6kosystems laden Sie hier das Dokument herunter: Hier &hellip;<\/p>\n<p class=\"read-more\"> <a class=\"\" href=\"https:\/\/bengalmeat.com\/content\/die-ethereum-okosystemanalyse-2024-3-6-2-11\/\"> <span class=\"screen-reader-text\">Die Ethereum-\u00d6kosystemanalyse 2024 3.6.2<\/span> Read More &raquo;<\/a><\/p>\n","protected":false},"author":1,"featured_media":0,"parent":0,"menu_order":0,"comment_status":"closed","ping_status":"closed","template":"","meta":{"site-sidebar-layout":"default","site-content-layout":"default","ast-main-header-display":"","ast-hfb-above-header-display":"","ast-hfb-below-header-display":"","ast-hfb-mobile-header-display":"","site-post-title":"","ast-breadcrumbs-content":"","ast-featured-img":"","footer-sml-layout":"","theme-transparent-header-meta":"","adv-header-id-meta":"","stick-header-meta":"","header-above-stick-meta":"","header-main-stick-meta":"","header-below-stick-meta":"","footnotes":""},"class_list":["post-94800","page","type-page","status-publish","hentry"],"_links":{"self":[{"href":"https:\/\/bengalmeat.com\/content\/wp-json\/wp\/v2\/pages\/94800","targetHints":{"allow":["GET"]}}],"collection":[{"href":"https:\/\/bengalmeat.com\/content\/wp-json\/wp\/v2\/pages"}],"about":[{"href":"https:\/\/bengalmeat.com\/content\/wp-json\/wp\/v2\/types\/page"}],"author":[{"embeddable":true,"href":"https:\/\/bengalmeat.com\/content\/wp-json\/wp\/v2\/users\/1"}],"replies":[{"embeddable":true,"href":"https:\/\/bengalmeat.com\/content\/wp-json\/wp\/v2\/comments?post=94800"}],"version-history":[{"count":1,"href":"https:\/\/bengalmeat.com\/content\/wp-json\/wp\/v2\/pages\/94800\/revisions"}],"predecessor-version":[{"id":94802,"href":"https:\/\/bengalmeat.com\/content\/wp-json\/wp\/v2\/pages\/94800\/revisions\/94802"}],"wp:attachment":[{"href":"https:\/\/bengalmeat.com\/content\/wp-json\/wp\/v2\/media?parent=94800"}],"curies":[{"name":"wp","href":"https:\/\/api.w.org\/{rel}","templated":true}]}}