{"id":94432,"date":"2024-11-20T16:23:32","date_gmt":"2024-11-20T16:23:32","guid":{"rendered":"https:\/\/content.bengalmeat.com\/?page_id=94432"},"modified":"2024-11-20T16:23:32","modified_gmt":"2024-11-20T16:23:32","slug":"cardano-roadmap-2024-5-3-1-dokumentation","status":"publish","type":"page","link":"https:\/\/bengalmeat.com\/content\/cardano-roadmap-2024-5-3-1-dokumentation\/","title":{"rendered":"Cardano Roadmap 2024 5.3.1 Dokumentation"},"content":{"rendered":"<h1>Cardano Roadmap 2024 5.3.1 Dokumentation<\/h1>\n<p>In diesem Beitrag erhalten Sie umfassende Informationen zur Cardano Roadmap 2024 5.3.1.<\/p>\n<p>Cardano ist eine bekannte Kryptow\u00e4hrung und Plattform, die auf fortschrittlicher Blockchain-Technologie basiert.<\/p>\n<p>Sie k\u00f6nnen die <a href='https:\/\/downloadpage.com\/cardano-roadmap-20245.3.1.pdf'>Dokumentation hier herunterladen<\/a> und selbst \u00fcberpr\u00fcfen.<\/p>\n<p><img src='https:\/\/cryptologos.cc\/logos\/cardano-ada-logo.png' alt='Cardano Logo'><\/p>\n<p>Die Cardano Roadmap 2024 5.3.1 enth\u00e4lt wichtige Informationen \u00fcber geplante Entwicklungen, Verbesserungen und Meilensteine f\u00fcr die Zukunft von Cardano.<\/p>\n","protected":false},"excerpt":{"rendered":"<p>Cardano Roadmap 2024 5.3.1 Dokumentation In diesem Beitrag erhalten Sie umfassende Informationen zur Cardano Roadmap 2024 5.3.1. Cardano ist eine bekannte Kryptow\u00e4hrung und Plattform, die auf fortschrittlicher Blockchain-Technologie basiert. Sie k\u00f6nnen die Dokumentation hier herunterladen und selbst \u00fcberpr\u00fcfen. Die Cardano Roadmap 2024 5.3.1 enth\u00e4lt wichtige Informationen \u00fcber geplante Entwicklungen, Verbesserungen und Meilensteine f\u00fcr die Zukunft &hellip;<\/p>\n<p class=\"read-more\"> <a class=\"\" href=\"https:\/\/bengalmeat.com\/content\/cardano-roadmap-2024-5-3-1-dokumentation\/\"> <span class=\"screen-reader-text\">Cardano Roadmap 2024 5.3.1 Dokumentation<\/span> Read More &raquo;<\/a><\/p>\n","protected":false},"author":1,"featured_media":0,"parent":0,"menu_order":0,"comment_status":"closed","ping_status":"closed","template":"","meta":{"site-sidebar-layout":"default","site-content-layout":"default","ast-main-header-display":"","ast-hfb-above-header-display":"","ast-hfb-below-header-display":"","ast-hfb-mobile-header-display":"","site-post-title":"","ast-breadcrumbs-content":"","ast-featured-img":"","footer-sml-layout":"","theme-transparent-header-meta":"","adv-header-id-meta":"","stick-header-meta":"","header-above-stick-meta":"","header-main-stick-meta":"","header-below-stick-meta":"","footnotes":""},"class_list":["post-94432","page","type-page","status-publish","hentry"],"_links":{"self":[{"href":"https:\/\/bengalmeat.com\/content\/wp-json\/wp\/v2\/pages\/94432","targetHints":{"allow":["GET"]}}],"collection":[{"href":"https:\/\/bengalmeat.com\/content\/wp-json\/wp\/v2\/pages"}],"about":[{"href":"https:\/\/bengalmeat.com\/content\/wp-json\/wp\/v2\/types\/page"}],"author":[{"embeddable":true,"href":"https:\/\/bengalmeat.com\/content\/wp-json\/wp\/v2\/users\/1"}],"replies":[{"embeddable":true,"href":"https:\/\/bengalmeat.com\/content\/wp-json\/wp\/v2\/comments?post=94432"}],"version-history":[{"count":1,"href":"https:\/\/bengalmeat.com\/content\/wp-json\/wp\/v2\/pages\/94432\/revisions"}],"predecessor-version":[{"id":94433,"href":"https:\/\/bengalmeat.com\/content\/wp-json\/wp\/v2\/pages\/94432\/revisions\/94433"}],"wp:attachment":[{"href":"https:\/\/bengalmeat.com\/content\/wp-json\/wp\/v2\/media?parent=94432"}],"curies":[{"name":"wp","href":"https:\/\/api.w.org\/{rel}","templated":true}]}}