{"id":94229,"date":"2024-11-20T16:20:19","date_gmt":"2024-11-20T16:20:19","guid":{"rendered":"https:\/\/content.bengalmeat.com\/?page_id=94229"},"modified":"2024-11-20T16:20:19","modified_gmt":"2024-11-20T16:20:19","slug":"alles-was-sie-uber-den-eos-okosystembericht-2024-5-5-0-wissen-mussen","status":"publish","type":"page","link":"https:\/\/bengalmeat.com\/content\/alles-was-sie-uber-den-eos-okosystembericht-2024-5-5-0-wissen-mussen\/","title":{"rendered":"Alles, was Sie \u00fcber den EOS \u00d6kosystembericht 2024 5.5.0 wissen m\u00fcssen"},"content":{"rendered":"<h1>EOS \u00d6kosystembericht 2024 5.5.0<\/h1>\n<p><img src='https:\/\/cryptologos.cc\/logos\/eos-eos-logo.png'><\/p>\n<p>Der <a href='https:\/\/downloadpage.com\/eos-\u00f6kosystembericht-2024-5-5-0.pdf' download>EOS \u00d6kosystembericht 2024 Version 5.5.0<\/a> bietet einen detaillierten Einblick in die EOS-Plattform und ihre Entwicklungen. Dieser Bericht ist ein unverzichtbares Werkzeug f\u00fcr alle, die sich f\u00fcr EOS interessieren.<\/p>\n<h2>Was ist EOS?<\/h2>\n<p>EOS ist eine bahnbrechende Blockchain-Plattform, die es Unternehmen erm\u00f6glicht, dezentrale Anwendungen zu erstellen und auszuf\u00fchren. Mit einem Fokus auf Skalierbarkeit und Benutzerfreundlichkeit hat sich EOS zu einer der f\u00fchrenden Plattformen in der Kryptowelt entwickelt.<\/p>\n<h2>Highlights des Berichts<\/h2>\n<ul>\n<li>\u00dcbersicht \u00fcber die EOS-Plattform<\/li>\n<li>Aktuelle Entwicklungen und Updates<\/li>\n<li>Zuk\u00fcnftige Prognosen und Trends<\/li>\n<\/ul>\n<p>Laden Sie den <a href='https:\/\/downloadpage.com\/eos-\u00f6kosystembericht-2024-5-5-0.pdf' download>EOS \u00d6kosystembericht 2024 Version 5.5.0 hier<\/a> herunter, um detaillierte Einblicke zu erhalten.<\/p>\n","protected":false},"excerpt":{"rendered":"<p>EOS \u00d6kosystembericht 2024 5.5.0 Der EOS \u00d6kosystembericht 2024 Version 5.5.0 bietet einen detaillierten Einblick in die EOS-Plattform und ihre Entwicklungen. Dieser Bericht ist ein unverzichtbares Werkzeug f\u00fcr alle, die sich f\u00fcr EOS interessieren. Was ist EOS? EOS ist eine bahnbrechende Blockchain-Plattform, die es Unternehmen erm\u00f6glicht, dezentrale Anwendungen zu erstellen und auszuf\u00fchren. Mit einem Fokus auf &hellip;<\/p>\n<p class=\"read-more\"> <a class=\"\" href=\"https:\/\/bengalmeat.com\/content\/alles-was-sie-uber-den-eos-okosystembericht-2024-5-5-0-wissen-mussen\/\"> <span class=\"screen-reader-text\">Alles, was Sie \u00fcber den EOS \u00d6kosystembericht 2024 5.5.0 wissen m\u00fcssen<\/span> Read More &raquo;<\/a><\/p>\n","protected":false},"author":1,"featured_media":0,"parent":0,"menu_order":0,"comment_status":"closed","ping_status":"closed","template":"","meta":{"site-sidebar-layout":"default","site-content-layout":"default","ast-main-header-display":"","ast-hfb-above-header-display":"","ast-hfb-below-header-display":"","ast-hfb-mobile-header-display":"","site-post-title":"","ast-breadcrumbs-content":"","ast-featured-img":"","footer-sml-layout":"","theme-transparent-header-meta":"","adv-header-id-meta":"","stick-header-meta":"","header-above-stick-meta":"","header-main-stick-meta":"","header-below-stick-meta":"","footnotes":""},"class_list":["post-94229","page","type-page","status-publish","hentry"],"_links":{"self":[{"href":"https:\/\/bengalmeat.com\/content\/wp-json\/wp\/v2\/pages\/94229","targetHints":{"allow":["GET"]}}],"collection":[{"href":"https:\/\/bengalmeat.com\/content\/wp-json\/wp\/v2\/pages"}],"about":[{"href":"https:\/\/bengalmeat.com\/content\/wp-json\/wp\/v2\/types\/page"}],"author":[{"embeddable":true,"href":"https:\/\/bengalmeat.com\/content\/wp-json\/wp\/v2\/users\/1"}],"replies":[{"embeddable":true,"href":"https:\/\/bengalmeat.com\/content\/wp-json\/wp\/v2\/comments?post=94229"}],"version-history":[{"count":1,"href":"https:\/\/bengalmeat.com\/content\/wp-json\/wp\/v2\/pages\/94229\/revisions"}],"predecessor-version":[{"id":94230,"href":"https:\/\/bengalmeat.com\/content\/wp-json\/wp\/v2\/pages\/94229\/revisions\/94230"}],"wp:attachment":[{"href":"https:\/\/bengalmeat.com\/content\/wp-json\/wp\/v2\/media?parent=94229"}],"curies":[{"name":"wp","href":"https:\/\/api.w.org\/{rel}","templated":true}]}}