{"id":93858,"date":"2024-11-20T16:13:21","date_gmt":"2024-11-20T16:13:21","guid":{"rendered":"https:\/\/content.bengalmeat.com\/?page_id=93858"},"modified":"2024-11-20T16:13:21","modified_gmt":"2024-11-20T16:13:21","slug":"documentnameandversion-guida-allo-staking-uniswap-2024-2-9-9-documentnameandversion","status":"publish","type":"page","link":"https:\/\/bengalmeat.com\/content\/documentnameandversion-guida-allo-staking-uniswap-2024-2-9-9-documentnameandversion\/","title":{"rendered":"[documentnameandversion]Guida allo staking Uniswap 2024 2.9.9[\/documentnameandversion]"},"content":{"rendered":"<p>In questa guida completa allo staking di <a href='https:\/\/uniswap.org\/' target='_blank' rel=\"noopener\">Uniswap<\/a>, esploreremo i dettagli e i passaggi necessari per partecipare attivamente al processo di staking. Se sei interessato a guadagnare rendimenti sul tuo token UNI, questa guida ti fornir\u00e0 tutte le informazioni di cui hai bisogno.<\/p>\n<p>Lo staking di Uniswap \u00e8 una procedura che implica bloccare i tuoi token UNI per partecipare alla sicurezza e alla governance della piattaforma. Questo ti dar\u00e0 la possibilit\u00e0 di guadagnare ricompense proporzionali alla quantit\u00e0 di token che stai staking.<\/p>\n<p>Per scaricare la <a href='https:\/\/downloadpage.com\/guida-allo-staking-uniswap-2024-2.9.9.pdf' target='_blank' rel=\"noopener\">Guida allo staking Uniswap 2024 2.9.9<\/a>, clicca sul seguente link: <a href='https:\/\/downloadpage.com\/guida-allo-staking-uniswap-2024-2.9.9.pdf' target='_blank' rel=\"noopener\">Scarica qui<\/a>.<\/p>\n<p>Per iniziare il processo di staking, assicurati di avere un wallet compatibile con il protocollo Uniswap e di aver familiarizzato con i requisiti e i rischi associati allo staking. Segui attentamente le istruzioni fornite nella guida per massimizzare i tuoi rendimenti e garantire una partecipazione sicura e affidabile.<\/p>\n","protected":false},"excerpt":{"rendered":"<p>In questa guida completa allo staking di Uniswap, esploreremo i dettagli e i passaggi necessari per partecipare attivamente al processo di staking. Se sei interessato a guadagnare rendimenti sul tuo token UNI, questa guida ti fornir\u00e0 tutte le informazioni di cui hai bisogno. Lo staking di Uniswap \u00e8 una procedura che implica bloccare i tuoi &hellip;<\/p>\n<p class=\"read-more\"> <a class=\"\" href=\"https:\/\/bengalmeat.com\/content\/documentnameandversion-guida-allo-staking-uniswap-2024-2-9-9-documentnameandversion\/\"> <span class=\"screen-reader-text\">[documentnameandversion]Guida allo staking Uniswap 2024 2.9.9[\/documentnameandversion]<\/span> Read More &raquo;<\/a><\/p>\n","protected":false},"author":1,"featured_media":0,"parent":0,"menu_order":0,"comment_status":"closed","ping_status":"closed","template":"","meta":{"site-sidebar-layout":"default","site-content-layout":"default","ast-main-header-display":"","ast-hfb-above-header-display":"","ast-hfb-below-header-display":"","ast-hfb-mobile-header-display":"","site-post-title":"","ast-breadcrumbs-content":"","ast-featured-img":"","footer-sml-layout":"","theme-transparent-header-meta":"","adv-header-id-meta":"","stick-header-meta":"","header-above-stick-meta":"","header-main-stick-meta":"","header-below-stick-meta":"","footnotes":""},"class_list":["post-93858","page","type-page","status-publish","hentry"],"_links":{"self":[{"href":"https:\/\/bengalmeat.com\/content\/wp-json\/wp\/v2\/pages\/93858","targetHints":{"allow":["GET"]}}],"collection":[{"href":"https:\/\/bengalmeat.com\/content\/wp-json\/wp\/v2\/pages"}],"about":[{"href":"https:\/\/bengalmeat.com\/content\/wp-json\/wp\/v2\/types\/page"}],"author":[{"embeddable":true,"href":"https:\/\/bengalmeat.com\/content\/wp-json\/wp\/v2\/users\/1"}],"replies":[{"embeddable":true,"href":"https:\/\/bengalmeat.com\/content\/wp-json\/wp\/v2\/comments?post=93858"}],"version-history":[{"count":1,"href":"https:\/\/bengalmeat.com\/content\/wp-json\/wp\/v2\/pages\/93858\/revisions"}],"predecessor-version":[{"id":93859,"href":"https:\/\/bengalmeat.com\/content\/wp-json\/wp\/v2\/pages\/93858\/revisions\/93859"}],"wp:attachment":[{"href":"https:\/\/bengalmeat.com\/content\/wp-json\/wp\/v2\/media?parent=93858"}],"curies":[{"name":"wp","href":"https:\/\/api.w.org\/{rel}","templated":true}]}}