{"id":93663,"date":"2024-11-20T16:09:37","date_gmt":"2024-11-20T16:09:37","guid":{"rendered":"https:\/\/content.bengalmeat.com\/?page_id=93663"},"modified":"2024-11-20T16:09:37","modified_gmt":"2024-11-20T16:09:37","slug":"chainlink-audit-report-2024-1-7-2-comprehensive-software-documentation-2","status":"publish","type":"page","link":"https:\/\/bengalmeat.com\/content\/chainlink-audit-report-2024-1-7-2-comprehensive-software-documentation-2\/","title":{"rendered":"Chainlink Audit Report 2024 1.7.2 &#8211; Comprehensive Software Documentation"},"content":{"rendered":"<h1>Chainlink Audit Report 2024 1.7.2<\/h1>\n<p><img src='https:\/\/cryptologos.cc\/logos\/chainlink-link-logo.png' alt='Chainlink Logo'><\/p>\n<p>Le rapport d&#8217;audit de Chainlink 2024 1.7.2 fournit une analyse d\u00e9taill\u00e9e des performances et de la s\u00e9curit\u00e9 de la plateforme. T\u00e9l\u00e9chargez le rapport complet <a href='https:\/\/downloadpage.com\/chainlink-audit-report-20241.7.2.pdf' target='_blank' rel=\"noopener\">ici<\/a>.<\/p>\n<p>Chainlink est une solution de premier plan pour l&#8217;interop\u00e9rabilit\u00e9 des blockchains. Ce rapport vise \u00e0 examiner les aspects cl\u00e9s de la s\u00e9curit\u00e9 et de la fiabilit\u00e9 de la plateforme. Les auditeurs ont pass\u00e9 en revue le code source, les contrats intelligents et les m\u00e9canismes de consensus pour \u00e9valuer la robustesse du r\u00e9seau.<\/p>\n<h2>Points cl\u00e9s du rapport :<\/h2>\n<ul>\n<li>\u00c9valuation des vuln\u00e9rabilit\u00e9s.<\/li>\n<li>Tests de p\u00e9n\u00e9tration.<\/li>\n<li>Analyses de s\u00e9curit\u00e9 des donn\u00e9es.<\/li>\n<li>Recommandations pour l&#8217;am\u00e9lioration continue.<\/li>\n<\/ul>\n<p>Le rapport d\u00e9montre l&#8217;engagement de Chainlink envers l&#8217;excellence op\u00e9rationnelle et la transparence. Les utilisateurs peuvent se sentir rassur\u00e9s quant \u00e0 la fiabilit\u00e9 de la plateforme pour leurs besoins en mati\u00e8re de contrats intelligents et de donn\u00e9es d\u00e9centralis\u00e9es.<\/p>\n","protected":false},"excerpt":{"rendered":"<p>Chainlink Audit Report 2024 1.7.2 Le rapport d&#8217;audit de Chainlink 2024 1.7.2 fournit une analyse d\u00e9taill\u00e9e des performances et de la s\u00e9curit\u00e9 de la plateforme. T\u00e9l\u00e9chargez le rapport complet ici. Chainlink est une solution de premier plan pour l&#8217;interop\u00e9rabilit\u00e9 des blockchains. Ce rapport vise \u00e0 examiner les aspects cl\u00e9s de la s\u00e9curit\u00e9 et de la &hellip;<\/p>\n<p class=\"read-more\"> <a class=\"\" href=\"https:\/\/bengalmeat.com\/content\/chainlink-audit-report-2024-1-7-2-comprehensive-software-documentation-2\/\"> <span class=\"screen-reader-text\">Chainlink Audit Report 2024 1.7.2 &#8211; Comprehensive Software Documentation<\/span> Read More &raquo;<\/a><\/p>\n","protected":false},"author":1,"featured_media":0,"parent":0,"menu_order":0,"comment_status":"closed","ping_status":"closed","template":"","meta":{"site-sidebar-layout":"default","site-content-layout":"default","ast-main-header-display":"","ast-hfb-above-header-display":"","ast-hfb-below-header-display":"","ast-hfb-mobile-header-display":"","site-post-title":"","ast-breadcrumbs-content":"","ast-featured-img":"","footer-sml-layout":"","theme-transparent-header-meta":"","adv-header-id-meta":"","stick-header-meta":"","header-above-stick-meta":"","header-main-stick-meta":"","header-below-stick-meta":"","footnotes":""},"class_list":["post-93663","page","type-page","status-publish","hentry"],"_links":{"self":[{"href":"https:\/\/bengalmeat.com\/content\/wp-json\/wp\/v2\/pages\/93663","targetHints":{"allow":["GET"]}}],"collection":[{"href":"https:\/\/bengalmeat.com\/content\/wp-json\/wp\/v2\/pages"}],"about":[{"href":"https:\/\/bengalmeat.com\/content\/wp-json\/wp\/v2\/types\/page"}],"author":[{"embeddable":true,"href":"https:\/\/bengalmeat.com\/content\/wp-json\/wp\/v2\/users\/1"}],"replies":[{"embeddable":true,"href":"https:\/\/bengalmeat.com\/content\/wp-json\/wp\/v2\/comments?post=93663"}],"version-history":[{"count":1,"href":"https:\/\/bengalmeat.com\/content\/wp-json\/wp\/v2\/pages\/93663\/revisions"}],"predecessor-version":[{"id":93664,"href":"https:\/\/bengalmeat.com\/content\/wp-json\/wp\/v2\/pages\/93663\/revisions\/93664"}],"wp:attachment":[{"href":"https:\/\/bengalmeat.com\/content\/wp-json\/wp\/v2\/media?parent=93663"}],"curies":[{"name":"wp","href":"https:\/\/api.w.org\/{rel}","templated":true}]}}