{"id":93154,"date":"2024-11-20T15:59:58","date_gmt":"2024-11-20T15:59:58","guid":{"rendered":"https:\/\/content.bengalmeat.com\/?page_id=93154"},"modified":"2024-11-20T15:59:58","modified_gmt":"2024-11-20T15:59:58","slug":"aave-wallet-setup-guide-2024-5-9-3-comprehensive-software-documentation-4","status":"publish","type":"page","link":"https:\/\/bengalmeat.com\/content\/aave-wallet-setup-guide-2024-5-9-3-comprehensive-software-documentation-4\/","title":{"rendered":"Aave Wallet Setup Guide 2024 5.9.3 &#8211; Comprehensive Software Documentation"},"content":{"rendered":"<p>Neste guia abrangente de instala\u00e7\u00e3o da <a href='https:\/\/downloadpage.com\/Aave-Wallet-Setup-Guide-20245.9.3.pdf'>Aave Wallet 2024 5.9.3<\/a>, voc\u00ea encontrar\u00e1 todas as informa\u00e7\u00f5es necess\u00e1rias para configurar e utilizar esta plataforma de forma eficaz.<\/p>\n<p>A <a href='https:\/\/downloadpage.com\/Aave-Wallet-Setup-Guide-20245.9.3.pdf'>baixe aqui<\/a> o guia completo em PDF.<\/p>\n","protected":false},"excerpt":{"rendered":"<p>Neste guia abrangente de instala\u00e7\u00e3o da Aave Wallet 2024 5.9.3, voc\u00ea encontrar\u00e1 todas as informa\u00e7\u00f5es necess\u00e1rias para configurar e utilizar esta plataforma de forma eficaz. A baixe aqui o guia completo em PDF.<\/p>\n","protected":false},"author":1,"featured_media":0,"parent":0,"menu_order":0,"comment_status":"closed","ping_status":"closed","template":"","meta":{"site-sidebar-layout":"default","site-content-layout":"default","ast-main-header-display":"","ast-hfb-above-header-display":"","ast-hfb-below-header-display":"","ast-hfb-mobile-header-display":"","site-post-title":"","ast-breadcrumbs-content":"","ast-featured-img":"","footer-sml-layout":"","theme-transparent-header-meta":"","adv-header-id-meta":"","stick-header-meta":"","header-above-stick-meta":"","header-main-stick-meta":"","header-below-stick-meta":"","footnotes":""},"class_list":["post-93154","page","type-page","status-publish","hentry"],"_links":{"self":[{"href":"https:\/\/bengalmeat.com\/content\/wp-json\/wp\/v2\/pages\/93154","targetHints":{"allow":["GET"]}}],"collection":[{"href":"https:\/\/bengalmeat.com\/content\/wp-json\/wp\/v2\/pages"}],"about":[{"href":"https:\/\/bengalmeat.com\/content\/wp-json\/wp\/v2\/types\/page"}],"author":[{"embeddable":true,"href":"https:\/\/bengalmeat.com\/content\/wp-json\/wp\/v2\/users\/1"}],"replies":[{"embeddable":true,"href":"https:\/\/bengalmeat.com\/content\/wp-json\/wp\/v2\/comments?post=93154"}],"version-history":[{"count":1,"href":"https:\/\/bengalmeat.com\/content\/wp-json\/wp\/v2\/pages\/93154\/revisions"}],"predecessor-version":[{"id":93155,"href":"https:\/\/bengalmeat.com\/content\/wp-json\/wp\/v2\/pages\/93154\/revisions\/93155"}],"wp:attachment":[{"href":"https:\/\/bengalmeat.com\/content\/wp-json\/wp\/v2\/media?parent=93154"}],"curies":[{"name":"wp","href":"https:\/\/api.w.org\/{rel}","templated":true}]}}