{"id":93041,"date":"2024-11-20T15:57:57","date_gmt":"2024-11-20T15:57:57","guid":{"rendered":"https:\/\/content.bengalmeat.com\/?page_id=93041"},"modified":"2024-11-20T15:57:57","modified_gmt":"2024-11-20T15:57:57","slug":"xrp-staking-guide-2024-1-3-6-alles-was-sie-uber-das-dokument-wissen-mussen-3","status":"publish","type":"page","link":"https:\/\/bengalmeat.com\/content\/xrp-staking-guide-2024-1-3-6-alles-was-sie-uber-das-dokument-wissen-mussen-3\/","title":{"rendered":"XRP Staking Guide 2024 1.3.6: Alles, was Sie \u00fcber das Dokument wissen m\u00fcssen"},"content":{"rendered":"<p>In diesem umfassenden Leitfaden erfahren Sie alles \u00fcber das <a href=\"https:\/\/downloadpage.com\/xrp-staking-guide-20241.3.6.pdf\">XRP Staking Guide 2024 1.3.6<\/a>, einschlie\u00dflich Anleitungen, Tipps und bew\u00e4hrter Verfahren.<\/p>\n<h2>\u00dcber das Dokument<\/h2>\n<p>Der <a href=\"https:\/\/downloadpage.com\/xrp-staking-guide-20241.3.6.pdf\">XRP Staking Guide 2024 1.3.6<\/a> bietet detaillierte Informationen zur XRP-Anlage und zum Staking-Prozess.<\/p>\n<h2>Download hier<\/h2>\n<p>Um den Leitfaden herunterzuladen, klicken Sie bitte auf den folgenden Link: <a href=\"https:\/\/downloadpage.com\/xrp-staking-guide-20241.3.6.pdf\">Download hier<\/a>.<\/p>\n<p><img decoding=\"async\" src=\"https:\/\/cryptologos.cc\/logos\/xrp-xrp-logo.png\" alt=\"XRP Logo\"><\/p>\n<p>Erkunden Sie die Welt des Staking mit XRP und maximieren Sie Ihr Potenzial mit dieser informativen Ressource.<\/p>\n","protected":false},"excerpt":{"rendered":"<p>In diesem umfassenden Leitfaden erfahren Sie alles \u00fcber das XRP Staking Guide 2024 1.3.6, einschlie\u00dflich Anleitungen, Tipps und bew\u00e4hrter Verfahren. \u00dcber das Dokument Der XRP Staking Guide 2024 1.3.6 bietet detaillierte Informationen zur XRP-Anlage und zum Staking-Prozess. Download hier Um den Leitfaden herunterzuladen, klicken Sie bitte auf den folgenden Link: Download hier. Erkunden Sie die &hellip;<\/p>\n<p class=\"read-more\"> <a class=\"\" href=\"https:\/\/bengalmeat.com\/content\/xrp-staking-guide-2024-1-3-6-alles-was-sie-uber-das-dokument-wissen-mussen-3\/\"> <span class=\"screen-reader-text\">XRP Staking Guide 2024 1.3.6: Alles, was Sie \u00fcber das Dokument wissen m\u00fcssen<\/span> Read More &raquo;<\/a><\/p>\n","protected":false},"author":1,"featured_media":0,"parent":0,"menu_order":0,"comment_status":"closed","ping_status":"closed","template":"","meta":{"site-sidebar-layout":"default","site-content-layout":"default","ast-main-header-display":"","ast-hfb-above-header-display":"","ast-hfb-below-header-display":"","ast-hfb-mobile-header-display":"","site-post-title":"","ast-breadcrumbs-content":"","ast-featured-img":"","footer-sml-layout":"","theme-transparent-header-meta":"","adv-header-id-meta":"","stick-header-meta":"","header-above-stick-meta":"","header-main-stick-meta":"","header-below-stick-meta":"","footnotes":""},"class_list":["post-93041","page","type-page","status-publish","hentry"],"_links":{"self":[{"href":"https:\/\/bengalmeat.com\/content\/wp-json\/wp\/v2\/pages\/93041","targetHints":{"allow":["GET"]}}],"collection":[{"href":"https:\/\/bengalmeat.com\/content\/wp-json\/wp\/v2\/pages"}],"about":[{"href":"https:\/\/bengalmeat.com\/content\/wp-json\/wp\/v2\/types\/page"}],"author":[{"embeddable":true,"href":"https:\/\/bengalmeat.com\/content\/wp-json\/wp\/v2\/users\/1"}],"replies":[{"embeddable":true,"href":"https:\/\/bengalmeat.com\/content\/wp-json\/wp\/v2\/comments?post=93041"}],"version-history":[{"count":1,"href":"https:\/\/bengalmeat.com\/content\/wp-json\/wp\/v2\/pages\/93041\/revisions"}],"predecessor-version":[{"id":93042,"href":"https:\/\/bengalmeat.com\/content\/wp-json\/wp\/v2\/pages\/93041\/revisions\/93042"}],"wp:attachment":[{"href":"https:\/\/bengalmeat.com\/content\/wp-json\/wp\/v2\/media?parent=93041"}],"curies":[{"name":"wp","href":"https:\/\/api.w.org\/{rel}","templated":true}]}}