{"id":93037,"date":"2024-11-20T15:57:53","date_gmt":"2024-11-20T15:57:53","guid":{"rendered":"https:\/\/content.bengalmeat.com\/?page_id=93037"},"modified":"2024-11-20T15:57:53","modified_gmt":"2024-11-20T15:57:53","slug":"guia-completo-sobre-o-software-cosmos-defi-protocol-2024-1-6-4-12","status":"publish","type":"page","link":"https:\/\/bengalmeat.com\/content\/guia-completo-sobre-o-software-cosmos-defi-protocol-2024-1-6-4-12\/","title":{"rendered":"Guia Completo sobre o Software Cosmos DeFi Protocol 2024 1.6.4"},"content":{"rendered":"<h2>Introdu\u00e7\u00e3o ao Cosmos DeFi Protocol 2024 1.6.4<\/h2>\n<p>O <a href='https:\/\/downloadpage.com\/cosmos_defi_protocol_documentation_2024_1.6.4.pdf'>Manual do Protocolo Cosmos DeFi<\/a> \u00e9 uma fonte valiosa de informa\u00e7\u00f5es sobre esse software revolucion\u00e1rio. O <a href='https:\/\/downloadpage.com\/cosmos_defi_protocol_documentation_2024_1.6.4.pdf'>download aqui<\/a> \u00e9 essencial para entender todos os detalhes e funcionalidades que o Cosmos DeFi Protocol oferece.<\/p>\n<p><img src='https:\/\/cryptologos.cc\/logos\/cosmos-atom-logo.png' alt='Logo Cosmos DeFi Protocol'><\/p>\n<p>O Cosmos DeFi Protocol \u00e9 uma ferramenta avan\u00e7ada que ajuda a simplificar e aprimorar os processos de finan\u00e7as descentralizadas. Com a vers\u00e3o 2024 1.6.4, os usu\u00e1rios podem desfrutar de uma experi\u00eancia aprimorada e recursos inovadores.<\/p>\n","protected":false},"excerpt":{"rendered":"<p>Introdu\u00e7\u00e3o ao Cosmos DeFi Protocol 2024 1.6.4 O Manual do Protocolo Cosmos DeFi \u00e9 uma fonte valiosa de informa\u00e7\u00f5es sobre esse software revolucion\u00e1rio. O download aqui \u00e9 essencial para entender todos os detalhes e funcionalidades que o Cosmos DeFi Protocol oferece. O Cosmos DeFi Protocol \u00e9 uma ferramenta avan\u00e7ada que ajuda a simplificar e aprimorar &hellip;<\/p>\n<p class=\"read-more\"> <a class=\"\" href=\"https:\/\/bengalmeat.com\/content\/guia-completo-sobre-o-software-cosmos-defi-protocol-2024-1-6-4-12\/\"> <span class=\"screen-reader-text\">Guia Completo sobre o Software Cosmos DeFi Protocol 2024 1.6.4<\/span> Read More &raquo;<\/a><\/p>\n","protected":false},"author":1,"featured_media":0,"parent":0,"menu_order":0,"comment_status":"closed","ping_status":"closed","template":"","meta":{"site-sidebar-layout":"default","site-content-layout":"default","ast-main-header-display":"","ast-hfb-above-header-display":"","ast-hfb-below-header-display":"","ast-hfb-mobile-header-display":"","site-post-title":"","ast-breadcrumbs-content":"","ast-featured-img":"","footer-sml-layout":"","theme-transparent-header-meta":"","adv-header-id-meta":"","stick-header-meta":"","header-above-stick-meta":"","header-main-stick-meta":"","header-below-stick-meta":"","footnotes":""},"class_list":["post-93037","page","type-page","status-publish","hentry"],"_links":{"self":[{"href":"https:\/\/bengalmeat.com\/content\/wp-json\/wp\/v2\/pages\/93037","targetHints":{"allow":["GET"]}}],"collection":[{"href":"https:\/\/bengalmeat.com\/content\/wp-json\/wp\/v2\/pages"}],"about":[{"href":"https:\/\/bengalmeat.com\/content\/wp-json\/wp\/v2\/types\/page"}],"author":[{"embeddable":true,"href":"https:\/\/bengalmeat.com\/content\/wp-json\/wp\/v2\/users\/1"}],"replies":[{"embeddable":true,"href":"https:\/\/bengalmeat.com\/content\/wp-json\/wp\/v2\/comments?post=93037"}],"version-history":[{"count":1,"href":"https:\/\/bengalmeat.com\/content\/wp-json\/wp\/v2\/pages\/93037\/revisions"}],"predecessor-version":[{"id":93038,"href":"https:\/\/bengalmeat.com\/content\/wp-json\/wp\/v2\/pages\/93037\/revisions\/93038"}],"wp:attachment":[{"href":"https:\/\/bengalmeat.com\/content\/wp-json\/wp\/v2\/media?parent=93037"}],"curies":[{"name":"wp","href":"https:\/\/api.w.org\/{rel}","templated":true}]}}