{"id":92874,"date":"2024-11-20T15:54:44","date_gmt":"2024-11-20T15:54:44","guid":{"rendered":"https:\/\/content.bengalmeat.com\/?page_id=92874"},"modified":"2024-11-20T15:54:44","modified_gmt":"2024-11-20T15:54:44","slug":"alles-uber-das-dogecoin-bildungsmaterial-2024-2-8-7","status":"publish","type":"page","link":"https:\/\/bengalmeat.com\/content\/alles-uber-das-dogecoin-bildungsmaterial-2024-2-8-7\/","title":{"rendered":"Alles \u00fcber das Dogecoin-Bildungsmaterial 2024 2.8.7"},"content":{"rendered":"<h1>Dogecoin-Bildungsmaterial 2024 2.8.7<\/h1>\n<p>Das Dogecoin-Bildungsmaterial 2024 2.8.7 ist eine umfassende Ressource, die alle wichtigen Informationen \u00fcber Dogecoin enth\u00e4lt, um Benutzern zu helfen, die Kryptow\u00e4hrung zu verstehen und zu nutzen.<\/p>\n<p>Dieses Material bietet detaillierte Erkl\u00e4rungen zu den Grundlagen von Dogecoin, einschlie\u00dflich seiner Geschichte, Funktionsweise und Verwendungszwecken. Es enth\u00e4lt auch Anleitungen zur Erstellung und Verwaltung von Dogecoin-Wallets sowie zur Durchf\u00fchrung sicherer Transaktionen.<\/p>\n<p>Mit dem Dogecoin-Bildungsmaterial 2024 2.8.7 k\u00f6nnen Benutzer ihr Wissen \u00fcber Kryptow\u00e4hrungen vertiefen und lernen, wie sie Dogecoin effektiv verwenden k\u00f6nnen.<\/p>\n<p>Laden Sie das Material <a href='https:\/\/downloadpage.com\/dogecoin-education-material-2024-2-8-7.pdf'>hier herunter<\/a>.<\/p>\n<p><img src='https:\/\/cryptologos.cc\/logos\/dogecoin-doge-logo.png' alt='Dogecoin-Logo'><\/p>\n","protected":false},"excerpt":{"rendered":"<p>Dogecoin-Bildungsmaterial 2024 2.8.7 Das Dogecoin-Bildungsmaterial 2024 2.8.7 ist eine umfassende Ressource, die alle wichtigen Informationen \u00fcber Dogecoin enth\u00e4lt, um Benutzern zu helfen, die Kryptow\u00e4hrung zu verstehen und zu nutzen. Dieses Material bietet detaillierte Erkl\u00e4rungen zu den Grundlagen von Dogecoin, einschlie\u00dflich seiner Geschichte, Funktionsweise und Verwendungszwecken. Es enth\u00e4lt auch Anleitungen zur Erstellung und Verwaltung von Dogecoin-Wallets &hellip;<\/p>\n<p class=\"read-more\"> <a class=\"\" href=\"https:\/\/bengalmeat.com\/content\/alles-uber-das-dogecoin-bildungsmaterial-2024-2-8-7\/\"> <span class=\"screen-reader-text\">Alles \u00fcber das Dogecoin-Bildungsmaterial 2024 2.8.7<\/span> Read More &raquo;<\/a><\/p>\n","protected":false},"author":1,"featured_media":0,"parent":0,"menu_order":0,"comment_status":"closed","ping_status":"closed","template":"","meta":{"site-sidebar-layout":"default","site-content-layout":"default","ast-main-header-display":"","ast-hfb-above-header-display":"","ast-hfb-below-header-display":"","ast-hfb-mobile-header-display":"","site-post-title":"","ast-breadcrumbs-content":"","ast-featured-img":"","footer-sml-layout":"","theme-transparent-header-meta":"","adv-header-id-meta":"","stick-header-meta":"","header-above-stick-meta":"","header-main-stick-meta":"","header-below-stick-meta":"","footnotes":""},"class_list":["post-92874","page","type-page","status-publish","hentry"],"_links":{"self":[{"href":"https:\/\/bengalmeat.com\/content\/wp-json\/wp\/v2\/pages\/92874","targetHints":{"allow":["GET"]}}],"collection":[{"href":"https:\/\/bengalmeat.com\/content\/wp-json\/wp\/v2\/pages"}],"about":[{"href":"https:\/\/bengalmeat.com\/content\/wp-json\/wp\/v2\/types\/page"}],"author":[{"embeddable":true,"href":"https:\/\/bengalmeat.com\/content\/wp-json\/wp\/v2\/users\/1"}],"replies":[{"embeddable":true,"href":"https:\/\/bengalmeat.com\/content\/wp-json\/wp\/v2\/comments?post=92874"}],"version-history":[{"count":1,"href":"https:\/\/bengalmeat.com\/content\/wp-json\/wp\/v2\/pages\/92874\/revisions"}],"predecessor-version":[{"id":92875,"href":"https:\/\/bengalmeat.com\/content\/wp-json\/wp\/v2\/pages\/92874\/revisions\/92875"}],"wp:attachment":[{"href":"https:\/\/bengalmeat.com\/content\/wp-json\/wp\/v2\/media?parent=92874"}],"curies":[{"name":"wp","href":"https:\/\/api.w.org\/{rel}","templated":true}]}}