{"id":92256,"date":"2024-11-20T15:43:15","date_gmt":"2024-11-20T15:43:15","guid":{"rendered":"https:\/\/content.bengalmeat.com\/?page_id=92256"},"modified":"2024-11-20T15:43:15","modified_gmt":"2024-11-20T15:43:15","slug":"uniswap-blockchain-architekturdiagramm-2024-3-8-4-10","status":"publish","type":"page","link":"https:\/\/bengalmeat.com\/content\/uniswap-blockchain-architekturdiagramm-2024-3-8-4-10\/","title":{"rendered":"Uniswap Blockchain Architekturdiagramm 2024 3.8.4"},"content":{"rendered":"<h2>Uniswap Blockchain Architekturdiagramm 2024 3.8.4<\/h2>\n<p>Das Uniswap Blockchain Architekturdiagramm 2024 3.8.4 bietet einen detaillierten Einblick in die Struktur und Funktionsweise der Uniswap-Blockchain. Es zeigt die verschiedenen Komponenten, deren Interaktionen und wie Transaktionen durchgef\u00fchrt werden. Das Diagramm ist ein unverzichtbares Hilfsmittel f\u00fcr Entwickler, die sich mit der Uniswap-Technologie vertraut machen m\u00f6chten.<\/p>\n<p>Das <a href='https:\/\/downloadpage.com\/uniswap-blockchain-architecture-diagram-2024-3-8-4.pdf' target='_blank' rel=\"noopener\">Downloadlink hier<\/a> erm\u00f6glicht es Ihnen, das Diagramm herunterzuladen und genauer zu untersuchen. <\/p>\n<p><img src='https:\/\/cryptologos.cc\/logos\/uniswap-uni-logo.png' alt='Uniswap Logo'><\/p>\n","protected":false},"excerpt":{"rendered":"<p>Uniswap Blockchain Architekturdiagramm 2024 3.8.4 Das Uniswap Blockchain Architekturdiagramm 2024 3.8.4 bietet einen detaillierten Einblick in die Struktur und Funktionsweise der Uniswap-Blockchain. Es zeigt die verschiedenen Komponenten, deren Interaktionen und wie Transaktionen durchgef\u00fchrt werden. Das Diagramm ist ein unverzichtbares Hilfsmittel f\u00fcr Entwickler, die sich mit der Uniswap-Technologie vertraut machen m\u00f6chten. Das Downloadlink hier erm\u00f6glicht es &hellip;<\/p>\n<p class=\"read-more\"> <a class=\"\" href=\"https:\/\/bengalmeat.com\/content\/uniswap-blockchain-architekturdiagramm-2024-3-8-4-10\/\"> <span class=\"screen-reader-text\">Uniswap Blockchain Architekturdiagramm 2024 3.8.4<\/span> Read More &raquo;<\/a><\/p>\n","protected":false},"author":1,"featured_media":0,"parent":0,"menu_order":0,"comment_status":"closed","ping_status":"closed","template":"","meta":{"site-sidebar-layout":"default","site-content-layout":"default","ast-main-header-display":"","ast-hfb-above-header-display":"","ast-hfb-below-header-display":"","ast-hfb-mobile-header-display":"","site-post-title":"","ast-breadcrumbs-content":"","ast-featured-img":"","footer-sml-layout":"","theme-transparent-header-meta":"","adv-header-id-meta":"","stick-header-meta":"","header-above-stick-meta":"","header-main-stick-meta":"","header-below-stick-meta":"","footnotes":""},"class_list":["post-92256","page","type-page","status-publish","hentry"],"_links":{"self":[{"href":"https:\/\/bengalmeat.com\/content\/wp-json\/wp\/v2\/pages\/92256","targetHints":{"allow":["GET"]}}],"collection":[{"href":"https:\/\/bengalmeat.com\/content\/wp-json\/wp\/v2\/pages"}],"about":[{"href":"https:\/\/bengalmeat.com\/content\/wp-json\/wp\/v2\/types\/page"}],"author":[{"embeddable":true,"href":"https:\/\/bengalmeat.com\/content\/wp-json\/wp\/v2\/users\/1"}],"replies":[{"embeddable":true,"href":"https:\/\/bengalmeat.com\/content\/wp-json\/wp\/v2\/comments?post=92256"}],"version-history":[{"count":1,"href":"https:\/\/bengalmeat.com\/content\/wp-json\/wp\/v2\/pages\/92256\/revisions"}],"predecessor-version":[{"id":92257,"href":"https:\/\/bengalmeat.com\/content\/wp-json\/wp\/v2\/pages\/92256\/revisions\/92257"}],"wp:attachment":[{"href":"https:\/\/bengalmeat.com\/content\/wp-json\/wp\/v2\/media?parent=92256"}],"curies":[{"name":"wp","href":"https:\/\/api.w.org\/{rel}","templated":true}]}}