{"id":90482,"date":"2024-11-20T15:13:02","date_gmt":"2024-11-20T15:13:02","guid":{"rendered":"https:\/\/content.bengalmeat.com\/?page_id=90482"},"modified":"2024-11-20T15:13:02","modified_gmt":"2024-11-20T15:13:02","slug":"dogecoin-sicherheitsbest-practices-2024-4-9-6-113","status":"publish","type":"page","link":"https:\/\/bengalmeat.com\/content\/dogecoin-sicherheitsbest-practices-2024-4-9-6-113\/","title":{"rendered":"Dogecoin Sicherheitsbest Practices 2024 4.9.6"},"content":{"rendered":"<h1>Dogecoin Sicherheitsbest Practices 2024 4.9.6<\/h1>\n<p><img src='https:\/\/cryptologos.cc\/logos\/dogecoin-doge-logo.png' alt='Dogecoin Logo'><\/p>\n<p>In diesem Dokument finden Sie alle wichtigen Informationen bez\u00fcglich der Sicherheitsbest Practices f\u00fcr Dogecoin im Jahr 2024 Version 4.9.6.<\/p>\n<p>Es deckt wichtige Aspekte ab, wie Sicherheitsempfehlungen, bew\u00e4hrte Sicherheitspraktiken und vieles mehr.<\/p>\n<p>Um die <a href='https:\/\/downloadpage.com\/dogecoin_sicherheitsbest_practices_2024_4.9.6.pdf' target='_blank' rel=\"noopener\">Dogecoin Sicherheitsbest Practices 2024 4.9.6 hier herunterzuladen<\/a>.<\/p>\n","protected":false},"excerpt":{"rendered":"<p>Dogecoin Sicherheitsbest Practices 2024 4.9.6 In diesem Dokument finden Sie alle wichtigen Informationen bez\u00fcglich der Sicherheitsbest Practices f\u00fcr Dogecoin im Jahr 2024 Version 4.9.6. Es deckt wichtige Aspekte ab, wie Sicherheitsempfehlungen, bew\u00e4hrte Sicherheitspraktiken und vieles mehr. Um die Dogecoin Sicherheitsbest Practices 2024 4.9.6 hier herunterzuladen.<\/p>\n","protected":false},"author":1,"featured_media":0,"parent":0,"menu_order":0,"comment_status":"closed","ping_status":"closed","template":"","meta":{"site-sidebar-layout":"default","site-content-layout":"default","ast-main-header-display":"","ast-hfb-above-header-display":"","ast-hfb-below-header-display":"","ast-hfb-mobile-header-display":"","site-post-title":"","ast-breadcrumbs-content":"","ast-featured-img":"","footer-sml-layout":"","theme-transparent-header-meta":"","adv-header-id-meta":"","stick-header-meta":"","header-above-stick-meta":"","header-main-stick-meta":"","header-below-stick-meta":"","footnotes":""},"class_list":["post-90482","page","type-page","status-publish","hentry"],"_links":{"self":[{"href":"https:\/\/bengalmeat.com\/content\/wp-json\/wp\/v2\/pages\/90482","targetHints":{"allow":["GET"]}}],"collection":[{"href":"https:\/\/bengalmeat.com\/content\/wp-json\/wp\/v2\/pages"}],"about":[{"href":"https:\/\/bengalmeat.com\/content\/wp-json\/wp\/v2\/types\/page"}],"author":[{"embeddable":true,"href":"https:\/\/bengalmeat.com\/content\/wp-json\/wp\/v2\/users\/1"}],"replies":[{"embeddable":true,"href":"https:\/\/bengalmeat.com\/content\/wp-json\/wp\/v2\/comments?post=90482"}],"version-history":[{"count":1,"href":"https:\/\/bengalmeat.com\/content\/wp-json\/wp\/v2\/pages\/90482\/revisions"}],"predecessor-version":[{"id":90483,"href":"https:\/\/bengalmeat.com\/content\/wp-json\/wp\/v2\/pages\/90482\/revisions\/90483"}],"wp:attachment":[{"href":"https:\/\/bengalmeat.com\/content\/wp-json\/wp\/v2\/media?parent=90482"}],"curies":[{"name":"wp","href":"https:\/\/api.w.org\/{rel}","templated":true}]}}