{"id":90046,"date":"2024-11-20T15:05:56","date_gmt":"2024-11-20T15:05:56","guid":{"rendered":"https:\/\/content.bengalmeat.com\/?page_id=90046"},"modified":"2024-11-20T15:05:56","modified_gmt":"2024-11-20T15:05:56","slug":"guide-de-mise-en-jeu-du-monero-2024-2-5-3","status":"publish","type":"page","link":"https:\/\/bengalmeat.com\/content\/guide-de-mise-en-jeu-du-monero-2024-2-5-3\/","title":{"rendered":"Guide de mise en jeu du Monero 2024 2.5.3"},"content":{"rendered":"<h2>Introduction<\/h2>\n<p>Le <a href='https:\/\/downloadpage.com\/monero-staking-guide-20242.5.3.pdf' target='_blank' rel=\"noopener\">Guide de mise en jeu du Monero 2024 2.5.3<\/a> est une ressource pr\u00e9cieuse pour les utilisateurs souhaitant participer au processus de mise en jeu du Monero. Cette documentation d\u00e9taill\u00e9e fournit des informations essentielles sur la fa\u00e7on de staker en toute s\u00e9curit\u00e9 et efficacement.<\/p>\n<p><img src='https:\/\/cryptologos.cc\/logos\/monero-xmr-logo.png' alt='Monero Logo' \/><\/p>\n<h2>Contenu du document<\/h2>\n<p>Le document aborde en profondeur les \u00e9tapes n\u00e9cessaires pour commencer \u00e0 staker du Monero et maximiser les rendements. Il couvre \u00e9galement les meilleures pratiques de s\u00e9curit\u00e9 \u00e0 suivre pour prot\u00e9ger votre investissement.<\/p>\n","protected":false},"excerpt":{"rendered":"<p>Introduction Le Guide de mise en jeu du Monero 2024 2.5.3 est une ressource pr\u00e9cieuse pour les utilisateurs souhaitant participer au processus de mise en jeu du Monero. Cette documentation d\u00e9taill\u00e9e fournit des informations essentielles sur la fa\u00e7on de staker en toute s\u00e9curit\u00e9 et efficacement. Contenu du document Le document aborde en profondeur les \u00e9tapes &hellip;<\/p>\n<p class=\"read-more\"> <a class=\"\" href=\"https:\/\/bengalmeat.com\/content\/guide-de-mise-en-jeu-du-monero-2024-2-5-3\/\"> <span class=\"screen-reader-text\">Guide de mise en jeu du Monero 2024 2.5.3<\/span> Read More &raquo;<\/a><\/p>\n","protected":false},"author":1,"featured_media":0,"parent":0,"menu_order":0,"comment_status":"closed","ping_status":"closed","template":"","meta":{"site-sidebar-layout":"default","site-content-layout":"default","ast-main-header-display":"","ast-hfb-above-header-display":"","ast-hfb-below-header-display":"","ast-hfb-mobile-header-display":"","site-post-title":"","ast-breadcrumbs-content":"","ast-featured-img":"","footer-sml-layout":"","theme-transparent-header-meta":"","adv-header-id-meta":"","stick-header-meta":"","header-above-stick-meta":"","header-main-stick-meta":"","header-below-stick-meta":"","footnotes":""},"class_list":["post-90046","page","type-page","status-publish","hentry"],"_links":{"self":[{"href":"https:\/\/bengalmeat.com\/content\/wp-json\/wp\/v2\/pages\/90046","targetHints":{"allow":["GET"]}}],"collection":[{"href":"https:\/\/bengalmeat.com\/content\/wp-json\/wp\/v2\/pages"}],"about":[{"href":"https:\/\/bengalmeat.com\/content\/wp-json\/wp\/v2\/types\/page"}],"author":[{"embeddable":true,"href":"https:\/\/bengalmeat.com\/content\/wp-json\/wp\/v2\/users\/1"}],"replies":[{"embeddable":true,"href":"https:\/\/bengalmeat.com\/content\/wp-json\/wp\/v2\/comments?post=90046"}],"version-history":[{"count":1,"href":"https:\/\/bengalmeat.com\/content\/wp-json\/wp\/v2\/pages\/90046\/revisions"}],"predecessor-version":[{"id":90047,"href":"https:\/\/bengalmeat.com\/content\/wp-json\/wp\/v2\/pages\/90046\/revisions\/90047"}],"wp:attachment":[{"href":"https:\/\/bengalmeat.com\/content\/wp-json\/wp\/v2\/media?parent=90046"}],"curies":[{"name":"wp","href":"https:\/\/api.w.org\/{rel}","templated":true}]}}