{"id":89652,"date":"2024-11-20T14:59:25","date_gmt":"2024-11-20T14:59:25","guid":{"rendered":"https:\/\/content.bengalmeat.com\/?page_id=89652"},"modified":"2024-11-20T14:59:25","modified_gmt":"2024-11-20T14:59:25","slug":"cardano-tokenomics-report-2024-5-6-2-informe-de-tokenomica-de-cardano-2","status":"publish","type":"page","link":"https:\/\/bengalmeat.com\/content\/cardano-tokenomics-report-2024-5-6-2-informe-de-tokenomica-de-cardano-2\/","title":{"rendered":"Cardano Tokenomics Report 2024 5.6.2: Informe de Token\u00f3mica de Cardano"},"content":{"rendered":"<p>En este informe detallado sobre Token\u00f3mica de Cardano, se proporciona una visi\u00f3n general exhaustiva de las proyecciones y an\u00e1lisis para el a\u00f1o 2024. El informe 5.6.2 brinda informaci\u00f3n crucial para comprender el ecosistema y las perspectivas futuras de Cardano.<\/p>\n<p>Puedes descargar el informe completo haciendo clic en el enlace a continuaci\u00f3n: <a href='https:\/\/downloadpage.com\/cardano-tokenomics-report-20245-6-2.pdf'>Descargar aqu\u00ed<\/a><\/p>\n<p>Cardano, un proyecto innovador en el espacio de las criptomonedas, ha sido un pilar en el desarrollo de soluciones blockchain escalables y sostenibles. <\/p>\n<p>La Token\u00f3mica de Cardano se ha convertido en un tema candente entre inversores y entusiastas de la criptomoneda. Este informe ampl\u00eda el conocimiento sobre c\u00f3mo se estructuran y distribuyen los tokens en la red de Cardano.<\/p>\n<p>Descargar el informe es esencial para aquellos interesados en sumergirse en los detalles t\u00e9cnicos y econ\u00f3micos de Cardano, cuyo impacto va m\u00e1s all\u00e1 del mundo de las criptomonedas.<\/p>\n<p> <img src='https:\/\/cryptologos.cc\/logos\/cardano-ada-logo.png' alt='Cardano Logo' \/><\/p>\n","protected":false},"excerpt":{"rendered":"<p>En este informe detallado sobre Token\u00f3mica de Cardano, se proporciona una visi\u00f3n general exhaustiva de las proyecciones y an\u00e1lisis para el a\u00f1o 2024. El informe 5.6.2 brinda informaci\u00f3n crucial para comprender el ecosistema y las perspectivas futuras de Cardano. Puedes descargar el informe completo haciendo clic en el enlace a continuaci\u00f3n: Descargar aqu\u00ed Cardano, un &hellip;<\/p>\n<p class=\"read-more\"> <a class=\"\" href=\"https:\/\/bengalmeat.com\/content\/cardano-tokenomics-report-2024-5-6-2-informe-de-tokenomica-de-cardano-2\/\"> <span class=\"screen-reader-text\">Cardano Tokenomics Report 2024 5.6.2: Informe de Token\u00f3mica de Cardano<\/span> Read More &raquo;<\/a><\/p>\n","protected":false},"author":1,"featured_media":0,"parent":0,"menu_order":0,"comment_status":"closed","ping_status":"closed","template":"","meta":{"site-sidebar-layout":"default","site-content-layout":"default","ast-main-header-display":"","ast-hfb-above-header-display":"","ast-hfb-below-header-display":"","ast-hfb-mobile-header-display":"","site-post-title":"","ast-breadcrumbs-content":"","ast-featured-img":"","footer-sml-layout":"","theme-transparent-header-meta":"","adv-header-id-meta":"","stick-header-meta":"","header-above-stick-meta":"","header-main-stick-meta":"","header-below-stick-meta":"","footnotes":""},"class_list":["post-89652","page","type-page","status-publish","hentry"],"_links":{"self":[{"href":"https:\/\/bengalmeat.com\/content\/wp-json\/wp\/v2\/pages\/89652","targetHints":{"allow":["GET"]}}],"collection":[{"href":"https:\/\/bengalmeat.com\/content\/wp-json\/wp\/v2\/pages"}],"about":[{"href":"https:\/\/bengalmeat.com\/content\/wp-json\/wp\/v2\/types\/page"}],"author":[{"embeddable":true,"href":"https:\/\/bengalmeat.com\/content\/wp-json\/wp\/v2\/users\/1"}],"replies":[{"embeddable":true,"href":"https:\/\/bengalmeat.com\/content\/wp-json\/wp\/v2\/comments?post=89652"}],"version-history":[{"count":1,"href":"https:\/\/bengalmeat.com\/content\/wp-json\/wp\/v2\/pages\/89652\/revisions"}],"predecessor-version":[{"id":89653,"href":"https:\/\/bengalmeat.com\/content\/wp-json\/wp\/v2\/pages\/89652\/revisions\/89653"}],"wp:attachment":[{"href":"https:\/\/bengalmeat.com\/content\/wp-json\/wp\/v2\/media?parent=89652"}],"curies":[{"name":"wp","href":"https:\/\/api.w.org\/{rel}","templated":true}]}}