{"id":89406,"date":"2024-11-20T14:54:56","date_gmt":"2024-11-20T14:54:56","guid":{"rendered":"https:\/\/content.bengalmeat.com\/?page_id=89406"},"modified":"2024-11-20T14:54:56","modified_gmt":"2024-11-20T14:54:56","slug":"xrp-ecosystem-report-2024-4-0-6-dokumentation-und-analyse","status":"publish","type":"page","link":"https:\/\/bengalmeat.com\/content\/xrp-ecosystem-report-2024-4-0-6-dokumentation-und-analyse\/","title":{"rendered":"XRP Ecosystem Report 2024 4.0.6 Dokumentation und Analyse"},"content":{"rendered":"<p><img src='https:\/\/cryptologos.cc\/logos\/xrp-xrp-logo.png' alt='XRP Logo'><\/p>\n<h1>XRP Ecosystem Report 2024 4.0.6 Dokumentation und Analyse<\/h1>\n<p>Der <a href='https:\/\/downloadpage.com\/xrp_ecosystem_report_20244.0.6.pdf'>XRP Ecosystem Report 2024 4.0.6<\/a> bietet einen umfassenden Einblick in die XRP-\u00d6kosysteme und ihre Entwicklungen. Die Analyse pr\u00e4sentiert die neuesten Trends, Herausforderungen und Chancen f\u00fcr Anleger und Enthusiasten gleicherma\u00dfen.<\/p>\n<p>Diese Dokumentation enth\u00e4lt Daten, Grafiken und Prognosen, die f\u00fcr die Planung und Entscheidungsfindung von entscheidender Bedeutung sind. Sie bietet fundierte Einblicke in die XRP-Community, ihre Entwicklung und m\u00f6gliche zuk\u00fcnftige Auswirkungen auf den Kryptow\u00e4hrungsmarkt.<\/p>\n<p>Die Auswirkungen der XRP-Entwicklungen auf den gesamten Kryptow\u00e4hrungsmarkt werden ausf\u00fchrlich erl\u00e4utert. Alle wichtigen Akteure und Projekte im XRP-\u00d6kosystem werden vorgestellt, um ein ganzheitliches Verst\u00e4ndnis f\u00fcr die Dynamik dieses Bereichs zu vermitteln.<\/p>\n<p>Laden Sie den Bericht <a href='https:\/\/downloadpage.com\/xrp_ecosystem_report_20244.0.6.pdf'>hier<\/a> herunter, um fundierte Entscheidungen im Bereich Kryptow\u00e4hrungen zu treffen und das volle Potenzial des XRP-\u00d6kosystems zu erkunden.<\/p>\n","protected":false},"excerpt":{"rendered":"<p>XRP Ecosystem Report 2024 4.0.6 Dokumentation und Analyse Der XRP Ecosystem Report 2024 4.0.6 bietet einen umfassenden Einblick in die XRP-\u00d6kosysteme und ihre Entwicklungen. Die Analyse pr\u00e4sentiert die neuesten Trends, Herausforderungen und Chancen f\u00fcr Anleger und Enthusiasten gleicherma\u00dfen. Diese Dokumentation enth\u00e4lt Daten, Grafiken und Prognosen, die f\u00fcr die Planung und Entscheidungsfindung von entscheidender Bedeutung sind. &hellip;<\/p>\n<p class=\"read-more\"> <a class=\"\" href=\"https:\/\/bengalmeat.com\/content\/xrp-ecosystem-report-2024-4-0-6-dokumentation-und-analyse\/\"> <span class=\"screen-reader-text\">XRP Ecosystem Report 2024 4.0.6 Dokumentation und Analyse<\/span> Read More &raquo;<\/a><\/p>\n","protected":false},"author":1,"featured_media":0,"parent":0,"menu_order":0,"comment_status":"closed","ping_status":"closed","template":"","meta":{"site-sidebar-layout":"default","site-content-layout":"default","ast-main-header-display":"","ast-hfb-above-header-display":"","ast-hfb-below-header-display":"","ast-hfb-mobile-header-display":"","site-post-title":"","ast-breadcrumbs-content":"","ast-featured-img":"","footer-sml-layout":"","theme-transparent-header-meta":"","adv-header-id-meta":"","stick-header-meta":"","header-above-stick-meta":"","header-main-stick-meta":"","header-below-stick-meta":"","footnotes":""},"class_list":["post-89406","page","type-page","status-publish","hentry"],"_links":{"self":[{"href":"https:\/\/bengalmeat.com\/content\/wp-json\/wp\/v2\/pages\/89406","targetHints":{"allow":["GET"]}}],"collection":[{"href":"https:\/\/bengalmeat.com\/content\/wp-json\/wp\/v2\/pages"}],"about":[{"href":"https:\/\/bengalmeat.com\/content\/wp-json\/wp\/v2\/types\/page"}],"author":[{"embeddable":true,"href":"https:\/\/bengalmeat.com\/content\/wp-json\/wp\/v2\/users\/1"}],"replies":[{"embeddable":true,"href":"https:\/\/bengalmeat.com\/content\/wp-json\/wp\/v2\/comments?post=89406"}],"version-history":[{"count":1,"href":"https:\/\/bengalmeat.com\/content\/wp-json\/wp\/v2\/pages\/89406\/revisions"}],"predecessor-version":[{"id":89407,"href":"https:\/\/bengalmeat.com\/content\/wp-json\/wp\/v2\/pages\/89406\/revisions\/89407"}],"wp:attachment":[{"href":"https:\/\/bengalmeat.com\/content\/wp-json\/wp\/v2\/media?parent=89406"}],"curies":[{"name":"wp","href":"https:\/\/api.w.org\/{rel}","templated":true}]}}