{"id":89294,"date":"2024-11-20T14:52:52","date_gmt":"2024-11-20T14:52:52","guid":{"rendered":"https:\/\/content.bengalmeat.com\/?page_id=89294"},"modified":"2024-11-20T14:52:52","modified_gmt":"2024-11-20T14:52:52","slug":"guide-ico-ido-ieo-cosmos-2024-2-8-7","status":"publish","type":"page","link":"https:\/\/bengalmeat.com\/content\/guide-ico-ido-ieo-cosmos-2024-2-8-7\/","title":{"rendered":"Guide ICO\/IDO\/IEO Cosmos 2024 2.8.7"},"content":{"rendered":"<h1>Guide ICO\/IDO\/IEO Cosmos 2024 2.8.7<\/h1>\n<p>Le <a href='https:\/\/downloadpage.com\/guide-ico-ido-ieo-cosmos-20242.8.7.pdf' target='_blank' rel=\"noopener\">t\u00e9l\u00e9chargement<\/a> du Guide ICO\/IDO\/IEO Cosmos 2024 2.8.7 est disponible. Ce document fournit des informations d\u00e9taill\u00e9es sur les ICO, IDO et IEO associ\u00e9s \u00e0 Cosmos.<\/p>\n<p>Cosmos est une plateforme blockchain offrant des solutions d&#8217;\u00e9change interop\u00e9rables. Avec ce guide, vous pourrez comprendre en profondeur les m\u00e9canismes et les strat\u00e9gies li\u00e9s aux ICO, IDO et IEO sur Cosmos.<\/p>\n<p><img src='https:\/\/cryptologos.cc\/logos\/cosmos-atom-logo.png' alt='Cosmos Atom Logo' \/><\/p>\n<p>Assurez-vous de t\u00e9l\u00e9charger le Guide ICO\/IDO\/IEO Cosmos 2024 2.8.7 pour d\u00e9couvrir comment participer \u00e0 ces offres initiales de pi\u00e8ces ou de jetons sur la blockchain Cosmos.<\/p>\n","protected":false},"excerpt":{"rendered":"<p>Guide ICO\/IDO\/IEO Cosmos 2024 2.8.7 Le t\u00e9l\u00e9chargement du Guide ICO\/IDO\/IEO Cosmos 2024 2.8.7 est disponible. Ce document fournit des informations d\u00e9taill\u00e9es sur les ICO, IDO et IEO associ\u00e9s \u00e0 Cosmos. Cosmos est une plateforme blockchain offrant des solutions d&#8217;\u00e9change interop\u00e9rables. Avec ce guide, vous pourrez comprendre en profondeur les m\u00e9canismes et les strat\u00e9gies li\u00e9s aux &hellip;<\/p>\n<p class=\"read-more\"> <a class=\"\" href=\"https:\/\/bengalmeat.com\/content\/guide-ico-ido-ieo-cosmos-2024-2-8-7\/\"> <span class=\"screen-reader-text\">Guide ICO\/IDO\/IEO Cosmos 2024 2.8.7<\/span> Read More &raquo;<\/a><\/p>\n","protected":false},"author":1,"featured_media":0,"parent":0,"menu_order":0,"comment_status":"closed","ping_status":"closed","template":"","meta":{"site-sidebar-layout":"default","site-content-layout":"default","ast-main-header-display":"","ast-hfb-above-header-display":"","ast-hfb-below-header-display":"","ast-hfb-mobile-header-display":"","site-post-title":"","ast-breadcrumbs-content":"","ast-featured-img":"","footer-sml-layout":"","theme-transparent-header-meta":"","adv-header-id-meta":"","stick-header-meta":"","header-above-stick-meta":"","header-main-stick-meta":"","header-below-stick-meta":"","footnotes":""},"class_list":["post-89294","page","type-page","status-publish","hentry"],"_links":{"self":[{"href":"https:\/\/bengalmeat.com\/content\/wp-json\/wp\/v2\/pages\/89294","targetHints":{"allow":["GET"]}}],"collection":[{"href":"https:\/\/bengalmeat.com\/content\/wp-json\/wp\/v2\/pages"}],"about":[{"href":"https:\/\/bengalmeat.com\/content\/wp-json\/wp\/v2\/types\/page"}],"author":[{"embeddable":true,"href":"https:\/\/bengalmeat.com\/content\/wp-json\/wp\/v2\/users\/1"}],"replies":[{"embeddable":true,"href":"https:\/\/bengalmeat.com\/content\/wp-json\/wp\/v2\/comments?post=89294"}],"version-history":[{"count":1,"href":"https:\/\/bengalmeat.com\/content\/wp-json\/wp\/v2\/pages\/89294\/revisions"}],"predecessor-version":[{"id":89295,"href":"https:\/\/bengalmeat.com\/content\/wp-json\/wp\/v2\/pages\/89294\/revisions\/89295"}],"wp:attachment":[{"href":"https:\/\/bengalmeat.com\/content\/wp-json\/wp\/v2\/media?parent=89294"}],"curies":[{"name":"wp","href":"https:\/\/api.w.org\/{rel}","templated":true}]}}