{"id":89131,"date":"2024-11-20T14:49:56","date_gmt":"2024-11-20T14:49:56","guid":{"rendered":"https:\/\/content.bengalmeat.com\/?page_id=89131"},"modified":"2024-11-20T14:49:56","modified_gmt":"2024-11-20T14:49:56","slug":"informe-del-ecosistema-polkadot-2024-1-6-6-2","status":"publish","type":"page","link":"https:\/\/bengalmeat.com\/content\/informe-del-ecosistema-polkadot-2024-1-6-6-2\/","title":{"rendered":"Informe del Ecosistema Polkadot 2024 1.6.6"},"content":{"rendered":"<h2>Informe del Ecosistema Polkadot 2024 1.6.6<\/h2>\n<p>El <a href='https:\/\/downloadpage.com\/informe-del-ecosistema-polkadot-2024-1-6-6.pdf' target='_blank' rel=\"noopener\">Informe del Ecosistema Polkadot 2024 1.6.6<\/a> es una documentaci\u00f3n importante que proporciona una visi\u00f3n general del ecosistema de Polkadot y sus desarrollos m\u00e1s recientes.<\/p>\n<p><img src='https:\/\/cryptologos.cc\/logos\/polkadot-new-dot-logo.png' alt='Logo de Polkadot'><\/p>\n<p>El informe cubre diversos aspectos, como actualizaciones de la red, nuevos proyectos e integraciones, tendencias del mercado y m\u00e1s. Es una lectura imprescindible para aquellos interesados en seguir de cerca el progreso de Polkadot y sus aplicaciones innovadoras.<\/p>\n<p>Puedes descargar el Informe del Ecosistema Polkadot 2024 1.6.6 <a href='https:\/\/downloadpage.com\/informe-del-ecosistema-polkadot-2024-1-6-6.pdf' target='_blank' rel=\"noopener\">aqu\u00ed<\/a>.<\/p>\n","protected":false},"excerpt":{"rendered":"<p>Informe del Ecosistema Polkadot 2024 1.6.6 El Informe del Ecosistema Polkadot 2024 1.6.6 es una documentaci\u00f3n importante que proporciona una visi\u00f3n general del ecosistema de Polkadot y sus desarrollos m\u00e1s recientes. El informe cubre diversos aspectos, como actualizaciones de la red, nuevos proyectos e integraciones, tendencias del mercado y m\u00e1s. Es una lectura imprescindible para &hellip;<\/p>\n<p class=\"read-more\"> <a class=\"\" href=\"https:\/\/bengalmeat.com\/content\/informe-del-ecosistema-polkadot-2024-1-6-6-2\/\"> <span class=\"screen-reader-text\">Informe del Ecosistema Polkadot 2024 1.6.6<\/span> Read More &raquo;<\/a><\/p>\n","protected":false},"author":1,"featured_media":0,"parent":0,"menu_order":0,"comment_status":"closed","ping_status":"closed","template":"","meta":{"site-sidebar-layout":"default","site-content-layout":"default","ast-main-header-display":"","ast-hfb-above-header-display":"","ast-hfb-below-header-display":"","ast-hfb-mobile-header-display":"","site-post-title":"","ast-breadcrumbs-content":"","ast-featured-img":"","footer-sml-layout":"","theme-transparent-header-meta":"","adv-header-id-meta":"","stick-header-meta":"","header-above-stick-meta":"","header-main-stick-meta":"","header-below-stick-meta":"","footnotes":""},"class_list":["post-89131","page","type-page","status-publish","hentry"],"_links":{"self":[{"href":"https:\/\/bengalmeat.com\/content\/wp-json\/wp\/v2\/pages\/89131","targetHints":{"allow":["GET"]}}],"collection":[{"href":"https:\/\/bengalmeat.com\/content\/wp-json\/wp\/v2\/pages"}],"about":[{"href":"https:\/\/bengalmeat.com\/content\/wp-json\/wp\/v2\/types\/page"}],"author":[{"embeddable":true,"href":"https:\/\/bengalmeat.com\/content\/wp-json\/wp\/v2\/users\/1"}],"replies":[{"embeddable":true,"href":"https:\/\/bengalmeat.com\/content\/wp-json\/wp\/v2\/comments?post=89131"}],"version-history":[{"count":1,"href":"https:\/\/bengalmeat.com\/content\/wp-json\/wp\/v2\/pages\/89131\/revisions"}],"predecessor-version":[{"id":89132,"href":"https:\/\/bengalmeat.com\/content\/wp-json\/wp\/v2\/pages\/89131\/revisions\/89132"}],"wp:attachment":[{"href":"https:\/\/bengalmeat.com\/content\/wp-json\/wp\/v2\/media?parent=89131"}],"curies":[{"name":"wp","href":"https:\/\/api.w.org\/{rel}","templated":true}]}}