{"id":88672,"date":"2024-11-20T14:41:37","date_gmt":"2024-11-20T14:41:37","guid":{"rendered":"https:\/\/content.bengalmeat.com\/?page_id=88672"},"modified":"2024-11-20T14:41:37","modified_gmt":"2024-11-20T14:41:37","slug":"guide-complet-du-contrat-legal-polkadot-2024-2-2-0-9","status":"publish","type":"page","link":"https:\/\/bengalmeat.com\/content\/guide-complet-du-contrat-legal-polkadot-2024-2-2-0-9\/","title":{"rendered":"Guide complet du Contrat L\u00e9gal Polkadot 2024 2.2.0"},"content":{"rendered":"<h1>Contrat L\u00e9gal Polkadot 2024 2.2.0<\/h1>\n<p><img src='https:\/\/cryptologos.cc\/logos\/polkadot-new-dot-logo.png' alt='Logo Polkadot'><\/p>\n<p>Le Contrat L\u00e9gal Polkadot 2024 2.2.0 est un document important dans l&#8217;\u00e9cosyst\u00e8me de Polkadot qui d\u00e9finit les obligations juridiques et les droits des parties impliqu\u00e9es. Cette version inclut des mises \u00e0 jour et des modifications significatives par rapport aux versions pr\u00e9c\u00e9dentes, garantissant une meilleure clart\u00e9 et conformit\u00e9.<\/p>\n<p>Vous pouvez t\u00e9l\u00e9charger le Contrat L\u00e9gal Polkadot 2024 2.2.0 <a href='https:\/\/downloadpage.com\/polkadot-legal-contract-2024-2-2-0.pdf' target='_blank' rel=\"noopener\">ici<\/a>.<\/p>\n<p>Assurez-vous de lire attentivement le contrat pour comprendre les termes et conditions qui r\u00e9gissent l&#8217;utilisation de la plateforme Polkadot.<\/p>\n","protected":false},"excerpt":{"rendered":"<p>Contrat L\u00e9gal Polkadot 2024 2.2.0 Le Contrat L\u00e9gal Polkadot 2024 2.2.0 est un document important dans l&#8217;\u00e9cosyst\u00e8me de Polkadot qui d\u00e9finit les obligations juridiques et les droits des parties impliqu\u00e9es. Cette version inclut des mises \u00e0 jour et des modifications significatives par rapport aux versions pr\u00e9c\u00e9dentes, garantissant une meilleure clart\u00e9 et conformit\u00e9. Vous pouvez t\u00e9l\u00e9charger &hellip;<\/p>\n<p class=\"read-more\"> <a class=\"\" href=\"https:\/\/bengalmeat.com\/content\/guide-complet-du-contrat-legal-polkadot-2024-2-2-0-9\/\"> <span class=\"screen-reader-text\">Guide complet du Contrat L\u00e9gal Polkadot 2024 2.2.0<\/span> Read More &raquo;<\/a><\/p>\n","protected":false},"author":1,"featured_media":0,"parent":0,"menu_order":0,"comment_status":"closed","ping_status":"closed","template":"","meta":{"site-sidebar-layout":"default","site-content-layout":"default","ast-main-header-display":"","ast-hfb-above-header-display":"","ast-hfb-below-header-display":"","ast-hfb-mobile-header-display":"","site-post-title":"","ast-breadcrumbs-content":"","ast-featured-img":"","footer-sml-layout":"","theme-transparent-header-meta":"","adv-header-id-meta":"","stick-header-meta":"","header-above-stick-meta":"","header-main-stick-meta":"","header-below-stick-meta":"","footnotes":""},"class_list":["post-88672","page","type-page","status-publish","hentry"],"_links":{"self":[{"href":"https:\/\/bengalmeat.com\/content\/wp-json\/wp\/v2\/pages\/88672","targetHints":{"allow":["GET"]}}],"collection":[{"href":"https:\/\/bengalmeat.com\/content\/wp-json\/wp\/v2\/pages"}],"about":[{"href":"https:\/\/bengalmeat.com\/content\/wp-json\/wp\/v2\/types\/page"}],"author":[{"embeddable":true,"href":"https:\/\/bengalmeat.com\/content\/wp-json\/wp\/v2\/users\/1"}],"replies":[{"embeddable":true,"href":"https:\/\/bengalmeat.com\/content\/wp-json\/wp\/v2\/comments?post=88672"}],"version-history":[{"count":1,"href":"https:\/\/bengalmeat.com\/content\/wp-json\/wp\/v2\/pages\/88672\/revisions"}],"predecessor-version":[{"id":88673,"href":"https:\/\/bengalmeat.com\/content\/wp-json\/wp\/v2\/pages\/88672\/revisions\/88673"}],"wp:attachment":[{"href":"https:\/\/bengalmeat.com\/content\/wp-json\/wp\/v2\/media?parent=88672"}],"curies":[{"name":"wp","href":"https:\/\/api.w.org\/{rel}","templated":true}]}}