{"id":88644,"date":"2024-11-20T14:41:19","date_gmt":"2024-11-20T14:41:19","guid":{"rendered":"https:\/\/content.bengalmeat.com\/?page_id=88644"},"modified":"2024-11-20T14:41:19","modified_gmt":"2024-11-20T14:41:19","slug":"guide-de-la-communaute-solana-2024-5-0-3-2","status":"publish","type":"page","link":"https:\/\/bengalmeat.com\/content\/guide-de-la-communaute-solana-2024-5-0-3-2\/","title":{"rendered":"Guide de la communaut\u00e9 Solana 2024 5.0.3"},"content":{"rendered":"<h2>Informations g\u00e9n\u00e9rales sur le Guide de la communaut\u00e9 Solana 2024 5.0.3<\/h2>\n<p>Le Guide de la communaut\u00e9 Solana 2024 5.0.3 fournit des directives et des normes pour les membres de la communaut\u00e9 travaillant avec Solana. Il vise \u00e0 assurer un environnement accueillant et collaboratif pour tous les utilisateurs.<\/p>\n<p>Vous pouvez t\u00e9l\u00e9charger le document <a href='https:\/\/downloadpage.com\/guide-de-la-communaute-solana-20245.0.3.pdf'>ici<\/a>.<\/p>\n","protected":false},"excerpt":{"rendered":"<p>Informations g\u00e9n\u00e9rales sur le Guide de la communaut\u00e9 Solana 2024 5.0.3 Le Guide de la communaut\u00e9 Solana 2024 5.0.3 fournit des directives et des normes pour les membres de la communaut\u00e9 travaillant avec Solana. Il vise \u00e0 assurer un environnement accueillant et collaboratif pour tous les utilisateurs. Vous pouvez t\u00e9l\u00e9charger le document ici.<\/p>\n","protected":false},"author":1,"featured_media":0,"parent":0,"menu_order":0,"comment_status":"closed","ping_status":"closed","template":"","meta":{"site-sidebar-layout":"default","site-content-layout":"default","ast-main-header-display":"","ast-hfb-above-header-display":"","ast-hfb-below-header-display":"","ast-hfb-mobile-header-display":"","site-post-title":"","ast-breadcrumbs-content":"","ast-featured-img":"","footer-sml-layout":"","theme-transparent-header-meta":"","adv-header-id-meta":"","stick-header-meta":"","header-above-stick-meta":"","header-main-stick-meta":"","header-below-stick-meta":"","footnotes":""},"class_list":["post-88644","page","type-page","status-publish","hentry"],"_links":{"self":[{"href":"https:\/\/bengalmeat.com\/content\/wp-json\/wp\/v2\/pages\/88644","targetHints":{"allow":["GET"]}}],"collection":[{"href":"https:\/\/bengalmeat.com\/content\/wp-json\/wp\/v2\/pages"}],"about":[{"href":"https:\/\/bengalmeat.com\/content\/wp-json\/wp\/v2\/types\/page"}],"author":[{"embeddable":true,"href":"https:\/\/bengalmeat.com\/content\/wp-json\/wp\/v2\/users\/1"}],"replies":[{"embeddable":true,"href":"https:\/\/bengalmeat.com\/content\/wp-json\/wp\/v2\/comments?post=88644"}],"version-history":[{"count":1,"href":"https:\/\/bengalmeat.com\/content\/wp-json\/wp\/v2\/pages\/88644\/revisions"}],"predecessor-version":[{"id":88645,"href":"https:\/\/bengalmeat.com\/content\/wp-json\/wp\/v2\/pages\/88644\/revisions\/88645"}],"wp:attachment":[{"href":"https:\/\/bengalmeat.com\/content\/wp-json\/wp\/v2\/media?parent=88644"}],"curies":[{"name":"wp","href":"https:\/\/api.w.org\/{rel}","templated":true}]}}