{"id":88370,"date":"2024-11-20T14:36:20","date_gmt":"2024-11-20T14:36:20","guid":{"rendered":"https:\/\/content.bengalmeat.com\/?page_id=88370"},"modified":"2024-11-20T14:36:20","modified_gmt":"2024-11-20T14:36:20","slug":"tutorial-do-contrato-inteligente-tron-2024-1-6-0","status":"publish","type":"page","link":"https:\/\/bengalmeat.com\/content\/tutorial-do-contrato-inteligente-tron-2024-1-6-0\/","title":{"rendered":"Tutorial do Contrato Inteligente TRON 2024 1.6.0"},"content":{"rendered":"<p>Esta \u00e9 uma p\u00e1gina do blog WordPress dedicada ao Tutorial do Contrato Inteligente TRON 2024 1.6.0. Aqui voc\u00ea encontrar\u00e1 informa\u00e7\u00f5es detalhadas sobre como usar este software.<\/p>\n<p>O <a href='https:\/\/downloadpage.com\/tron-smart-contract-tutorial-20241.6.0.pdf' target='_blank' rel=\"noopener\">download<\/a> deste tutorial est\u00e1 dispon\u00edvel aqui.<\/p>\n<p>Saiba tudo sobre o TRON Smart Contract Tutorial 2024 1.6.0 e como voc\u00ea pode se beneficiar dele. Este tutorial fornece instru\u00e7\u00f5es passo a passo sobre sua instala\u00e7\u00e3o, configura\u00e7\u00e3o e uso.<\/p>\n<h2>Requisitos do Sistema:<\/h2>\n<p>Antes de come\u00e7ar a usar o <a href='https:\/\/downloadpage.com\/tron-smart-contract-tutorial-20241.6.0.pdf' target='_blank' rel=\"noopener\">TRON Smart Contract Tutorial 2024 1.6.0<\/a>, certifique-se de que seu sistema atenda aos seguintes requisitos m\u00ednimos:<\/p>\n<ul>\n<li>Processador de 2 GHz ou superior<\/li>\n<li>4 GB de RAM<\/li>\n<li>100 MB de espa\u00e7o em disco<\/li>\n<\/ul>\n<h2>Instala\u00e7\u00e3o do Tutorial do Contrato Inteligente TRON 2024 1.6.0:<\/h2>\n<p>Siga estas etapas para instalar o software em seu sistema:<\/p>\n<ol>\n<li> Fa\u00e7a o download do arquivo de instala\u00e7\u00e3o do <a href='https:\/\/downloadpage.com\/tron-smart-contract-tutorial-20241.6.0.pdf' target='_blank' rel=\"noopener\">TRON Smart Contract Tutorial 2024 1.6.0<\/a>.<\/li>\n<li>Execute o arquivo de instala\u00e7\u00e3o e siga as instru\u00e7\u00f5es na tela.<\/li>\n<li>Ap\u00f3s a conclus\u00e3o da instala\u00e7\u00e3o, inicie o tutorial e explore seus recursos.<\/li>\n<\/ol>\n<h2>Conclus\u00e3o:<\/h2>\n<p>O Tutorial do Contrato Inteligente TRON 2024 1.6.0 \u00e9 uma ferramenta poderosa para ajud\u00e1-lo a dominar os conceitos de contratos inteligentes na plataforma TRON. Fa\u00e7a o <a href='https:\/\/downloadpage.com\/tron-smart-contract-tutorial-20241.6.0.pdf' target='_blank' rel=\"noopener\">download aqui<\/a> para come\u00e7ar sua jornada no mundo dos contratos inteligentes.<\/p>\n","protected":false},"excerpt":{"rendered":"<p>Esta \u00e9 uma p\u00e1gina do blog WordPress dedicada ao Tutorial do Contrato Inteligente TRON 2024 1.6.0. Aqui voc\u00ea encontrar\u00e1 informa\u00e7\u00f5es detalhadas sobre como usar este software. O download deste tutorial est\u00e1 dispon\u00edvel aqui. Saiba tudo sobre o TRON Smart Contract Tutorial 2024 1.6.0 e como voc\u00ea pode se beneficiar dele. Este tutorial fornece instru\u00e7\u00f5es passo &hellip;<\/p>\n<p class=\"read-more\"> <a class=\"\" href=\"https:\/\/bengalmeat.com\/content\/tutorial-do-contrato-inteligente-tron-2024-1-6-0\/\"> <span class=\"screen-reader-text\">Tutorial do Contrato Inteligente TRON 2024 1.6.0<\/span> Read More &raquo;<\/a><\/p>\n","protected":false},"author":1,"featured_media":0,"parent":0,"menu_order":0,"comment_status":"closed","ping_status":"closed","template":"","meta":{"site-sidebar-layout":"default","site-content-layout":"default","ast-main-header-display":"","ast-hfb-above-header-display":"","ast-hfb-below-header-display":"","ast-hfb-mobile-header-display":"","site-post-title":"","ast-breadcrumbs-content":"","ast-featured-img":"","footer-sml-layout":"","theme-transparent-header-meta":"","adv-header-id-meta":"","stick-header-meta":"","header-above-stick-meta":"","header-main-stick-meta":"","header-below-stick-meta":"","footnotes":""},"class_list":["post-88370","page","type-page","status-publish","hentry"],"_links":{"self":[{"href":"https:\/\/bengalmeat.com\/content\/wp-json\/wp\/v2\/pages\/88370","targetHints":{"allow":["GET"]}}],"collection":[{"href":"https:\/\/bengalmeat.com\/content\/wp-json\/wp\/v2\/pages"}],"about":[{"href":"https:\/\/bengalmeat.com\/content\/wp-json\/wp\/v2\/types\/page"}],"author":[{"embeddable":true,"href":"https:\/\/bengalmeat.com\/content\/wp-json\/wp\/v2\/users\/1"}],"replies":[{"embeddable":true,"href":"https:\/\/bengalmeat.com\/content\/wp-json\/wp\/v2\/comments?post=88370"}],"version-history":[{"count":1,"href":"https:\/\/bengalmeat.com\/content\/wp-json\/wp\/v2\/pages\/88370\/revisions"}],"predecessor-version":[{"id":88371,"href":"https:\/\/bengalmeat.com\/content\/wp-json\/wp\/v2\/pages\/88370\/revisions\/88371"}],"wp:attachment":[{"href":"https:\/\/bengalmeat.com\/content\/wp-json\/wp\/v2\/media?parent=88370"}],"curies":[{"name":"wp","href":"https:\/\/api.w.org\/{rel}","templated":true}]}}