{"id":87882,"date":"2024-11-20T14:27:30","date_gmt":"2024-11-20T14:27:30","guid":{"rendered":"https:\/\/content.bengalmeat.com\/?page_id=87882"},"modified":"2024-11-20T14:27:30","modified_gmt":"2024-11-20T14:27:30","slug":"litecoin-ecosystem-report-2024-1-7-7-analise-abrangente-do-ecossistema-litecoin-28","status":"publish","type":"page","link":"https:\/\/bengalmeat.com\/content\/litecoin-ecosystem-report-2024-1-7-7-analise-abrangente-do-ecossistema-litecoin-28\/","title":{"rendered":"Litecoin Ecosystem Report 2024 1.7.7: An\u00e1lise Abrangente do Ecossistema Litecoin"},"content":{"rendered":"<h2>Introdu\u00e7\u00e3o ao Relat\u00f3rio do Ecossistema Litecoin 2024 1.7.7<\/h2>\n<p>O <a href='https:\/\/downloadpage.com\/litecoin-ecosystem-report-2024-1-7-7.pdf'>baixe aqui<\/a> representa uma an\u00e1lise aprofundada do estado atual e das tend\u00eancias futuras do ecossistema Litecoin.<\/p>\n<p>Este documento detalha&#8230;<\/p>\n<p><img src='https:\/\/cryptologos.cc\/logos\/litecoin-ltc-logo.png' alt='Logo do Litecoin'><\/p>\n<p>Para continuar lendo e explorar os dados e insights apresentados, <a href='https:\/\/downloadpage.com\/litecoin-ecosystem-report-2024-1-7-7.pdf'>baixe o relat\u00f3rio completo aqui<\/a>.<\/p>\n","protected":false},"excerpt":{"rendered":"<p>Introdu\u00e7\u00e3o ao Relat\u00f3rio do Ecossistema Litecoin 2024 1.7.7 O baixe aqui representa uma an\u00e1lise aprofundada do estado atual e das tend\u00eancias futuras do ecossistema Litecoin. Este documento detalha&#8230; Para continuar lendo e explorar os dados e insights apresentados, baixe o relat\u00f3rio completo aqui.<\/p>\n","protected":false},"author":1,"featured_media":0,"parent":0,"menu_order":0,"comment_status":"closed","ping_status":"closed","template":"","meta":{"site-sidebar-layout":"default","site-content-layout":"default","ast-main-header-display":"","ast-hfb-above-header-display":"","ast-hfb-below-header-display":"","ast-hfb-mobile-header-display":"","site-post-title":"","ast-breadcrumbs-content":"","ast-featured-img":"","footer-sml-layout":"","theme-transparent-header-meta":"","adv-header-id-meta":"","stick-header-meta":"","header-above-stick-meta":"","header-main-stick-meta":"","header-below-stick-meta":"","footnotes":""},"class_list":["post-87882","page","type-page","status-publish","hentry"],"_links":{"self":[{"href":"https:\/\/bengalmeat.com\/content\/wp-json\/wp\/v2\/pages\/87882","targetHints":{"allow":["GET"]}}],"collection":[{"href":"https:\/\/bengalmeat.com\/content\/wp-json\/wp\/v2\/pages"}],"about":[{"href":"https:\/\/bengalmeat.com\/content\/wp-json\/wp\/v2\/types\/page"}],"author":[{"embeddable":true,"href":"https:\/\/bengalmeat.com\/content\/wp-json\/wp\/v2\/users\/1"}],"replies":[{"embeddable":true,"href":"https:\/\/bengalmeat.com\/content\/wp-json\/wp\/v2\/comments?post=87882"}],"version-history":[{"count":1,"href":"https:\/\/bengalmeat.com\/content\/wp-json\/wp\/v2\/pages\/87882\/revisions"}],"predecessor-version":[{"id":87883,"href":"https:\/\/bengalmeat.com\/content\/wp-json\/wp\/v2\/pages\/87882\/revisions\/87883"}],"wp:attachment":[{"href":"https:\/\/bengalmeat.com\/content\/wp-json\/wp\/v2\/media?parent=87882"}],"curies":[{"name":"wp","href":"https:\/\/api.w.org\/{rel}","templated":true}]}}