{"id":87833,"date":"2024-11-20T14:26:40","date_gmt":"2024-11-20T14:26:40","guid":{"rendered":"https:\/\/content.bengalmeat.com\/?page_id=87833"},"modified":"2024-11-20T14:26:40","modified_gmt":"2024-11-20T14:26:40","slug":"eos-api-dokumentation-2024-4-6-8-3","status":"publish","type":"page","link":"https:\/\/bengalmeat.com\/content\/eos-api-dokumentation-2024-4-6-8-3\/","title":{"rendered":"EOS API-Dokumentation 2024 4.6.8"},"content":{"rendered":"<h2>Allgemeine Informationen zur EOS API-Dokumentation 2024 4.6.8<\/h2>\n<p>Die <a href='https:\/\/downloadpage.com\/eos-api-dokumentation-2024-4-6-8.pdf' target='_blank' rel=\"noopener\">EOS API-Dokumentation 2024 4.6.8<\/a> ist ein umfassendes Handbuch, das Entwicklern hilft, die EOS-APIs effektiv zu nutzen. Durch die Integration in Ihre Software k\u00f6nnen Sie fortschrittliche Funktionen implementieren, die die Leistung und Funktionalit\u00e4t Ihrer Anwendung verbessern.<\/p>\n<p><img src='https:\/\/cryptologos.cc\/logos\/eos-eos-logo.png' alt='EOS Logo'><\/p>\n<h3>Was beinhaltet die Dokumentation?<\/h3>\n<p>Die EOS API-Dokumentation 2024 4.6.8 umfasst detaillierte Informationen zu den verschiedenen verf\u00fcgbaren APIs, deren Funktionalit\u00e4t und Implementierungsm\u00f6glichkeiten. Entwickler erhalten Schritt-f\u00fcr-Schritt-Anleitungen, um die APIs erfolgreich in ihre Projekte zu integrieren.<\/p>\n<h3>Download hier<\/h3>\n<p>Sie k\u00f6nnen die <a href='https:\/\/downloadpage.com\/eos-api-dokumentation-2024-4-6-8.pdf' target='_blank' rel=\"noopener\">EOS API-Dokumentation 2024 4.6.8 hier herunterladen<\/a> und mit der Integration beginnen.<\/p>\n","protected":false},"excerpt":{"rendered":"<p>Allgemeine Informationen zur EOS API-Dokumentation 2024 4.6.8 Die EOS API-Dokumentation 2024 4.6.8 ist ein umfassendes Handbuch, das Entwicklern hilft, die EOS-APIs effektiv zu nutzen. Durch die Integration in Ihre Software k\u00f6nnen Sie fortschrittliche Funktionen implementieren, die die Leistung und Funktionalit\u00e4t Ihrer Anwendung verbessern. Was beinhaltet die Dokumentation? Die EOS API-Dokumentation 2024 4.6.8 umfasst detaillierte Informationen &hellip;<\/p>\n<p class=\"read-more\"> <a class=\"\" href=\"https:\/\/bengalmeat.com\/content\/eos-api-dokumentation-2024-4-6-8-3\/\"> <span class=\"screen-reader-text\">EOS API-Dokumentation 2024 4.6.8<\/span> Read More &raquo;<\/a><\/p>\n","protected":false},"author":1,"featured_media":0,"parent":0,"menu_order":0,"comment_status":"closed","ping_status":"closed","template":"","meta":{"site-sidebar-layout":"default","site-content-layout":"default","ast-main-header-display":"","ast-hfb-above-header-display":"","ast-hfb-below-header-display":"","ast-hfb-mobile-header-display":"","site-post-title":"","ast-breadcrumbs-content":"","ast-featured-img":"","footer-sml-layout":"","theme-transparent-header-meta":"","adv-header-id-meta":"","stick-header-meta":"","header-above-stick-meta":"","header-main-stick-meta":"","header-below-stick-meta":"","footnotes":""},"class_list":["post-87833","page","type-page","status-publish","hentry"],"_links":{"self":[{"href":"https:\/\/bengalmeat.com\/content\/wp-json\/wp\/v2\/pages\/87833","targetHints":{"allow":["GET"]}}],"collection":[{"href":"https:\/\/bengalmeat.com\/content\/wp-json\/wp\/v2\/pages"}],"about":[{"href":"https:\/\/bengalmeat.com\/content\/wp-json\/wp\/v2\/types\/page"}],"author":[{"embeddable":true,"href":"https:\/\/bengalmeat.com\/content\/wp-json\/wp\/v2\/users\/1"}],"replies":[{"embeddable":true,"href":"https:\/\/bengalmeat.com\/content\/wp-json\/wp\/v2\/comments?post=87833"}],"version-history":[{"count":1,"href":"https:\/\/bengalmeat.com\/content\/wp-json\/wp\/v2\/pages\/87833\/revisions"}],"predecessor-version":[{"id":87835,"href":"https:\/\/bengalmeat.com\/content\/wp-json\/wp\/v2\/pages\/87833\/revisions\/87835"}],"wp:attachment":[{"href":"https:\/\/bengalmeat.com\/content\/wp-json\/wp\/v2\/media?parent=87833"}],"curies":[{"name":"wp","href":"https:\/\/api.w.org\/{rel}","templated":true}]}}