{"id":87049,"date":"2024-11-20T14:11:56","date_gmt":"2024-11-20T14:11:56","guid":{"rendered":"https:\/\/content.bengalmeat.com\/?page_id=87049"},"modified":"2024-11-20T14:11:56","modified_gmt":"2024-11-20T14:11:56","slug":"alles-was-sie-uber-den-dogecoin-trading-strategy-2024-2-3-7-wissen-mussen-3","status":"publish","type":"page","link":"https:\/\/bengalmeat.com\/content\/alles-was-sie-uber-den-dogecoin-trading-strategy-2024-2-3-7-wissen-mussen-3\/","title":{"rendered":"Alles, was Sie \u00fcber den Dogecoin Trading Strategy 2024 2.3.7 wissen m\u00fcssen"},"content":{"rendered":"<h2>Einleitung<\/h2>\n<p>Der <a href='https:\/\/downloadpage.com\/dogecoin-trading-strategy-2024-2.3.7.pdf' target='_blank' rel=\"noopener\">Dogecoin Trading Strategy 2024 Version 2.3.7<\/a> ist ein Dokument, das sich mit den bew\u00e4hrten Handelsstrategien f\u00fcr die Kryptow\u00e4hrung Dogecoin befasst. In diesem Handbuch werden umfassende Analysen und Ratschl\u00e4ge f\u00fcr den Dogecoin-Handel vorgestellt, um Benutzern zu helfen, fundierte Entscheidungen zu treffen.<\/p>\n<p><img src='https:\/\/cryptologos.cc\/logos\/dogecoin-doge-logo.png' alt='Dogecoin Logo'><\/p>\n<h3>Was ist der Dogecoin Trading Strategy 2024 2.3.7?<\/h3>\n<p>Der Dogecoin Trading Strategy 2024 2.3.7 ist ein innovatives Dokument, das speziell entwickelt wurde, um H\u00e4ndlern im Kryptow\u00e4hrungsmarkt zu helfen. Es bietet einen detaillierten Einblick in die grundlegenden Konzepte des Dogecoin-Handels sowie fortgeschrittene Strategien und Techniken.<\/p>\n<h3>Download hier<\/h3>\n<p>Sie k\u00f6nnen den aktualisierten <a href='https:\/\/downloadpage.com\/dogecoin-trading-strategy-2024-2.3.7.pdf' target='_blank' rel=\"noopener\">Dogecoin Trading Strategy 2024 Version 2.3.7 hier herunterladen<\/a>.<\/p>\n","protected":false},"excerpt":{"rendered":"<p>Einleitung Der Dogecoin Trading Strategy 2024 Version 2.3.7 ist ein Dokument, das sich mit den bew\u00e4hrten Handelsstrategien f\u00fcr die Kryptow\u00e4hrung Dogecoin befasst. In diesem Handbuch werden umfassende Analysen und Ratschl\u00e4ge f\u00fcr den Dogecoin-Handel vorgestellt, um Benutzern zu helfen, fundierte Entscheidungen zu treffen. Was ist der Dogecoin Trading Strategy 2024 2.3.7? Der Dogecoin Trading Strategy 2024 &hellip;<\/p>\n<p class=\"read-more\"> <a class=\"\" href=\"https:\/\/bengalmeat.com\/content\/alles-was-sie-uber-den-dogecoin-trading-strategy-2024-2-3-7-wissen-mussen-3\/\"> <span class=\"screen-reader-text\">Alles, was Sie \u00fcber den Dogecoin Trading Strategy 2024 2.3.7 wissen m\u00fcssen<\/span> Read More &raquo;<\/a><\/p>\n","protected":false},"author":1,"featured_media":0,"parent":0,"menu_order":0,"comment_status":"closed","ping_status":"closed","template":"","meta":{"site-sidebar-layout":"default","site-content-layout":"default","ast-main-header-display":"","ast-hfb-above-header-display":"","ast-hfb-below-header-display":"","ast-hfb-mobile-header-display":"","site-post-title":"","ast-breadcrumbs-content":"","ast-featured-img":"","footer-sml-layout":"","theme-transparent-header-meta":"","adv-header-id-meta":"","stick-header-meta":"","header-above-stick-meta":"","header-main-stick-meta":"","header-below-stick-meta":"","footnotes":""},"class_list":["post-87049","page","type-page","status-publish","hentry"],"_links":{"self":[{"href":"https:\/\/bengalmeat.com\/content\/wp-json\/wp\/v2\/pages\/87049","targetHints":{"allow":["GET"]}}],"collection":[{"href":"https:\/\/bengalmeat.com\/content\/wp-json\/wp\/v2\/pages"}],"about":[{"href":"https:\/\/bengalmeat.com\/content\/wp-json\/wp\/v2\/types\/page"}],"author":[{"embeddable":true,"href":"https:\/\/bengalmeat.com\/content\/wp-json\/wp\/v2\/users\/1"}],"replies":[{"embeddable":true,"href":"https:\/\/bengalmeat.com\/content\/wp-json\/wp\/v2\/comments?post=87049"}],"version-history":[{"count":1,"href":"https:\/\/bengalmeat.com\/content\/wp-json\/wp\/v2\/pages\/87049\/revisions"}],"predecessor-version":[{"id":87050,"href":"https:\/\/bengalmeat.com\/content\/wp-json\/wp\/v2\/pages\/87049\/revisions\/87050"}],"wp:attachment":[{"href":"https:\/\/bengalmeat.com\/content\/wp-json\/wp\/v2\/media?parent=87049"}],"curies":[{"name":"wp","href":"https:\/\/api.w.org\/{rel}","templated":true}]}}