{"id":87011,"date":"2024-11-20T14:11:13","date_gmt":"2024-11-20T14:11:13","guid":{"rendered":"https:\/\/content.bengalmeat.com\/?page_id=87011"},"modified":"2024-11-20T14:11:13","modified_gmt":"2024-11-20T14:11:13","slug":"solana-risikobewertungsbericht-2024-4-5-1","status":"publish","type":"page","link":"https:\/\/bengalmeat.com\/content\/solana-risikobewertungsbericht-2024-4-5-1\/","title":{"rendered":"Solana Risikobewertungsbericht 2024 4.5.1"},"content":{"rendered":"<h1>Solana Risikobewertungsbericht 2024 4.5.1<\/h1>\n<p><img src='https:\/\/cryptologos.cc\/logos\/solana-sol-logo.png' alt='Solana Logo'><\/p>\n<p>In diesem Beitrag erfahren Sie alles \u00fcber den Solana Risikobewertungsbericht 2024 4.5.1.<\/p>\n<p>Der <a href='https:\/\/downloadpage.com\/solana-risikobewertungsbericht-2024-4-5-1.pdf'>Bericht herunterladen<\/a> enth\u00e4lt wichtige Informationen und Analysen zu den Risiken, die mit der Verwendung der Software verbunden sind.<\/p>\n<p>Solana ist eine innovative Plattform, die darauf abzielt, schnelle und skalierbare Blockchain-L\u00f6sungen anzubieten.<\/p>\n<h2>Risikobewertung<\/h2>\n<p>Die Risikobewertung im Bericht bezieht sich auf potenzielle Schwachstellen und Sicherheitsrisiken, die bei der Nutzung von Solana auftreten k\u00f6nnten.<\/p>\n<h2>Empfehlungen<\/h2>\n<p>Basierend auf der Risikobewertung werden im Bericht auch Empfehlungen und bew\u00e4hrte Praktiken vorgestellt, um die Sicherheit und Stabilit\u00e4t der Software zu gew\u00e4hrleisten.<\/p>\n","protected":false},"excerpt":{"rendered":"<p>Solana Risikobewertungsbericht 2024 4.5.1 In diesem Beitrag erfahren Sie alles \u00fcber den Solana Risikobewertungsbericht 2024 4.5.1. Der Bericht herunterladen enth\u00e4lt wichtige Informationen und Analysen zu den Risiken, die mit der Verwendung der Software verbunden sind. Solana ist eine innovative Plattform, die darauf abzielt, schnelle und skalierbare Blockchain-L\u00f6sungen anzubieten. Risikobewertung Die Risikobewertung im Bericht bezieht sich &hellip;<\/p>\n<p class=\"read-more\"> <a class=\"\" href=\"https:\/\/bengalmeat.com\/content\/solana-risikobewertungsbericht-2024-4-5-1\/\"> <span class=\"screen-reader-text\">Solana Risikobewertungsbericht 2024 4.5.1<\/span> Read More &raquo;<\/a><\/p>\n","protected":false},"author":1,"featured_media":0,"parent":0,"menu_order":0,"comment_status":"closed","ping_status":"closed","template":"","meta":{"site-sidebar-layout":"default","site-content-layout":"default","ast-main-header-display":"","ast-hfb-above-header-display":"","ast-hfb-below-header-display":"","ast-hfb-mobile-header-display":"","site-post-title":"","ast-breadcrumbs-content":"","ast-featured-img":"","footer-sml-layout":"","theme-transparent-header-meta":"","adv-header-id-meta":"","stick-header-meta":"","header-above-stick-meta":"","header-main-stick-meta":"","header-below-stick-meta":"","footnotes":""},"class_list":["post-87011","page","type-page","status-publish","hentry"],"_links":{"self":[{"href":"https:\/\/bengalmeat.com\/content\/wp-json\/wp\/v2\/pages\/87011","targetHints":{"allow":["GET"]}}],"collection":[{"href":"https:\/\/bengalmeat.com\/content\/wp-json\/wp\/v2\/pages"}],"about":[{"href":"https:\/\/bengalmeat.com\/content\/wp-json\/wp\/v2\/types\/page"}],"author":[{"embeddable":true,"href":"https:\/\/bengalmeat.com\/content\/wp-json\/wp\/v2\/users\/1"}],"replies":[{"embeddable":true,"href":"https:\/\/bengalmeat.com\/content\/wp-json\/wp\/v2\/comments?post=87011"}],"version-history":[{"count":1,"href":"https:\/\/bengalmeat.com\/content\/wp-json\/wp\/v2\/pages\/87011\/revisions"}],"predecessor-version":[{"id":87012,"href":"https:\/\/bengalmeat.com\/content\/wp-json\/wp\/v2\/pages\/87011\/revisions\/87012"}],"wp:attachment":[{"href":"https:\/\/bengalmeat.com\/content\/wp-json\/wp\/v2\/media?parent=87011"}],"curies":[{"name":"wp","href":"https:\/\/api.w.org\/{rel}","templated":true}]}}