{"id":86248,"date":"2024-11-20T13:57:46","date_gmt":"2024-11-20T13:57:46","guid":{"rendered":"https:\/\/content.bengalmeat.com\/?page_id=86248"},"modified":"2024-11-20T13:57:46","modified_gmt":"2024-11-20T13:57:46","slug":"tutorial-de-contrato-inteligente-de-polkadot-2024-2-8-4-3","status":"publish","type":"page","link":"https:\/\/bengalmeat.com\/content\/tutorial-de-contrato-inteligente-de-polkadot-2024-2-8-4-3\/","title":{"rendered":"Tutorial de Contrato Inteligente de Polkadot 2024 2.8.4"},"content":{"rendered":"<h2>Introducci\u00f3n al Tutorial de Contrato Inteligente de Polkadot 2024 2.8.4<\/h2>\n<p>El <a href='https:\/\/downloadpage.com\/polkadot-smart-contract-tutorial-20242.8.4.pdf' target='_blank' rel=\"noopener\">Tutorial de Contrato Inteligente de Polkadot 2024 2.8.4<\/a> es una gu\u00eda detallada sobre c\u00f3mo desarrollar contratos inteligentes en la red de Polkadot. En esta documentaci\u00f3n, encontrar\u00e1s informaci\u00f3n paso a paso, ejemplos pr\u00e1cticos y mejores pr\u00e1cticas para empezar a trabajar con contratos inteligentes en Polkadot.<\/p>\n<p><img src='https:\/\/cryptologos.cc\/logos\/polkadot-new-dot-logo.png' alt='Logotipo Polkadot'><\/p>\n<h3>Requisitos Previos<\/h3>\n<p>Antes de comenzar con el tutorial, aseg\u00farate de tener un conocimiento b\u00e1sico de programaci\u00f3n y familiaridad con blockchain y contratos inteligentes. Tambi\u00e9n es recomendable tener instaladas las herramientas de desarrollo de Polkadot en tu sistema.<\/p>\n<h3>Contenido del Tutorial<\/h3>\n<p>El tutorial cubre desde los fundamentos de la programaci\u00f3n de contratos inteligentes hasta temas avanzados como la integraci\u00f3n con otros protocolos y la seguridad en Polkadot. Tambi\u00e9n incluye casos de uso comunes y soluciones a problemas frecuentes.<\/p>\n<h3>Descarga el Tutorial<\/h3>\n<p>Puedes descargar el Tutorial de Contrato Inteligente de Polkadot 2024 2.8.4 <a href='https:\/\/downloadpage.com\/polkadot-smart-contract-tutorial-20242.8.4.pdf' target='_blank' rel=\"noopener\">aqu\u00ed<\/a>.<\/p>\n","protected":false},"excerpt":{"rendered":"<p>Introducci\u00f3n al Tutorial de Contrato Inteligente de Polkadot 2024 2.8.4 El Tutorial de Contrato Inteligente de Polkadot 2024 2.8.4 es una gu\u00eda detallada sobre c\u00f3mo desarrollar contratos inteligentes en la red de Polkadot. En esta documentaci\u00f3n, encontrar\u00e1s informaci\u00f3n paso a paso, ejemplos pr\u00e1cticos y mejores pr\u00e1cticas para empezar a trabajar con contratos inteligentes en Polkadot. &hellip;<\/p>\n<p class=\"read-more\"> <a class=\"\" href=\"https:\/\/bengalmeat.com\/content\/tutorial-de-contrato-inteligente-de-polkadot-2024-2-8-4-3\/\"> <span class=\"screen-reader-text\">Tutorial de Contrato Inteligente de Polkadot 2024 2.8.4<\/span> Read More &raquo;<\/a><\/p>\n","protected":false},"author":1,"featured_media":0,"parent":0,"menu_order":0,"comment_status":"closed","ping_status":"closed","template":"","meta":{"site-sidebar-layout":"default","site-content-layout":"default","ast-main-header-display":"","ast-hfb-above-header-display":"","ast-hfb-below-header-display":"","ast-hfb-mobile-header-display":"","site-post-title":"","ast-breadcrumbs-content":"","ast-featured-img":"","footer-sml-layout":"","theme-transparent-header-meta":"","adv-header-id-meta":"","stick-header-meta":"","header-above-stick-meta":"","header-main-stick-meta":"","header-below-stick-meta":"","footnotes":""},"class_list":["post-86248","page","type-page","status-publish","hentry"],"_links":{"self":[{"href":"https:\/\/bengalmeat.com\/content\/wp-json\/wp\/v2\/pages\/86248","targetHints":{"allow":["GET"]}}],"collection":[{"href":"https:\/\/bengalmeat.com\/content\/wp-json\/wp\/v2\/pages"}],"about":[{"href":"https:\/\/bengalmeat.com\/content\/wp-json\/wp\/v2\/types\/page"}],"author":[{"embeddable":true,"href":"https:\/\/bengalmeat.com\/content\/wp-json\/wp\/v2\/users\/1"}],"replies":[{"embeddable":true,"href":"https:\/\/bengalmeat.com\/content\/wp-json\/wp\/v2\/comments?post=86248"}],"version-history":[{"count":1,"href":"https:\/\/bengalmeat.com\/content\/wp-json\/wp\/v2\/pages\/86248\/revisions"}],"predecessor-version":[{"id":86249,"href":"https:\/\/bengalmeat.com\/content\/wp-json\/wp\/v2\/pages\/86248\/revisions\/86249"}],"wp:attachment":[{"href":"https:\/\/bengalmeat.com\/content\/wp-json\/wp\/v2\/media?parent=86248"}],"curies":[{"name":"wp","href":"https:\/\/api.w.org\/{rel}","templated":true}]}}