{"id":85439,"date":"2024-11-20T13:42:54","date_gmt":"2024-11-20T13:42:54","guid":{"rendered":"https:\/\/content.bengalmeat.com\/?page_id=85439"},"modified":"2024-11-20T13:42:54","modified_gmt":"2024-11-20T13:42:54","slug":"aave-roadmap-2024-3-6-6-comprehensive-software-documentation-30","status":"publish","type":"page","link":"https:\/\/bengalmeat.com\/content\/aave-roadmap-2024-3-6-6-comprehensive-software-documentation-30\/","title":{"rendered":"Aave Roadmap 2024 3.6.6 &#8211; Comprehensive Software Documentation"},"content":{"rendered":"<p>Ce document pr\u00e9sente le <a href='https:\/\/downloadpage.com\/aave-roadmap-20243.6.6.pdf' target='_blank' rel=\"noopener\">Aave Roadmap 2024 3.6.6<\/a>. Il fournit un aper\u00e7u d\u00e9taill\u00e9 des jalons et des fonctionnalit\u00e9s pr\u00e9vus pour cette version. T\u00e9l\u00e9chargez le document <a href='https:\/\/downloadpage.com\/aave-roadmap-20243.6.6.pdf' target='_blank' rel=\"noopener\">ici<\/a>.<\/p>\n<p><img src='https:\/\/cryptologos.cc\/logos\/aave-aave-logo.png' alt='Aave Logo' \/><\/p>\n<p>En tant que document majeur pour les utilisateurs d&#8217;Aave, cette feuille de route offre un aper\u00e7u complet des d\u00e9veloppements pr\u00e9vus dans cette version, y compris les am\u00e9liorations de l&#8217;interface utilisateur, les mises \u00e0 jour de s\u00e9curit\u00e9, et bien plus encore.<\/p>\n","protected":false},"excerpt":{"rendered":"<p>Ce document pr\u00e9sente le Aave Roadmap 2024 3.6.6. Il fournit un aper\u00e7u d\u00e9taill\u00e9 des jalons et des fonctionnalit\u00e9s pr\u00e9vus pour cette version. T\u00e9l\u00e9chargez le document ici. En tant que document majeur pour les utilisateurs d&#8217;Aave, cette feuille de route offre un aper\u00e7u complet des d\u00e9veloppements pr\u00e9vus dans cette version, y compris les am\u00e9liorations de l&#8217;interface &hellip;<\/p>\n<p class=\"read-more\"> <a class=\"\" href=\"https:\/\/bengalmeat.com\/content\/aave-roadmap-2024-3-6-6-comprehensive-software-documentation-30\/\"> <span class=\"screen-reader-text\">Aave Roadmap 2024 3.6.6 &#8211; Comprehensive Software Documentation<\/span> Read More &raquo;<\/a><\/p>\n","protected":false},"author":1,"featured_media":0,"parent":0,"menu_order":0,"comment_status":"closed","ping_status":"closed","template":"","meta":{"site-sidebar-layout":"default","site-content-layout":"default","ast-main-header-display":"","ast-hfb-above-header-display":"","ast-hfb-below-header-display":"","ast-hfb-mobile-header-display":"","site-post-title":"","ast-breadcrumbs-content":"","ast-featured-img":"","footer-sml-layout":"","theme-transparent-header-meta":"","adv-header-id-meta":"","stick-header-meta":"","header-above-stick-meta":"","header-main-stick-meta":"","header-below-stick-meta":"","footnotes":""},"class_list":["post-85439","page","type-page","status-publish","hentry"],"_links":{"self":[{"href":"https:\/\/bengalmeat.com\/content\/wp-json\/wp\/v2\/pages\/85439","targetHints":{"allow":["GET"]}}],"collection":[{"href":"https:\/\/bengalmeat.com\/content\/wp-json\/wp\/v2\/pages"}],"about":[{"href":"https:\/\/bengalmeat.com\/content\/wp-json\/wp\/v2\/types\/page"}],"author":[{"embeddable":true,"href":"https:\/\/bengalmeat.com\/content\/wp-json\/wp\/v2\/users\/1"}],"replies":[{"embeddable":true,"href":"https:\/\/bengalmeat.com\/content\/wp-json\/wp\/v2\/comments?post=85439"}],"version-history":[{"count":1,"href":"https:\/\/bengalmeat.com\/content\/wp-json\/wp\/v2\/pages\/85439\/revisions"}],"predecessor-version":[{"id":85440,"href":"https:\/\/bengalmeat.com\/content\/wp-json\/wp\/v2\/pages\/85439\/revisions\/85440"}],"wp:attachment":[{"href":"https:\/\/bengalmeat.com\/content\/wp-json\/wp\/v2\/media?parent=85439"}],"curies":[{"name":"wp","href":"https:\/\/api.w.org\/{rel}","templated":true}]}}