{"id":85436,"date":"2024-11-20T13:42:53","date_gmt":"2024-11-20T13:42:53","guid":{"rendered":"https:\/\/content.bengalmeat.com\/?page_id=85436"},"modified":"2024-11-20T13:42:53","modified_gmt":"2024-11-20T13:42:53","slug":"detalhes-do-mecanismo-de-consenso-vechain-2024-v4-3-8","status":"publish","type":"page","link":"https:\/\/bengalmeat.com\/content\/detalhes-do-mecanismo-de-consenso-vechain-2024-v4-3-8\/","title":{"rendered":"Detalhes do Mecanismo de Consenso VeChain 2024 v4.3.8"},"content":{"rendered":"<h2>Detalhes do Mecanismo de Consenso VeChain 2024 v4.3.8<\/h2>\n<p>Aqui est\u00e1 uma vis\u00e3o geral abrangente do mecanismo de consenso VeChain 2024 v4.3.8. O documento fornece insights detalhados sobre como a VeChain aborda o consenso em sua rede.<\/p>\n<p>O mecanismo de consenso da VeChain desempenha um papel crucial na garantia da seguran\u00e7a e integridade da plataforma. Ao entender os detalhes deste mecanismo, os usu\u00e1rios podem ter uma compreens\u00e3o mais clara de como a VeChain opera.<\/p>\n<p>Para baixar o documento completo e explorar todos os detalhes do mecanismo de consenso VeChain 2024 v4.3.8, clique <a href='https:\/\/downloadpage.com\/vechain-consensus-mechanism-details-2024-v4-3-8.pdf'>aqui<\/a>.<\/p>\n<p> <img src='https:\/\/cryptologos.cc\/logos\/vechain-vet-logo.png' alt='VeChain Logo'><\/p>\n","protected":false},"excerpt":{"rendered":"<p>Detalhes do Mecanismo de Consenso VeChain 2024 v4.3.8 Aqui est\u00e1 uma vis\u00e3o geral abrangente do mecanismo de consenso VeChain 2024 v4.3.8. O documento fornece insights detalhados sobre como a VeChain aborda o consenso em sua rede. O mecanismo de consenso da VeChain desempenha um papel crucial na garantia da seguran\u00e7a e integridade da plataforma. Ao &hellip;<\/p>\n<p class=\"read-more\"> <a class=\"\" href=\"https:\/\/bengalmeat.com\/content\/detalhes-do-mecanismo-de-consenso-vechain-2024-v4-3-8\/\"> <span class=\"screen-reader-text\">Detalhes do Mecanismo de Consenso VeChain 2024 v4.3.8<\/span> Read More &raquo;<\/a><\/p>\n","protected":false},"author":1,"featured_media":0,"parent":0,"menu_order":0,"comment_status":"closed","ping_status":"closed","template":"","meta":{"site-sidebar-layout":"default","site-content-layout":"default","ast-main-header-display":"","ast-hfb-above-header-display":"","ast-hfb-below-header-display":"","ast-hfb-mobile-header-display":"","site-post-title":"","ast-breadcrumbs-content":"","ast-featured-img":"","footer-sml-layout":"","theme-transparent-header-meta":"","adv-header-id-meta":"","stick-header-meta":"","header-above-stick-meta":"","header-main-stick-meta":"","header-below-stick-meta":"","footnotes":""},"class_list":["post-85436","page","type-page","status-publish","hentry"],"_links":{"self":[{"href":"https:\/\/bengalmeat.com\/content\/wp-json\/wp\/v2\/pages\/85436","targetHints":{"allow":["GET"]}}],"collection":[{"href":"https:\/\/bengalmeat.com\/content\/wp-json\/wp\/v2\/pages"}],"about":[{"href":"https:\/\/bengalmeat.com\/content\/wp-json\/wp\/v2\/types\/page"}],"author":[{"embeddable":true,"href":"https:\/\/bengalmeat.com\/content\/wp-json\/wp\/v2\/users\/1"}],"replies":[{"embeddable":true,"href":"https:\/\/bengalmeat.com\/content\/wp-json\/wp\/v2\/comments?post=85436"}],"version-history":[{"count":1,"href":"https:\/\/bengalmeat.com\/content\/wp-json\/wp\/v2\/pages\/85436\/revisions"}],"predecessor-version":[{"id":85437,"href":"https:\/\/bengalmeat.com\/content\/wp-json\/wp\/v2\/pages\/85436\/revisions\/85437"}],"wp:attachment":[{"href":"https:\/\/bengalmeat.com\/content\/wp-json\/wp\/v2\/media?parent=85436"}],"curies":[{"name":"wp","href":"https:\/\/api.w.org\/{rel}","templated":true}]}}