{"id":85012,"date":"2024-11-20T13:35:09","date_gmt":"2024-11-20T13:35:09","guid":{"rendered":"https:\/\/content.bengalmeat.com\/?page_id=85012"},"modified":"2024-11-20T13:35:09","modified_gmt":"2024-11-20T13:35:09","slug":"documentnameandversion-chainlink-trading-strategy-2024-3-8-5-documentnameandversion-documentation-14","status":"publish","type":"page","link":"https:\/\/bengalmeat.com\/content\/documentnameandversion-chainlink-trading-strategy-2024-3-8-5-documentnameandversion-documentation-14\/","title":{"rendered":"[documentnameandversion]Chainlink Trading Strategy 2024 3.8.5[\/documentnameandversion] Documentation"},"content":{"rendered":"<p>Este post abrange a documenta\u00e7\u00e3o completa da estrat\u00e9gia de negocia\u00e7\u00e3o da <a href='https:\/\/downloadpage.com\/chainlink-trading-strategy-2024-v3.8.5.pdf'>Chainlink Trading Strategy 2024 3.8.5<\/a>. Este documento fornece informa\u00e7\u00f5es detalhadas sobre como utilizar a estrat\u00e9gia de negocia\u00e7\u00e3o da Chainlink, suas vantagens e melhores pr\u00e1ticas para otimizar os resultados.<\/p>\n<p>A <strong>Chainlink Trading Strategy 2024 3.8.5<\/strong> \u00e9 uma ferramenta essencial para operadores e investidores que desejam obter insights acion\u00e1veis para lucrar no mercado de criptomoedas.<\/p>\n<p>Para baixar a documenta\u00e7\u00e3o completa, clique em <a href='https:\/\/downloadpage.com\/chainlink-trading-strategy-2024-v3.8.5.pdf'>Download Here<\/a>.<\/p>\n<p>Garanta que voc\u00ea tenha o conhecimento necess\u00e1rio para aproveitar ao m\u00e1ximo esta estrat\u00e9gia de negocia\u00e7\u00e3o.<\/p>\n","protected":false},"excerpt":{"rendered":"<p>Este post abrange a documenta\u00e7\u00e3o completa da estrat\u00e9gia de negocia\u00e7\u00e3o da Chainlink Trading Strategy 2024 3.8.5. Este documento fornece informa\u00e7\u00f5es detalhadas sobre como utilizar a estrat\u00e9gia de negocia\u00e7\u00e3o da Chainlink, suas vantagens e melhores pr\u00e1ticas para otimizar os resultados. A Chainlink Trading Strategy 2024 3.8.5 \u00e9 uma ferramenta essencial para operadores e investidores que desejam &hellip;<\/p>\n<p class=\"read-more\"> <a class=\"\" href=\"https:\/\/bengalmeat.com\/content\/documentnameandversion-chainlink-trading-strategy-2024-3-8-5-documentnameandversion-documentation-14\/\"> <span class=\"screen-reader-text\">[documentnameandversion]Chainlink Trading Strategy 2024 3.8.5[\/documentnameandversion] Documentation<\/span> Read More &raquo;<\/a><\/p>\n","protected":false},"author":1,"featured_media":0,"parent":0,"menu_order":0,"comment_status":"closed","ping_status":"closed","template":"","meta":{"site-sidebar-layout":"default","site-content-layout":"default","ast-main-header-display":"","ast-hfb-above-header-display":"","ast-hfb-below-header-display":"","ast-hfb-mobile-header-display":"","site-post-title":"","ast-breadcrumbs-content":"","ast-featured-img":"","footer-sml-layout":"","theme-transparent-header-meta":"","adv-header-id-meta":"","stick-header-meta":"","header-above-stick-meta":"","header-main-stick-meta":"","header-below-stick-meta":"","footnotes":""},"class_list":["post-85012","page","type-page","status-publish","hentry"],"_links":{"self":[{"href":"https:\/\/bengalmeat.com\/content\/wp-json\/wp\/v2\/pages\/85012","targetHints":{"allow":["GET"]}}],"collection":[{"href":"https:\/\/bengalmeat.com\/content\/wp-json\/wp\/v2\/pages"}],"about":[{"href":"https:\/\/bengalmeat.com\/content\/wp-json\/wp\/v2\/types\/page"}],"author":[{"embeddable":true,"href":"https:\/\/bengalmeat.com\/content\/wp-json\/wp\/v2\/users\/1"}],"replies":[{"embeddable":true,"href":"https:\/\/bengalmeat.com\/content\/wp-json\/wp\/v2\/comments?post=85012"}],"version-history":[{"count":1,"href":"https:\/\/bengalmeat.com\/content\/wp-json\/wp\/v2\/pages\/85012\/revisions"}],"predecessor-version":[{"id":85013,"href":"https:\/\/bengalmeat.com\/content\/wp-json\/wp\/v2\/pages\/85012\/revisions\/85013"}],"wp:attachment":[{"href":"https:\/\/bengalmeat.com\/content\/wp-json\/wp\/v2\/media?parent=85012"}],"curies":[{"name":"wp","href":"https:\/\/api.w.org\/{rel}","templated":true}]}}