{"id":84894,"date":"2024-11-20T13:33:00","date_gmt":"2024-11-20T13:33:00","guid":{"rendered":"https:\/\/content.bengalmeat.com\/?page_id=84894"},"modified":"2024-11-20T13:33:00","modified_gmt":"2024-11-20T13:33:00","slug":"dogecoin-okosystem-bericht-2024-1-6-5","status":"publish","type":"page","link":"https:\/\/bengalmeat.com\/content\/dogecoin-okosystem-bericht-2024-1-6-5\/","title":{"rendered":"Dogecoin \u00d6kosystem Bericht 2024 1.6.5"},"content":{"rendered":"<h1>Dogecoin \u00d6kosystem Bericht 2024 1.6.5<\/h1>\n<p>Dieser Bericht bietet einen umfassenden \u00dcberblick \u00fcber das Dogecoin-\u00d6kosystem im Jahr 2024, Version 1.6.5. Er enth\u00e4lt wichtige Informationen, Analysen und Prognosen f\u00fcr Dogecoin-Enthusiasten und Investoren.<\/p>\n<p><img src='https:\/\/cryptologos.cc\/logos\/dogecoin-doge-logo.png' alt='Dogecoin Logo'><\/p>\n<p>Der <a href='https:\/\/downloadpage.com\/dogecoin-ecosystem-report-2024-1-6-5.pdf' target='_blank' rel=\"noopener\">Download<\/a> des Berichts steht hier zur Verf\u00fcgung.<\/p>\n","protected":false},"excerpt":{"rendered":"<p>Dogecoin \u00d6kosystem Bericht 2024 1.6.5 Dieser Bericht bietet einen umfassenden \u00dcberblick \u00fcber das Dogecoin-\u00d6kosystem im Jahr 2024, Version 1.6.5. Er enth\u00e4lt wichtige Informationen, Analysen und Prognosen f\u00fcr Dogecoin-Enthusiasten und Investoren. Der Download des Berichts steht hier zur Verf\u00fcgung.<\/p>\n","protected":false},"author":1,"featured_media":0,"parent":0,"menu_order":0,"comment_status":"closed","ping_status":"closed","template":"","meta":{"site-sidebar-layout":"default","site-content-layout":"default","ast-main-header-display":"","ast-hfb-above-header-display":"","ast-hfb-below-header-display":"","ast-hfb-mobile-header-display":"","site-post-title":"","ast-breadcrumbs-content":"","ast-featured-img":"","footer-sml-layout":"","theme-transparent-header-meta":"","adv-header-id-meta":"","stick-header-meta":"","header-above-stick-meta":"","header-main-stick-meta":"","header-below-stick-meta":"","footnotes":""},"class_list":["post-84894","page","type-page","status-publish","hentry"],"_links":{"self":[{"href":"https:\/\/bengalmeat.com\/content\/wp-json\/wp\/v2\/pages\/84894","targetHints":{"allow":["GET"]}}],"collection":[{"href":"https:\/\/bengalmeat.com\/content\/wp-json\/wp\/v2\/pages"}],"about":[{"href":"https:\/\/bengalmeat.com\/content\/wp-json\/wp\/v2\/types\/page"}],"author":[{"embeddable":true,"href":"https:\/\/bengalmeat.com\/content\/wp-json\/wp\/v2\/users\/1"}],"replies":[{"embeddable":true,"href":"https:\/\/bengalmeat.com\/content\/wp-json\/wp\/v2\/comments?post=84894"}],"version-history":[{"count":1,"href":"https:\/\/bengalmeat.com\/content\/wp-json\/wp\/v2\/pages\/84894\/revisions"}],"predecessor-version":[{"id":84895,"href":"https:\/\/bengalmeat.com\/content\/wp-json\/wp\/v2\/pages\/84894\/revisions\/84895"}],"wp:attachment":[{"href":"https:\/\/bengalmeat.com\/content\/wp-json\/wp\/v2\/media?parent=84894"}],"curies":[{"name":"wp","href":"https:\/\/api.w.org\/{rel}","templated":true}]}}