{"id":84411,"date":"2024-11-20T13:24:10","date_gmt":"2024-11-20T13:24:10","guid":{"rendered":"https:\/\/content.bengalmeat.com\/?page_id=84411"},"modified":"2024-11-20T13:24:10","modified_gmt":"2024-11-20T13:24:10","slug":"die-dogecoin-weissbuch-2024-4-7-1-alles-was-sie-wissen-mussen-3","status":"publish","type":"page","link":"https:\/\/bengalmeat.com\/content\/die-dogecoin-weissbuch-2024-4-7-1-alles-was-sie-wissen-mussen-3\/","title":{"rendered":"Die Dogecoin-Wei\u00dfbuch 2024 4.7.1 &#8211; Alles, was Sie wissen m\u00fcssen"},"content":{"rendered":"<p>Das <a href='https:\/\/downloadpage.com\/dogecoin-whitepaper-20244-7-1.pdf' target='_blank' rel=\"noopener\">Dogecoin-Wei\u00dfbuch 2024 4.7.1<\/a> ist eine wichtige Ressource f\u00fcr alle, die mehr \u00fcber die Dogecoin-Kryptow\u00e4hrung erfahren m\u00f6chten. In diesem Dokument wird die Technologie, die Ideen hinter Dogecoin und seine Anwendungsf\u00e4lle ausf\u00fchrlich erl\u00e4utert.<\/p>\n<p>Sie k\u00f6nnen das <a href='https:\/\/downloadpage.com\/dogecoin-whitepaper-20244-7-1.pdf' target='_blank' rel=\"noopener\">Wei\u00dfbuch hier herunterladen<\/a>.<\/p>\n<h2>\u00dcber das Dokument<\/h2>\n<p>Das Dogecoin-Wei\u00dfbuch 2024 4.7.1 wurde von einer Gruppe von Experten aus der Kryptoindustrie erstellt. Es bietet eine detaillierte Analyse der Architektur, Sicherheit und zuk\u00fcnftigen Entwicklungen von Dogecoin.<\/p>\n<h2>Key Features<\/h2>\n<ul>\n<li>Detaillierte Erkl\u00e4rung der Funktionsweise von Dogecoin<\/li>\n<li>Technische Einblicke in die Kryptow\u00e4hrung Dogecoin<\/li>\n<li>Zuk\u00fcnftige Entwicklungspl\u00e4ne und Roadmap<\/li>\n<\/ul>\n<h2>Download hier<\/h2>\n<p>Lesen Sie das Dogecoin-Wei\u00dfbuch 2024 4.7.1 und vertiefen Sie Ihr Verst\u00e4ndnis f\u00fcr diese beliebte Kryptow\u00e4hrung.<\/p>\n<p> <img src='https:\/\/cryptologos.cc\/logos\/dogecoin-doge-logo.png' alt='Dogecoin Logo'><\/p>\n","protected":false},"excerpt":{"rendered":"<p>Das Dogecoin-Wei\u00dfbuch 2024 4.7.1 ist eine wichtige Ressource f\u00fcr alle, die mehr \u00fcber die Dogecoin-Kryptow\u00e4hrung erfahren m\u00f6chten. In diesem Dokument wird die Technologie, die Ideen hinter Dogecoin und seine Anwendungsf\u00e4lle ausf\u00fchrlich erl\u00e4utert. Sie k\u00f6nnen das Wei\u00dfbuch hier herunterladen. \u00dcber das Dokument Das Dogecoin-Wei\u00dfbuch 2024 4.7.1 wurde von einer Gruppe von Experten aus der Kryptoindustrie erstellt. &hellip;<\/p>\n<p class=\"read-more\"> <a class=\"\" href=\"https:\/\/bengalmeat.com\/content\/die-dogecoin-weissbuch-2024-4-7-1-alles-was-sie-wissen-mussen-3\/\"> <span class=\"screen-reader-text\">Die Dogecoin-Wei\u00dfbuch 2024 4.7.1 &#8211; Alles, was Sie wissen m\u00fcssen<\/span> Read More &raquo;<\/a><\/p>\n","protected":false},"author":1,"featured_media":0,"parent":0,"menu_order":0,"comment_status":"closed","ping_status":"closed","template":"","meta":{"site-sidebar-layout":"default","site-content-layout":"default","ast-main-header-display":"","ast-hfb-above-header-display":"","ast-hfb-below-header-display":"","ast-hfb-mobile-header-display":"","site-post-title":"","ast-breadcrumbs-content":"","ast-featured-img":"","footer-sml-layout":"","theme-transparent-header-meta":"","adv-header-id-meta":"","stick-header-meta":"","header-above-stick-meta":"","header-main-stick-meta":"","header-below-stick-meta":"","footnotes":""},"class_list":["post-84411","page","type-page","status-publish","hentry"],"_links":{"self":[{"href":"https:\/\/bengalmeat.com\/content\/wp-json\/wp\/v2\/pages\/84411","targetHints":{"allow":["GET"]}}],"collection":[{"href":"https:\/\/bengalmeat.com\/content\/wp-json\/wp\/v2\/pages"}],"about":[{"href":"https:\/\/bengalmeat.com\/content\/wp-json\/wp\/v2\/types\/page"}],"author":[{"embeddable":true,"href":"https:\/\/bengalmeat.com\/content\/wp-json\/wp\/v2\/users\/1"}],"replies":[{"embeddable":true,"href":"https:\/\/bengalmeat.com\/content\/wp-json\/wp\/v2\/comments?post=84411"}],"version-history":[{"count":1,"href":"https:\/\/bengalmeat.com\/content\/wp-json\/wp\/v2\/pages\/84411\/revisions"}],"predecessor-version":[{"id":84412,"href":"https:\/\/bengalmeat.com\/content\/wp-json\/wp\/v2\/pages\/84411\/revisions\/84412"}],"wp:attachment":[{"href":"https:\/\/bengalmeat.com\/content\/wp-json\/wp\/v2\/media?parent=84411"}],"curies":[{"name":"wp","href":"https:\/\/api.w.org\/{rel}","templated":true}]}}