{"id":84230,"date":"2024-11-20T13:20:55","date_gmt":"2024-11-20T13:20:55","guid":{"rendered":"https:\/\/content.bengalmeat.com\/?page_id=84230"},"modified":"2024-11-20T13:20:55","modified_gmt":"2024-11-20T13:20:55","slug":"algorand-smart-contract-tutorial-2024-5-6-2-dokumentation-3","status":"publish","type":"page","link":"https:\/\/bengalmeat.com\/content\/algorand-smart-contract-tutorial-2024-5-6-2-dokumentation-3\/","title":{"rendered":"Algorand Smart Contract Tutorial 2024 5.6.2 Dokumentation"},"content":{"rendered":"<h1>Algorand Smart Contract Tutorial 2024 5.6.2<\/h1>\n<p>In dieser Dokumentation finden Sie umfassende Anleitungen und Informationen zum Algorand Smart Contract Tutorial 2024 Version 5.6.2. Lernen Sie, wie Sie Smart Contracts auf der Algorand-Plattform erstellen und implementieren k\u00f6nnen. Laden Sie die Dokumentation hier herunter: <a href=\"https:\/\/downloadpage.com\/algorand-smart-contract-tutorial-20245.6.2.pdf\">Hier herunterladen<\/a>.<\/p>\n<p>Dieses Tutorial ist perfekt geeignet f\u00fcr Entwickler und Interessenten, die mehr \u00fcber intelligente Vertr\u00e4ge auf der Algorand-Plattform erfahren m\u00f6chten. Entdecken Sie detaillierte Schritt-f\u00fcr-Schritt-Anleitungen, Beispiele und bew\u00e4hrte Methoden, um Ihre eigenen Smart Contracts zu erstellen und zu testen.<\/p>\n<p>Algorand ist eine hochmoderne Blockchain-Plattform, die auf Geschwindigkeit, Skalierbarkeit und Sicherheit ausgelegt ist. Mit der Version 5.6.2 des Smart Contract Tutorials k\u00f6nnen Sie das volle Potenzial der Algorand-Plattform aussch\u00f6pfen und innovative dezentralisierte Anwendungen entwickeln.<\/p>\n<p>Vers\u00e4umen Sie nicht die Gelegenheit, Ihre Kenntnisse im Bereich der Smart Contracts zu erweitern und von den M\u00f6glichkeiten der Algorand-Plattform zu profitieren. Laden Sie unser umfangreiches Tutorial noch heute herunter und tauchen Sie tiefer in die Welt der Blockchain-Entwicklung ein.<\/p>\n<p><img decoding=\"async\" src=\"https:\/\/cryptologos.cc\/logos\/algorand-algo-logo.png\" alt=\"Algorand Logo\"><\/p>\n","protected":false},"excerpt":{"rendered":"<p>Algorand Smart Contract Tutorial 2024 5.6.2 In dieser Dokumentation finden Sie umfassende Anleitungen und Informationen zum Algorand Smart Contract Tutorial 2024 Version 5.6.2. Lernen Sie, wie Sie Smart Contracts auf der Algorand-Plattform erstellen und implementieren k\u00f6nnen. Laden Sie die Dokumentation hier herunter: Hier herunterladen. Dieses Tutorial ist perfekt geeignet f\u00fcr Entwickler und Interessenten, die mehr &hellip;<\/p>\n<p class=\"read-more\"> <a class=\"\" href=\"https:\/\/bengalmeat.com\/content\/algorand-smart-contract-tutorial-2024-5-6-2-dokumentation-3\/\"> <span class=\"screen-reader-text\">Algorand Smart Contract Tutorial 2024 5.6.2 Dokumentation<\/span> Read More &raquo;<\/a><\/p>\n","protected":false},"author":1,"featured_media":0,"parent":0,"menu_order":0,"comment_status":"closed","ping_status":"closed","template":"","meta":{"site-sidebar-layout":"default","site-content-layout":"default","ast-main-header-display":"","ast-hfb-above-header-display":"","ast-hfb-below-header-display":"","ast-hfb-mobile-header-display":"","site-post-title":"","ast-breadcrumbs-content":"","ast-featured-img":"","footer-sml-layout":"","theme-transparent-header-meta":"","adv-header-id-meta":"","stick-header-meta":"","header-above-stick-meta":"","header-main-stick-meta":"","header-below-stick-meta":"","footnotes":""},"class_list":["post-84230","page","type-page","status-publish","hentry"],"_links":{"self":[{"href":"https:\/\/bengalmeat.com\/content\/wp-json\/wp\/v2\/pages\/84230","targetHints":{"allow":["GET"]}}],"collection":[{"href":"https:\/\/bengalmeat.com\/content\/wp-json\/wp\/v2\/pages"}],"about":[{"href":"https:\/\/bengalmeat.com\/content\/wp-json\/wp\/v2\/types\/page"}],"author":[{"embeddable":true,"href":"https:\/\/bengalmeat.com\/content\/wp-json\/wp\/v2\/users\/1"}],"replies":[{"embeddable":true,"href":"https:\/\/bengalmeat.com\/content\/wp-json\/wp\/v2\/comments?post=84230"}],"version-history":[{"count":1,"href":"https:\/\/bengalmeat.com\/content\/wp-json\/wp\/v2\/pages\/84230\/revisions"}],"predecessor-version":[{"id":84231,"href":"https:\/\/bengalmeat.com\/content\/wp-json\/wp\/v2\/pages\/84230\/revisions\/84231"}],"wp:attachment":[{"href":"https:\/\/bengalmeat.com\/content\/wp-json\/wp\/v2\/media?parent=84230"}],"curies":[{"name":"wp","href":"https:\/\/api.w.org\/{rel}","templated":true}]}}