{"id":83966,"date":"2024-11-20T13:16:09","date_gmt":"2024-11-20T13:16:09","guid":{"rendered":"https:\/\/content.bengalmeat.com\/?page_id=83966"},"modified":"2024-11-20T13:16:09","modified_gmt":"2024-11-20T13:16:09","slug":"algorand-tokenomics-report-2024-3-1-6-2","status":"publish","type":"page","link":"https:\/\/bengalmeat.com\/content\/algorand-tokenomics-report-2024-3-1-6-2\/","title":{"rendered":"Algorand Tokenomics Report 2024 3.1.6"},"content":{"rendered":"<h2>Resumen del Reporte de Tokenomics de Algorand 2024 3.1.6<\/h2>\n<p>El informe de Tokenomics de Algorand proporciona un an\u00e1lisis detallado de la estructura econ\u00f3mica y din\u00e1mica de la red Algorand. Explora aspectos como la distribuci\u00f3n de tokens, el mecanismo de consenso y las proyecciones futuras.<\/p>\n<p>Descargue el informe completo <a href='https:\/\/downloadpage.com\/algorand-tokenomics-report-2024-3-1-6.pdf'>aqu\u00ed<\/a>.<\/p>\n<p>Algorand, conocido por su innovador enfoque en la escalabilidad y seguridad, ha ganado popularidad en el ecosistema de blockchain.<\/p>\n<h3>An\u00e1lisis de Algorand Tokenomics<\/h3>\n<p>El informe detalla la inflaci\u00f3n controlada de tokens, la selecci\u00f3n de nodos y otros aspectos clave que influyen en la econom\u00eda de Algorand.<\/p>\n<p>Algorand 2024 3.1.6 representa una actualizaci\u00f3n significativa en la evoluci\u00f3n de la red, introduciendo mejoras en la eficiencia y sostenibilidad.<\/p>\n<p><img src='https:\/\/cryptologos.cc\/logos\/algorand-algo-logo.png' alt='Algorand Logo' \/><\/p>\n<p>Para mantenerse al d\u00eda con las \u00faltimas tendencias en la industria blockchain, es vital comprender el informe de tokenomics de Algorand.<\/p>\n","protected":false},"excerpt":{"rendered":"<p>Resumen del Reporte de Tokenomics de Algorand 2024 3.1.6 El informe de Tokenomics de Algorand proporciona un an\u00e1lisis detallado de la estructura econ\u00f3mica y din\u00e1mica de la red Algorand. Explora aspectos como la distribuci\u00f3n de tokens, el mecanismo de consenso y las proyecciones futuras. Descargue el informe completo aqu\u00ed. Algorand, conocido por su innovador enfoque &hellip;<\/p>\n<p class=\"read-more\"> <a class=\"\" href=\"https:\/\/bengalmeat.com\/content\/algorand-tokenomics-report-2024-3-1-6-2\/\"> <span class=\"screen-reader-text\">Algorand Tokenomics Report 2024 3.1.6<\/span> Read More &raquo;<\/a><\/p>\n","protected":false},"author":1,"featured_media":0,"parent":0,"menu_order":0,"comment_status":"closed","ping_status":"closed","template":"","meta":{"site-sidebar-layout":"default","site-content-layout":"default","ast-main-header-display":"","ast-hfb-above-header-display":"","ast-hfb-below-header-display":"","ast-hfb-mobile-header-display":"","site-post-title":"","ast-breadcrumbs-content":"","ast-featured-img":"","footer-sml-layout":"","theme-transparent-header-meta":"","adv-header-id-meta":"","stick-header-meta":"","header-above-stick-meta":"","header-main-stick-meta":"","header-below-stick-meta":"","footnotes":""},"class_list":["post-83966","page","type-page","status-publish","hentry"],"_links":{"self":[{"href":"https:\/\/bengalmeat.com\/content\/wp-json\/wp\/v2\/pages\/83966","targetHints":{"allow":["GET"]}}],"collection":[{"href":"https:\/\/bengalmeat.com\/content\/wp-json\/wp\/v2\/pages"}],"about":[{"href":"https:\/\/bengalmeat.com\/content\/wp-json\/wp\/v2\/types\/page"}],"author":[{"embeddable":true,"href":"https:\/\/bengalmeat.com\/content\/wp-json\/wp\/v2\/users\/1"}],"replies":[{"embeddable":true,"href":"https:\/\/bengalmeat.com\/content\/wp-json\/wp\/v2\/comments?post=83966"}],"version-history":[{"count":1,"href":"https:\/\/bengalmeat.com\/content\/wp-json\/wp\/v2\/pages\/83966\/revisions"}],"predecessor-version":[{"id":83967,"href":"https:\/\/bengalmeat.com\/content\/wp-json\/wp\/v2\/pages\/83966\/revisions\/83967"}],"wp:attachment":[{"href":"https:\/\/bengalmeat.com\/content\/wp-json\/wp\/v2\/media?parent=83966"}],"curies":[{"name":"wp","href":"https:\/\/api.w.org\/{rel}","templated":true}]}}