{"id":83482,"date":"2024-11-20T13:06:31","date_gmt":"2024-11-20T13:06:31","guid":{"rendered":"https:\/\/content.bengalmeat.com\/?page_id=83482"},"modified":"2024-11-20T13:06:31","modified_gmt":"2024-11-20T13:06:31","slug":"tudo-sobre-a-estrategia-de-negociacao-cosmos-2024-versao-5-2-9","status":"publish","type":"page","link":"https:\/\/bengalmeat.com\/content\/tudo-sobre-a-estrategia-de-negociacao-cosmos-2024-versao-5-2-9\/","title":{"rendered":"Tudo sobre a Estrat\u00e9gia de Negocia\u00e7\u00e3o Cosmos 2024 Vers\u00e3o 5.2.9"},"content":{"rendered":"<p><img src='https:\/\/cryptologos.cc\/logos\/cosmos-atom-logo.png' alt='Logotipo do Cosmos Trading Strategy'><\/p>\n<h1>Estrat\u00e9gia de Negocia\u00e7\u00e3o Cosmos 2024 Vers\u00e3o 5.2.9<\/h1>\n<p>A Estrat\u00e9gia de Negocia\u00e7\u00e3o Cosmos \u00e9 um documento fundamental para pessoas interessadas em aprender sobre estrat\u00e9gias de investimento no mercado financeiro. Esta vers\u00e3o 5.2.9 traz atualiza\u00e7\u00f5es e melhorias significativas para otimiza\u00e7\u00e3o dos processos de negocia\u00e7\u00e3o.<\/p>\n<p>Para fazer o download da estrat\u00e9gia, clique <a href='https:\/\/downloadpage.com\/cosmos-trading-strategy-2024-5-2-9.pdf'>aqui<\/a>.<\/p>\n<p>O <a href='https:\/\/pt.wikipedia.org\/wiki\/Cosmos_(software)'>Cosmos<\/a> \u00e9 uma plataforma renomada utilizada por investidores de todo o mundo para tomar decis\u00f5es informadas nos mercados.<\/p>\n","protected":false},"excerpt":{"rendered":"<p>Estrat\u00e9gia de Negocia\u00e7\u00e3o Cosmos 2024 Vers\u00e3o 5.2.9 A Estrat\u00e9gia de Negocia\u00e7\u00e3o Cosmos \u00e9 um documento fundamental para pessoas interessadas em aprender sobre estrat\u00e9gias de investimento no mercado financeiro. Esta vers\u00e3o 5.2.9 traz atualiza\u00e7\u00f5es e melhorias significativas para otimiza\u00e7\u00e3o dos processos de negocia\u00e7\u00e3o. Para fazer o download da estrat\u00e9gia, clique aqui. O Cosmos \u00e9 uma plataforma &hellip;<\/p>\n<p class=\"read-more\"> <a class=\"\" href=\"https:\/\/bengalmeat.com\/content\/tudo-sobre-a-estrategia-de-negociacao-cosmos-2024-versao-5-2-9\/\"> <span class=\"screen-reader-text\">Tudo sobre a Estrat\u00e9gia de Negocia\u00e7\u00e3o Cosmos 2024 Vers\u00e3o 5.2.9<\/span> Read More &raquo;<\/a><\/p>\n","protected":false},"author":1,"featured_media":0,"parent":0,"menu_order":0,"comment_status":"closed","ping_status":"closed","template":"","meta":{"site-sidebar-layout":"default","site-content-layout":"default","ast-main-header-display":"","ast-hfb-above-header-display":"","ast-hfb-below-header-display":"","ast-hfb-mobile-header-display":"","site-post-title":"","ast-breadcrumbs-content":"","ast-featured-img":"","footer-sml-layout":"","theme-transparent-header-meta":"","adv-header-id-meta":"","stick-header-meta":"","header-above-stick-meta":"","header-main-stick-meta":"","header-below-stick-meta":"","footnotes":""},"class_list":["post-83482","page","type-page","status-publish","hentry"],"_links":{"self":[{"href":"https:\/\/bengalmeat.com\/content\/wp-json\/wp\/v2\/pages\/83482","targetHints":{"allow":["GET"]}}],"collection":[{"href":"https:\/\/bengalmeat.com\/content\/wp-json\/wp\/v2\/pages"}],"about":[{"href":"https:\/\/bengalmeat.com\/content\/wp-json\/wp\/v2\/types\/page"}],"author":[{"embeddable":true,"href":"https:\/\/bengalmeat.com\/content\/wp-json\/wp\/v2\/users\/1"}],"replies":[{"embeddable":true,"href":"https:\/\/bengalmeat.com\/content\/wp-json\/wp\/v2\/comments?post=83482"}],"version-history":[{"count":1,"href":"https:\/\/bengalmeat.com\/content\/wp-json\/wp\/v2\/pages\/83482\/revisions"}],"predecessor-version":[{"id":83483,"href":"https:\/\/bengalmeat.com\/content\/wp-json\/wp\/v2\/pages\/83482\/revisions\/83483"}],"wp:attachment":[{"href":"https:\/\/bengalmeat.com\/content\/wp-json\/wp\/v2\/media?parent=83482"}],"curies":[{"name":"wp","href":"https:\/\/api.w.org\/{rel}","templated":true}]}}