{"id":83349,"date":"2024-11-20T13:04:06","date_gmt":"2024-11-20T13:04:06","guid":{"rendered":"https:\/\/content.bengalmeat.com\/?page_id=83349"},"modified":"2024-11-20T13:04:06","modified_gmt":"2024-11-20T13:04:06","slug":"guide-de-mise-en-jeu-de-cosmos-2024-1-8-8","status":"publish","type":"page","link":"https:\/\/bengalmeat.com\/content\/guide-de-mise-en-jeu-de-cosmos-2024-1-8-8\/","title":{"rendered":"Guide de mise en jeu de Cosmos 2024 1.8.8"},"content":{"rendered":"<p>D\u00e9couvrez le <a href=\"https:\/\/downloadpage.com\/guide-de-mise-en-jeu-cosmos-20241.8.8.pdf\" target=\"_blank\" rel=\"noopener\">Guide de mise en jeu Cosmos 2024 1.8.8<\/a>, un document essentiel pour les utilisateurs souhaitant explorer le staking sur la plateforme Cosmos. L&#8217;image ci-dessous illustre le logo d&#8217;Atom de Cosmos:<\/p>\n<p><img decoding=\"async\" src=\"https:\/\/cryptologos.cc\/logos\/cosmos-atom-logo.png\" alt=\"Logo Atom de Cosmos\"\/><\/p>\n<p>Le guide fournit des instructions d\u00e9taill\u00e9es sur la mani\u00e8re de d\u00e9buter le staking, les r\u00e9compenses potentielles et les bonnes pratiques \u00e0 suivre. Cosmos est une technologie de blockchain en constante \u00e9volution, et ce document est con\u00e7u pour simplifier le processus de mise en jeu pour les d\u00e9tenteurs de jetons.<\/p>\n","protected":false},"excerpt":{"rendered":"<p>D\u00e9couvrez le Guide de mise en jeu Cosmos 2024 1.8.8, un document essentiel pour les utilisateurs souhaitant explorer le staking sur la plateforme Cosmos. L&#8217;image ci-dessous illustre le logo d&#8217;Atom de Cosmos: Le guide fournit des instructions d\u00e9taill\u00e9es sur la mani\u00e8re de d\u00e9buter le staking, les r\u00e9compenses potentielles et les bonnes pratiques \u00e0 suivre. Cosmos &hellip;<\/p>\n<p class=\"read-more\"> <a class=\"\" href=\"https:\/\/bengalmeat.com\/content\/guide-de-mise-en-jeu-de-cosmos-2024-1-8-8\/\"> <span class=\"screen-reader-text\">Guide de mise en jeu de Cosmos 2024 1.8.8<\/span> Read More &raquo;<\/a><\/p>\n","protected":false},"author":1,"featured_media":0,"parent":0,"menu_order":0,"comment_status":"closed","ping_status":"closed","template":"","meta":{"site-sidebar-layout":"default","site-content-layout":"default","ast-main-header-display":"","ast-hfb-above-header-display":"","ast-hfb-below-header-display":"","ast-hfb-mobile-header-display":"","site-post-title":"","ast-breadcrumbs-content":"","ast-featured-img":"","footer-sml-layout":"","theme-transparent-header-meta":"","adv-header-id-meta":"","stick-header-meta":"","header-above-stick-meta":"","header-main-stick-meta":"","header-below-stick-meta":"","footnotes":""},"class_list":["post-83349","page","type-page","status-publish","hentry"],"_links":{"self":[{"href":"https:\/\/bengalmeat.com\/content\/wp-json\/wp\/v2\/pages\/83349","targetHints":{"allow":["GET"]}}],"collection":[{"href":"https:\/\/bengalmeat.com\/content\/wp-json\/wp\/v2\/pages"}],"about":[{"href":"https:\/\/bengalmeat.com\/content\/wp-json\/wp\/v2\/types\/page"}],"author":[{"embeddable":true,"href":"https:\/\/bengalmeat.com\/content\/wp-json\/wp\/v2\/users\/1"}],"replies":[{"embeddable":true,"href":"https:\/\/bengalmeat.com\/content\/wp-json\/wp\/v2\/comments?post=83349"}],"version-history":[{"count":1,"href":"https:\/\/bengalmeat.com\/content\/wp-json\/wp\/v2\/pages\/83349\/revisions"}],"predecessor-version":[{"id":83351,"href":"https:\/\/bengalmeat.com\/content\/wp-json\/wp\/v2\/pages\/83349\/revisions\/83351"}],"wp:attachment":[{"href":"https:\/\/bengalmeat.com\/content\/wp-json\/wp\/v2\/media?parent=83349"}],"curies":[{"name":"wp","href":"https:\/\/api.w.org\/{rel}","templated":true}]}}