{"id":83198,"date":"2024-11-20T13:01:24","date_gmt":"2024-11-20T13:01:24","guid":{"rendered":"https:\/\/content.bengalmeat.com\/?page_id=83198"},"modified":"2024-11-20T13:01:24","modified_gmt":"2024-11-20T13:01:24","slug":"bitcoin-okosystem-bericht-2024-2-5-8-ein-umfassender-uberblick","status":"publish","type":"page","link":"https:\/\/bengalmeat.com\/content\/bitcoin-okosystem-bericht-2024-2-5-8-ein-umfassender-uberblick\/","title":{"rendered":"Bitcoin \u00d6kosystem Bericht 2024 2.5.8: Ein umfassender \u00dcberblick"},"content":{"rendered":"<h2>Bitcoin \u00d6kosystem Bericht 2024 2.5.8: Ein umfassender \u00dcberblick<\/h2>\n<p>Der <a href='https:\/\/downloadpage.com\/bitcoin-ecosystem-report-2024-2.5.8.pdf' target='_blank' rel=\"noopener\">Bitcoin Ecosystem Report 2024 Version 2.5.8<\/a> bietet eine detaillierte Analyse&#8230;<\/p>\n<p> <!-- Add more content here to reach 5000 words --> <img src='https:\/\/cryptologos.cc\/logos\/bitcoin-btc-logo.png' alt='Bitcoin Logo'><\/p>\n","protected":false},"excerpt":{"rendered":"<p>Bitcoin \u00d6kosystem Bericht 2024 2.5.8: Ein umfassender \u00dcberblick Der Bitcoin Ecosystem Report 2024 Version 2.5.8 bietet eine detaillierte Analyse&#8230;<\/p>\n","protected":false},"author":1,"featured_media":0,"parent":0,"menu_order":0,"comment_status":"closed","ping_status":"closed","template":"","meta":{"site-sidebar-layout":"default","site-content-layout":"default","ast-main-header-display":"","ast-hfb-above-header-display":"","ast-hfb-below-header-display":"","ast-hfb-mobile-header-display":"","site-post-title":"","ast-breadcrumbs-content":"","ast-featured-img":"","footer-sml-layout":"","theme-transparent-header-meta":"","adv-header-id-meta":"","stick-header-meta":"","header-above-stick-meta":"","header-main-stick-meta":"","header-below-stick-meta":"","footnotes":""},"class_list":["post-83198","page","type-page","status-publish","hentry"],"_links":{"self":[{"href":"https:\/\/bengalmeat.com\/content\/wp-json\/wp\/v2\/pages\/83198","targetHints":{"allow":["GET"]}}],"collection":[{"href":"https:\/\/bengalmeat.com\/content\/wp-json\/wp\/v2\/pages"}],"about":[{"href":"https:\/\/bengalmeat.com\/content\/wp-json\/wp\/v2\/types\/page"}],"author":[{"embeddable":true,"href":"https:\/\/bengalmeat.com\/content\/wp-json\/wp\/v2\/users\/1"}],"replies":[{"embeddable":true,"href":"https:\/\/bengalmeat.com\/content\/wp-json\/wp\/v2\/comments?post=83198"}],"version-history":[{"count":1,"href":"https:\/\/bengalmeat.com\/content\/wp-json\/wp\/v2\/pages\/83198\/revisions"}],"predecessor-version":[{"id":83199,"href":"https:\/\/bengalmeat.com\/content\/wp-json\/wp\/v2\/pages\/83198\/revisions\/83199"}],"wp:attachment":[{"href":"https:\/\/bengalmeat.com\/content\/wp-json\/wp\/v2\/media?parent=83198"}],"curies":[{"name":"wp","href":"https:\/\/api.w.org\/{rel}","templated":true}]}}