{"id":82260,"date":"2024-11-20T12:43:43","date_gmt":"2024-11-20T12:43:43","guid":{"rendered":"https:\/\/content.bengalmeat.com\/?page_id=82260"},"modified":"2024-11-20T12:43:43","modified_gmt":"2024-11-20T12:43:43","slug":"documentnameandversion-bitcoin-defi-protokoll-dokumentation-2024-5-4-7-documentnameandversion-ubersicht-download","status":"publish","type":"page","link":"https:\/\/bengalmeat.com\/content\/documentnameandversion-bitcoin-defi-protokoll-dokumentation-2024-5-4-7-documentnameandversion-ubersicht-download\/","title":{"rendered":"[documentnameandversion]Bitcoin DeFi Protokoll Dokumentation 2024 5.4.7[\/documentnameandversion] \u00dcbersicht &#038; Download"},"content":{"rendered":"<h1>Bitcoin DeFi Protokoll Dokumentation 2024 5.4.7<\/h1>\n<p><img src='https:\/\/cryptologos.cc\/logos\/bitcoin-btc-logo.png' alt='Bitcoin Logo'><\/p>\n<p>Das Bitcoin <a href='https:\/\/downloadpage.com\/bitcoin-defi-protokoll-dokumentation-20245-4-7.pdf' target='_blank' rel=\"noopener\">DeFi Protokoll<\/a> ist ein wegweisendes Dokument, das die Funktionalit\u00e4ten des dezentralen Finanzprotokolls f\u00fcr Bitcoin pr\u00e4sentiert.<\/p>\n<h2>Allgemeine Informationen zum Dokument<\/h2>\n<p>Die Bitcoin DeFi Protokoll Dokumentation 2024 5.4.7 bietet eine umfassende \u00dcbersicht \u00fcber die neuesten Funktionen und Entwicklungen des Protokolls. Von der Bestimmung des Whitepapers bis hin zu praktischen Anwendungsf\u00e4llen wird alles detailliert er\u00f6rtert und erkl\u00e4rt.<\/p>\n<h2>Herunterladen<\/h2>\n<p>Die gesamte Dokumentation kann <a href='https:\/\/downloadpage.com\/bitcoin-defi-protokoll-dokumentation-20245-4-7.pdf' target='_blank' rel=\"noopener\">hier heruntergeladen<\/a> werden, um tiefer in die Welt des Bitcoin DeFi Protokolls einzutauchen.<\/p>\n","protected":false},"excerpt":{"rendered":"<p>Bitcoin DeFi Protokoll Dokumentation 2024 5.4.7 Das Bitcoin DeFi Protokoll ist ein wegweisendes Dokument, das die Funktionalit\u00e4ten des dezentralen Finanzprotokolls f\u00fcr Bitcoin pr\u00e4sentiert. Allgemeine Informationen zum Dokument Die Bitcoin DeFi Protokoll Dokumentation 2024 5.4.7 bietet eine umfassende \u00dcbersicht \u00fcber die neuesten Funktionen und Entwicklungen des Protokolls. Von der Bestimmung des Whitepapers bis hin zu praktischen &hellip;<\/p>\n<p class=\"read-more\"> <a class=\"\" href=\"https:\/\/bengalmeat.com\/content\/documentnameandversion-bitcoin-defi-protokoll-dokumentation-2024-5-4-7-documentnameandversion-ubersicht-download\/\"> <span class=\"screen-reader-text\">[documentnameandversion]Bitcoin DeFi Protokoll Dokumentation 2024 5.4.7[\/documentnameandversion] \u00dcbersicht &#038; Download<\/span> Read More &raquo;<\/a><\/p>\n","protected":false},"author":1,"featured_media":0,"parent":0,"menu_order":0,"comment_status":"closed","ping_status":"closed","template":"","meta":{"site-sidebar-layout":"default","site-content-layout":"default","ast-main-header-display":"","ast-hfb-above-header-display":"","ast-hfb-below-header-display":"","ast-hfb-mobile-header-display":"","site-post-title":"","ast-breadcrumbs-content":"","ast-featured-img":"","footer-sml-layout":"","theme-transparent-header-meta":"","adv-header-id-meta":"","stick-header-meta":"","header-above-stick-meta":"","header-main-stick-meta":"","header-below-stick-meta":"","footnotes":""},"class_list":["post-82260","page","type-page","status-publish","hentry"],"_links":{"self":[{"href":"https:\/\/bengalmeat.com\/content\/wp-json\/wp\/v2\/pages\/82260","targetHints":{"allow":["GET"]}}],"collection":[{"href":"https:\/\/bengalmeat.com\/content\/wp-json\/wp\/v2\/pages"}],"about":[{"href":"https:\/\/bengalmeat.com\/content\/wp-json\/wp\/v2\/types\/page"}],"author":[{"embeddable":true,"href":"https:\/\/bengalmeat.com\/content\/wp-json\/wp\/v2\/users\/1"}],"replies":[{"embeddable":true,"href":"https:\/\/bengalmeat.com\/content\/wp-json\/wp\/v2\/comments?post=82260"}],"version-history":[{"count":1,"href":"https:\/\/bengalmeat.com\/content\/wp-json\/wp\/v2\/pages\/82260\/revisions"}],"predecessor-version":[{"id":82261,"href":"https:\/\/bengalmeat.com\/content\/wp-json\/wp\/v2\/pages\/82260\/revisions\/82261"}],"wp:attachment":[{"href":"https:\/\/bengalmeat.com\/content\/wp-json\/wp\/v2\/media?parent=82260"}],"curies":[{"name":"wp","href":"https:\/\/api.w.org\/{rel}","templated":true}]}}