{"id":81670,"date":"2024-11-20T12:32:40","date_gmt":"2024-11-20T12:32:40","guid":{"rendered":"https:\/\/content.bengalmeat.com\/?page_id=81670"},"modified":"2024-11-20T12:32:40","modified_gmt":"2024-11-20T12:32:40","slug":"guia-de-configuracao-da-carteira-aave-2024-5-9-3-5","status":"publish","type":"page","link":"https:\/\/bengalmeat.com\/content\/guia-de-configuracao-da-carteira-aave-2024-5-9-3-5\/","title":{"rendered":"Guia de Configura\u00e7\u00e3o da Carteira Aave 2024 5.9.3"},"content":{"rendered":"<h1>Guia de Configura\u00e7\u00e3o da Carteira Aave 2024 5.9.3<\/h1>\n<p><img src='https:\/\/cryptologos.cc\/logos\/aave-aave-logo.png' alt='Aave Logo'><\/p>\n<p>Este \u00e9 um guia abrangente sobre como configurar a carteira Aave. A Carteira Aave \u00e9 uma ferramenta essencial para os usu\u00e1rios que desejam gerenciar suas criptomoedas de forma segura e eficiente.<\/p>\n<p>A partir deste guia, voc\u00ea aprender\u00e1 passo a passo como configurar e utilizar a Carteira Aave, garantindo que suas transa\u00e7\u00f5es e ativos digitais estejam protegidos.<\/p>\n<p>Para baixar o guia de configura\u00e7\u00e3o da carteira Aave 2024 5.9.3, clique <a href='https:\/\/downloadpage.com\/aave-wallet-setup-guide-2024-5.9.3.pdf' target='_blank' rel=\"noopener\">aqui<\/a>.<\/p>\n","protected":false},"excerpt":{"rendered":"<p>Guia de Configura\u00e7\u00e3o da Carteira Aave 2024 5.9.3 Este \u00e9 um guia abrangente sobre como configurar a carteira Aave. A Carteira Aave \u00e9 uma ferramenta essencial para os usu\u00e1rios que desejam gerenciar suas criptomoedas de forma segura e eficiente. A partir deste guia, voc\u00ea aprender\u00e1 passo a passo como configurar e utilizar a Carteira Aave, &hellip;<\/p>\n<p class=\"read-more\"> <a class=\"\" href=\"https:\/\/bengalmeat.com\/content\/guia-de-configuracao-da-carteira-aave-2024-5-9-3-5\/\"> <span class=\"screen-reader-text\">Guia de Configura\u00e7\u00e3o da Carteira Aave 2024 5.9.3<\/span> Read More &raquo;<\/a><\/p>\n","protected":false},"author":1,"featured_media":0,"parent":0,"menu_order":0,"comment_status":"closed","ping_status":"closed","template":"","meta":{"site-sidebar-layout":"default","site-content-layout":"default","ast-main-header-display":"","ast-hfb-above-header-display":"","ast-hfb-below-header-display":"","ast-hfb-mobile-header-display":"","site-post-title":"","ast-breadcrumbs-content":"","ast-featured-img":"","footer-sml-layout":"","theme-transparent-header-meta":"","adv-header-id-meta":"","stick-header-meta":"","header-above-stick-meta":"","header-main-stick-meta":"","header-below-stick-meta":"","footnotes":""},"class_list":["post-81670","page","type-page","status-publish","hentry"],"_links":{"self":[{"href":"https:\/\/bengalmeat.com\/content\/wp-json\/wp\/v2\/pages\/81670","targetHints":{"allow":["GET"]}}],"collection":[{"href":"https:\/\/bengalmeat.com\/content\/wp-json\/wp\/v2\/pages"}],"about":[{"href":"https:\/\/bengalmeat.com\/content\/wp-json\/wp\/v2\/types\/page"}],"author":[{"embeddable":true,"href":"https:\/\/bengalmeat.com\/content\/wp-json\/wp\/v2\/users\/1"}],"replies":[{"embeddable":true,"href":"https:\/\/bengalmeat.com\/content\/wp-json\/wp\/v2\/comments?post=81670"}],"version-history":[{"count":1,"href":"https:\/\/bengalmeat.com\/content\/wp-json\/wp\/v2\/pages\/81670\/revisions"}],"predecessor-version":[{"id":81671,"href":"https:\/\/bengalmeat.com\/content\/wp-json\/wp\/v2\/pages\/81670\/revisions\/81671"}],"wp:attachment":[{"href":"https:\/\/bengalmeat.com\/content\/wp-json\/wp\/v2\/media?parent=81670"}],"curies":[{"name":"wp","href":"https:\/\/api.w.org\/{rel}","templated":true}]}}