{"id":81425,"date":"2024-11-20T12:28:46","date_gmt":"2024-11-20T12:28:46","guid":{"rendered":"https:\/\/content.bengalmeat.com\/?page_id=81425"},"modified":"2024-11-20T12:28:46","modified_gmt":"2024-11-20T12:28:46","slug":"guia-de-configuracao-de-mineracao-vechain-2024-1-9-6","status":"publish","type":"page","link":"https:\/\/bengalmeat.com\/content\/guia-de-configuracao-de-mineracao-vechain-2024-1-9-6\/","title":{"rendered":"Guia de Configura\u00e7\u00e3o de Minera\u00e7\u00e3o VeChain 2024 1.9.6"},"content":{"rendered":"<h1>Guia de Configura\u00e7\u00e3o de Minera\u00e7\u00e3o VeChain 2024 1.9.6<\/h1>\n<p><img src='https:\/\/cryptologos.cc\/logos\/vechain-vet-logo.png' alt='VeChain Logo'><\/p>\n<p>O Guia de Configura\u00e7\u00e3o de Minera\u00e7\u00e3o VeChain 2024 vers\u00e3o 1.9.6 fornece instru\u00e7\u00f5es detalhadas sobre como configurar a minera\u00e7\u00e3o da criptomoeda VeChain. Este documento \u00e9 essencial para aqueles que desejam come\u00e7ar a minera\u00e7\u00e3o dessa moeda digital.<\/p>\n<p>O guia abrange desde os requisitos do sistema at\u00e9 as etapas espec\u00edficas para configurar o equipamento de minera\u00e7\u00e3o. Ele \u00e9 destinado a usu\u00e1rios iniciantes e experientes que desejam aproveitar ao m\u00e1ximo o potencial da minera\u00e7\u00e3o de VeChain.<\/p>\n<p><a href='https:\/\/downloadpage.com\/vechain-mining-setup-guide-2024-1.9.6.pdf'>Download here<\/a><\/p>\n","protected":false},"excerpt":{"rendered":"<p>Guia de Configura\u00e7\u00e3o de Minera\u00e7\u00e3o VeChain 2024 1.9.6 O Guia de Configura\u00e7\u00e3o de Minera\u00e7\u00e3o VeChain 2024 vers\u00e3o 1.9.6 fornece instru\u00e7\u00f5es detalhadas sobre como configurar a minera\u00e7\u00e3o da criptomoeda VeChain. Este documento \u00e9 essencial para aqueles que desejam come\u00e7ar a minera\u00e7\u00e3o dessa moeda digital. O guia abrange desde os requisitos do sistema at\u00e9 as etapas espec\u00edficas &hellip;<\/p>\n<p class=\"read-more\"> <a class=\"\" href=\"https:\/\/bengalmeat.com\/content\/guia-de-configuracao-de-mineracao-vechain-2024-1-9-6\/\"> <span class=\"screen-reader-text\">Guia de Configura\u00e7\u00e3o de Minera\u00e7\u00e3o VeChain 2024 1.9.6<\/span> Read More &raquo;<\/a><\/p>\n","protected":false},"author":1,"featured_media":0,"parent":0,"menu_order":0,"comment_status":"closed","ping_status":"closed","template":"","meta":{"site-sidebar-layout":"default","site-content-layout":"default","ast-main-header-display":"","ast-hfb-above-header-display":"","ast-hfb-below-header-display":"","ast-hfb-mobile-header-display":"","site-post-title":"","ast-breadcrumbs-content":"","ast-featured-img":"","footer-sml-layout":"","theme-transparent-header-meta":"","adv-header-id-meta":"","stick-header-meta":"","header-above-stick-meta":"","header-main-stick-meta":"","header-below-stick-meta":"","footnotes":""},"class_list":["post-81425","page","type-page","status-publish","hentry"],"_links":{"self":[{"href":"https:\/\/bengalmeat.com\/content\/wp-json\/wp\/v2\/pages\/81425","targetHints":{"allow":["GET"]}}],"collection":[{"href":"https:\/\/bengalmeat.com\/content\/wp-json\/wp\/v2\/pages"}],"about":[{"href":"https:\/\/bengalmeat.com\/content\/wp-json\/wp\/v2\/types\/page"}],"author":[{"embeddable":true,"href":"https:\/\/bengalmeat.com\/content\/wp-json\/wp\/v2\/users\/1"}],"replies":[{"embeddable":true,"href":"https:\/\/bengalmeat.com\/content\/wp-json\/wp\/v2\/comments?post=81425"}],"version-history":[{"count":1,"href":"https:\/\/bengalmeat.com\/content\/wp-json\/wp\/v2\/pages\/81425\/revisions"}],"predecessor-version":[{"id":81427,"href":"https:\/\/bengalmeat.com\/content\/wp-json\/wp\/v2\/pages\/81425\/revisions\/81427"}],"wp:attachment":[{"href":"https:\/\/bengalmeat.com\/content\/wp-json\/wp\/v2\/media?parent=81425"}],"curies":[{"name":"wp","href":"https:\/\/api.w.org\/{rel}","templated":true}]}}