{"id":80874,"date":"2024-11-20T12:19:54","date_gmt":"2024-11-20T12:19:54","guid":{"rendered":"https:\/\/content.bengalmeat.com\/?page_id=80874"},"modified":"2024-11-20T12:19:54","modified_gmt":"2024-11-20T12:19:54","slug":"guide-de-conformite-reglementaire-binance-coin-2024-1-8-5-25","status":"publish","type":"page","link":"https:\/\/bengalmeat.com\/content\/guide-de-conformite-reglementaire-binance-coin-2024-1-8-5-25\/","title":{"rendered":"Guide de Conformit\u00e9 R\u00e9glementaire Binance Coin 2024 1.8.5"},"content":{"rendered":"<h1>Guide de Conformit\u00e9 R\u00e9glementaire Binance Coin 2024 1.8.5<\/h1>\n<p><img src='https:\/\/cryptologos.cc\/logos\/bnb-bnb-logo.png' alt='Binance Coin Logo'><\/p>\n<p>This guide provides comprehensive information on regulatory compliance related to <a href='https:\/\/downloadpage.com\/guide-de-conformite-reglementaire-binance-coin-20241.8.5.pdf' target='_blank' rel=\"noopener\">Binance Coin<\/a>. It covers essential topics such as regulatory requirements, best practices, and legal considerations for stakeholders in the cryptocurrency industry.<\/p>\n<p>Download the guide <a href='https:\/\/downloadpage.com\/guide-de-conformite-reglementaire-binance-coin-20241.8.5.pdf' target='_blank' rel=\"noopener\">here<\/a>.<\/p>\n","protected":false},"excerpt":{"rendered":"<p>Guide de Conformit\u00e9 R\u00e9glementaire Binance Coin 2024 1.8.5 This guide provides comprehensive information on regulatory compliance related to Binance Coin. It covers essential topics such as regulatory requirements, best practices, and legal considerations for stakeholders in the cryptocurrency industry. Download the guide here.<\/p>\n","protected":false},"author":1,"featured_media":0,"parent":0,"menu_order":0,"comment_status":"closed","ping_status":"closed","template":"","meta":{"site-sidebar-layout":"default","site-content-layout":"default","ast-main-header-display":"","ast-hfb-above-header-display":"","ast-hfb-below-header-display":"","ast-hfb-mobile-header-display":"","site-post-title":"","ast-breadcrumbs-content":"","ast-featured-img":"","footer-sml-layout":"","theme-transparent-header-meta":"","adv-header-id-meta":"","stick-header-meta":"","header-above-stick-meta":"","header-main-stick-meta":"","header-below-stick-meta":"","footnotes":""},"class_list":["post-80874","page","type-page","status-publish","hentry"],"_links":{"self":[{"href":"https:\/\/bengalmeat.com\/content\/wp-json\/wp\/v2\/pages\/80874","targetHints":{"allow":["GET"]}}],"collection":[{"href":"https:\/\/bengalmeat.com\/content\/wp-json\/wp\/v2\/pages"}],"about":[{"href":"https:\/\/bengalmeat.com\/content\/wp-json\/wp\/v2\/types\/page"}],"author":[{"embeddable":true,"href":"https:\/\/bengalmeat.com\/content\/wp-json\/wp\/v2\/users\/1"}],"replies":[{"embeddable":true,"href":"https:\/\/bengalmeat.com\/content\/wp-json\/wp\/v2\/comments?post=80874"}],"version-history":[{"count":1,"href":"https:\/\/bengalmeat.com\/content\/wp-json\/wp\/v2\/pages\/80874\/revisions"}],"predecessor-version":[{"id":80875,"href":"https:\/\/bengalmeat.com\/content\/wp-json\/wp\/v2\/pages\/80874\/revisions\/80875"}],"wp:attachment":[{"href":"https:\/\/bengalmeat.com\/content\/wp-json\/wp\/v2\/media?parent=80874"}],"curies":[{"name":"wp","href":"https:\/\/api.w.org\/{rel}","templated":true}]}}