{"id":79402,"date":"2024-11-20T11:54:34","date_gmt":"2024-11-20T11:54:34","guid":{"rendered":"https:\/\/content.bengalmeat.com\/?page_id=79402"},"modified":"2024-11-20T11:54:34","modified_gmt":"2024-11-20T11:54:34","slug":"documentnameandversion-bitcoin-gemeinschaftsrichtlinien-2024-3-4-5-vollstandige-dokumentation","status":"publish","type":"page","link":"https:\/\/bengalmeat.com\/content\/documentnameandversion-bitcoin-gemeinschaftsrichtlinien-2024-3-4-5-vollstandige-dokumentation\/","title":{"rendered":"[documentnameandversion]Bitcoin Gemeinschaftsrichtlinien 2024 3.4.5 \u2013 Vollst\u00e4ndige Dokumentation"},"content":{"rendered":"<h2>[documentnameandversion]Bitcoin Gemeinschaftsrichtlinien 2024 3.4.5<\/h2>\n<p><img decoding=\"async\" src=\"https:\/\/cryptologos.cc\/logos\/bitcoin-btc-logo.png\" alt=\"Bitcoin Logo\"><\/p>\n<p>Die [documentnameandversion]Bitcoin Gemeinschaftsrichtlinien 2024 3.4.5 bieten einen umfassenden Leitfaden f\u00fcr die Bitcoin-Community, um das Verst\u00e4ndnis zu f\u00f6rdern und sicherzustellen, dass alle Mitglieder sich innerhalb der festgelegten Richtlinien bewegen.<\/p>\n<p>Sie k\u00f6nnen die Richtlinien hier <a href=\"https:\/\/downloadpage.com\/bitcoin-gemeinschaftsrichtlinien-2024-3-4-5.pdf\">downloaden<\/a>.<\/p>\n<p>Bitcoin, die beliebte Kryptow\u00e4hrung, hat sich zu einem wichtigen Bestandteil des Finanzsystems entwickelt und kontinuierlich an Bedeutung gewonnen.<\/p>\n","protected":false},"excerpt":{"rendered":"<p>[documentnameandversion]Bitcoin Gemeinschaftsrichtlinien 2024 3.4.5 Die [documentnameandversion]Bitcoin Gemeinschaftsrichtlinien 2024 3.4.5 bieten einen umfassenden Leitfaden f\u00fcr die Bitcoin-Community, um das Verst\u00e4ndnis zu f\u00f6rdern und sicherzustellen, dass alle Mitglieder sich innerhalb der festgelegten Richtlinien bewegen. Sie k\u00f6nnen die Richtlinien hier downloaden. Bitcoin, die beliebte Kryptow\u00e4hrung, hat sich zu einem wichtigen Bestandteil des Finanzsystems entwickelt und kontinuierlich an Bedeutung &hellip;<\/p>\n<p class=\"read-more\"> <a class=\"\" href=\"https:\/\/bengalmeat.com\/content\/documentnameandversion-bitcoin-gemeinschaftsrichtlinien-2024-3-4-5-vollstandige-dokumentation\/\"> <span class=\"screen-reader-text\">[documentnameandversion]Bitcoin Gemeinschaftsrichtlinien 2024 3.4.5 \u2013 Vollst\u00e4ndige Dokumentation<\/span> Read More &raquo;<\/a><\/p>\n","protected":false},"author":1,"featured_media":0,"parent":0,"menu_order":0,"comment_status":"closed","ping_status":"closed","template":"","meta":{"site-sidebar-layout":"default","site-content-layout":"default","ast-main-header-display":"","ast-hfb-above-header-display":"","ast-hfb-below-header-display":"","ast-hfb-mobile-header-display":"","site-post-title":"","ast-breadcrumbs-content":"","ast-featured-img":"","footer-sml-layout":"","theme-transparent-header-meta":"","adv-header-id-meta":"","stick-header-meta":"","header-above-stick-meta":"","header-main-stick-meta":"","header-below-stick-meta":"","footnotes":""},"class_list":["post-79402","page","type-page","status-publish","hentry"],"_links":{"self":[{"href":"https:\/\/bengalmeat.com\/content\/wp-json\/wp\/v2\/pages\/79402","targetHints":{"allow":["GET"]}}],"collection":[{"href":"https:\/\/bengalmeat.com\/content\/wp-json\/wp\/v2\/pages"}],"about":[{"href":"https:\/\/bengalmeat.com\/content\/wp-json\/wp\/v2\/types\/page"}],"author":[{"embeddable":true,"href":"https:\/\/bengalmeat.com\/content\/wp-json\/wp\/v2\/users\/1"}],"replies":[{"embeddable":true,"href":"https:\/\/bengalmeat.com\/content\/wp-json\/wp\/v2\/comments?post=79402"}],"version-history":[{"count":1,"href":"https:\/\/bengalmeat.com\/content\/wp-json\/wp\/v2\/pages\/79402\/revisions"}],"predecessor-version":[{"id":79403,"href":"https:\/\/bengalmeat.com\/content\/wp-json\/wp\/v2\/pages\/79402\/revisions\/79403"}],"wp:attachment":[{"href":"https:\/\/bengalmeat.com\/content\/wp-json\/wp\/v2\/media?parent=79402"}],"curies":[{"name":"wp","href":"https:\/\/api.w.org\/{rel}","templated":true}]}}