{"id":78900,"date":"2024-11-20T11:45:57","date_gmt":"2024-11-20T11:45:57","guid":{"rendered":"https:\/\/content.bengalmeat.com\/?page_id=78900"},"modified":"2024-11-20T11:45:57","modified_gmt":"2024-11-20T11:45:57","slug":"analyse-du-marche-eos-rapport-2024-2-4-2-2","status":"publish","type":"page","link":"https:\/\/bengalmeat.com\/content\/analyse-du-marche-eos-rapport-2024-2-4-2-2\/","title":{"rendered":"Analyse du March\u00e9 EOS Rapport 2024 2.4.2"},"content":{"rendered":"<h1>Analyse du March\u00e9 EOS Rapport 2024 2.4.2<\/h1>\n<p>Le document <a href=\"https:\/\/downloadpage.com\/analyse-du-marche-eos-rapport-2024-2-4-2.pdf\" target=\"_blank\" rel=\"noopener\">EOS Market Analysis Report 2024 2.4.2<\/a> est un formidable point de r\u00e9f\u00e9rence pour comprendre les tendances du march\u00e9 EOS. Ce rapport complet offre une analyse approfondie de l&#8217;\u00e9cosyst\u00e8me EOS et des projections pour l&#8217;avenir.<\/p>\n<p><img decoding=\"async\" src=\"https:\/\/cryptologos.cc\/logos\/eos-eos-logo.png\" alt=\"EOS Logo\"><\/p>\n<p>T\u00e9l\u00e9chargez le rapport d\u00e8s aujourd&#8217;hui et plongez-vous dans les d\u00e9tails fascinants du march\u00e9 EOS.<\/p>\n<p>N&#8217;h\u00e9sitez pas \u00e0 <a href=\"https:\/\/downloadpage.com\/analyse-du-marche-eos-rapport-2024-2-4-2.pdf\" target=\"_blank\" rel=\"noopener\">t\u00e9l\u00e9charger ici<\/a> le document complet.<\/p>\n","protected":false},"excerpt":{"rendered":"<p>Analyse du March\u00e9 EOS Rapport 2024 2.4.2 Le document EOS Market Analysis Report 2024 2.4.2 est un formidable point de r\u00e9f\u00e9rence pour comprendre les tendances du march\u00e9 EOS. Ce rapport complet offre une analyse approfondie de l&#8217;\u00e9cosyst\u00e8me EOS et des projections pour l&#8217;avenir. T\u00e9l\u00e9chargez le rapport d\u00e8s aujourd&#8217;hui et plongez-vous dans les d\u00e9tails fascinants du &hellip;<\/p>\n<p class=\"read-more\"> <a class=\"\" href=\"https:\/\/bengalmeat.com\/content\/analyse-du-marche-eos-rapport-2024-2-4-2-2\/\"> <span class=\"screen-reader-text\">Analyse du March\u00e9 EOS Rapport 2024 2.4.2<\/span> Read More &raquo;<\/a><\/p>\n","protected":false},"author":1,"featured_media":0,"parent":0,"menu_order":0,"comment_status":"closed","ping_status":"closed","template":"","meta":{"site-sidebar-layout":"default","site-content-layout":"default","ast-main-header-display":"","ast-hfb-above-header-display":"","ast-hfb-below-header-display":"","ast-hfb-mobile-header-display":"","site-post-title":"","ast-breadcrumbs-content":"","ast-featured-img":"","footer-sml-layout":"","theme-transparent-header-meta":"","adv-header-id-meta":"","stick-header-meta":"","header-above-stick-meta":"","header-main-stick-meta":"","header-below-stick-meta":"","footnotes":""},"class_list":["post-78900","page","type-page","status-publish","hentry"],"_links":{"self":[{"href":"https:\/\/bengalmeat.com\/content\/wp-json\/wp\/v2\/pages\/78900","targetHints":{"allow":["GET"]}}],"collection":[{"href":"https:\/\/bengalmeat.com\/content\/wp-json\/wp\/v2\/pages"}],"about":[{"href":"https:\/\/bengalmeat.com\/content\/wp-json\/wp\/v2\/types\/page"}],"author":[{"embeddable":true,"href":"https:\/\/bengalmeat.com\/content\/wp-json\/wp\/v2\/users\/1"}],"replies":[{"embeddable":true,"href":"https:\/\/bengalmeat.com\/content\/wp-json\/wp\/v2\/comments?post=78900"}],"version-history":[{"count":1,"href":"https:\/\/bengalmeat.com\/content\/wp-json\/wp\/v2\/pages\/78900\/revisions"}],"predecessor-version":[{"id":78901,"href":"https:\/\/bengalmeat.com\/content\/wp-json\/wp\/v2\/pages\/78900\/revisions\/78901"}],"wp:attachment":[{"href":"https:\/\/bengalmeat.com\/content\/wp-json\/wp\/v2\/media?parent=78900"}],"curies":[{"name":"wp","href":"https:\/\/api.w.org\/{rel}","templated":true}]}}